{"id":673,"date":"2025-02-18T12:47:42","date_gmt":"2025-02-18T12:47:42","guid":{"rendered":"https:\/\/falksale.com\/?post_type=product&#038;p=673"},"modified":"2025-03-10T07:44:45","modified_gmt":"2025-03-10T07:44:45","slug":"harvia-electric-heater-spirit-sp90xw","status":"publish","type":"product","link":"https:\/\/falksale.com\/et\/toode\/harvia-electric-heater-spirit-sp90xw\/","title":{"rendered":"Harvia elektrikeris Spirit SP90XW"},"content":{"rendered":"","protected":false},"excerpt":{"rendered":"<p>Soomes disainitud ja toodetud k\u00f5rgekvaliteediline disainkeris on Harvia meistriteos, mis \u00fchendab suurep\u00e4rase saunakogemuse turvalisuse ja usaldusv\u00e4\u00e4rsusega. Kerise konstruktsioon kaitseb sauna struktuure ja loob \u00fchtlase temperatuuri t\u00e4nu unikaalsetele ja diskreetsetele ventilatsiooniavadele. Need avad jahutavad seinakonstruktsioone ja parandavad \u00f5huvoolu l\u00e4bi k\u00fctteelementide, luues saunas \u00fchtlase soojuse. Harvia Spirit elektrikerise kumerad vormid kiirgavad loomulikku disaini. Kerise disain t\u00f5stab esile \u00fcmmargused kivid, luues kaasaegse, kuid elegantse atmosf\u00e4\u00e4ri pehme auruga.<\/p>\n<p>WiFi-ga varustatud kerist on lihtne kasutada. Nagu nimi viitab, on Harvia Spirit saunavaim, mis garanteerib pehme ja meeldiva saunakogemuse. Harvia Spirit keris \u00fchildub enamlevinud juhtseadmetega, kusjuures Harvia Xenio WiFi juhtseadmed ja MyHarvia mobiilirakendus pakuvad parimat ja mitmek\u00fclgseimat kasutajakogemust. Xenio WiFi juhtseadme ja MyHarvia mobiilirakendusega saate juhtida k\u00f5iki funktsioone oma saunas, nagu temperatuur, valgustus ja \u00f5huventilatsioon. Keris sisaldab juhtseadet.<\/p>\n<p><b>Mudel<br \/>\n<\/b>Spirit SP90XW<br \/>\n<b>Power (kW)<\/b><br \/>\n9 kW<br \/>\n<strong>Ruumi suurus:<\/strong><br \/>\n8 m\u00b3 &#8211; 14 m\u00b3<\/p>","protected":false},"featured_media":674,"template":"","meta":[],"product_brand":[],"product_cat":[32],"product_tag":[],"class_list":{"0":"post-673","1":"product","2":"type-product","3":"status-publish","4":"has-post-thumbnail","6":"product_cat-sauna-accessories","7":"product_shipping_class-courier","9":"first","10":"instock","11":"taxable","12":"shipping-taxable","13":"purchasable","14":"product-type-simple"},"yoast_head":"<!-- This site is optimized with the Yoast SEO plugin v24.7 - https:\/\/yoast.com\/wordpress\/plugins\/seo\/ -->\n<title>Harvia electric heater Spirit SP90XW - FALKSALE<\/title>\n<meta name=\"robots\" content=\"index, follow, max-snippet:-1, max-image-preview:large, max-video-preview:-1\" \/>\n<link rel=\"canonical\" href=\"https:\/\/falksale.com\/et\/toode\/harvia-electric-heater-spirit-sp90xw\/\" \/>\n<meta property=\"og:locale\" content=\"et_EE\" \/>\n<meta property=\"og:type\" content=\"article\" \/>\n<meta property=\"og:title\" content=\"Harvia electric heater Spirit SP90XW - FALKSALE\" \/>\n<meta property=\"og:description\" content=\"Designed and manufactured in Finland, the high-quality design heater is a Harvia masterpiece, combining an excellent sauna experience with safety and reliability. The heater\u2019s structure protects the sauna structures and creates an even temperature thanks to unique and discrete ventilation ducts. The ducts cool the wall structures and improve the flow of air through the heating elements, creating an even heat in the sauna. The curved forms of the Harvia Spirit electric sauna heater exude natural design. The heater\u2019s design highlights the round stones, creating a modern but elegant atmosphere with a gentle steam.  Equipped with WiFi, the heater is easy to use. As the name implies, Harvia Spirit is the spirit in your sauna that guarantees a soft and enjoyable sauna experience. The Harvia Spirit heater is compatible with the most common control units, with Harvia Xenio WiFi control units and the MyHarvia mobile application giving the best and most versatile user experience. With the Xenio WiFi control unit and MyHarvia mobile application, you can control all functions in your sauna, such as temperature, lighting and air ventilation. Heater inc. a control unit.  Model Spirit SP90XW Power (kW) 9 kW Room volume 8 m\u00b3 - 14 m\u00b3\" \/>\n<meta property=\"og:url\" content=\"https:\/\/falksale.com\/et\/toode\/harvia-electric-heater-spirit-sp90xw\/\" \/>\n<meta property=\"og:site_name\" content=\"FALKSALE\" \/>\n<meta property=\"article:modified_time\" content=\"2025-03-10T07:44:45+00:00\" \/>\n<meta property=\"og:image\" content=\"https:\/\/falksale.com\/wp-content\/uploads\/2025\/02\/Spirit-SP90XW.png\" \/>\n\t<meta property=\"og:image:width\" content=\"800\" \/>\n\t<meta property=\"og:image:height\" content=\"800\" \/>\n\t<meta property=\"og:image:type\" content=\"image\/png\" \/>\n<meta name=\"twitter:card\" content=\"summary_large_image\" \/>\n<script type=\"application\/ld+json\" class=\"yoast-schema-graph\">{\"@context\":\"https:\/\/schema.org\",\"@graph\":[{\"@type\":\"WebPage\",\"@id\":\"https:\/\/falksale.com\/product\/harvia-electric-heater-spirit-sp90xw\/\",\"url\":\"https:\/\/falksale.com\/product\/harvia-electric-heater-spirit-sp90xw\/\",\"name\":\"Harvia electric heater Spirit SP90XW - FALKSALE\",\"isPartOf\":{\"@id\":\"https:\/\/falksale.com\/#website\"},\"primaryImageOfPage\":{\"@id\":\"https:\/\/falksale.com\/product\/harvia-electric-heater-spirit-sp90xw\/#primaryimage\"},\"image\":{\"@id\":\"https:\/\/falksale.com\/product\/harvia-electric-heater-spirit-sp90xw\/#primaryimage\"},\"thumbnailUrl\":\"https:\/\/falksale.com\/wp-content\/uploads\/2025\/02\/Spirit-SP90XW.png\",\"datePublished\":\"2025-02-18T12:47:42+00:00\",\"dateModified\":\"2025-03-10T07:44:45+00:00\",\"breadcrumb\":{\"@id\":\"https:\/\/falksale.com\/product\/harvia-electric-heater-spirit-sp90xw\/#breadcrumb\"},\"inLanguage\":\"et\",\"potentialAction\":[{\"@type\":\"ReadAction\",\"target\":[\"https:\/\/falksale.com\/product\/harvia-electric-heater-spirit-sp90xw\/\"]}]},{\"@type\":\"ImageObject\",\"inLanguage\":\"et\",\"@id\":\"https:\/\/falksale.com\/product\/harvia-electric-heater-spirit-sp90xw\/#primaryimage\",\"url\":\"https:\/\/falksale.com\/wp-content\/uploads\/2025\/02\/Spirit-SP90XW.png\",\"contentUrl\":\"https:\/\/falksale.com\/wp-content\/uploads\/2025\/02\/Spirit-SP90XW.png\",\"width\":800,\"height\":800,\"caption\":\"Harvia electric heater Spirit SP90XW\"},{\"@type\":\"BreadcrumbList\",\"@id\":\"https:\/\/falksale.com\/product\/harvia-electric-heater-spirit-sp90xw\/#breadcrumb\",\"itemListElement\":[{\"@type\":\"ListItem\",\"position\":1,\"name\":\"Home\",\"item\":\"https:\/\/falksale.com\/\"},{\"@type\":\"ListItem\",\"position\":2,\"name\":\"Shop\",\"item\":\"https:\/\/falksale.com\/shop\/\"},{\"@type\":\"ListItem\",\"position\":3,\"name\":\"Harvia electric heater Spirit SP90XW\"}]},{\"@type\":\"WebSite\",\"@id\":\"https:\/\/falksale.com\/#website\",\"url\":\"https:\/\/falksale.com\/\",\"name\":\"FALKSALE\",\"description\":\"\",\"potentialAction\":[{\"@type\":\"SearchAction\",\"target\":{\"@type\":\"EntryPoint\",\"urlTemplate\":\"https:\/\/falksale.com\/?s={search_term_string}\"},\"query-input\":{\"@type\":\"PropertyValueSpecification\",\"valueRequired\":true,\"valueName\":\"search_term_string\"}}],\"inLanguage\":\"et\"}]}<\/script>\n<!-- \/ Yoast SEO plugin. -->","yoast_head_json":{"title":"Harvia electric heater Spirit SP90XW - FALKSALE","robots":{"index":"index","follow":"follow","max-snippet":"max-snippet:-1","max-image-preview":"max-image-preview:large","max-video-preview":"max-video-preview:-1"},"canonical":"https:\/\/falksale.com\/et\/toode\/harvia-electric-heater-spirit-sp90xw\/","og_locale":"et_EE","og_type":"article","og_title":"Harvia electric heater Spirit SP90XW - FALKSALE","og_description":"Designed and manufactured in Finland, the high-quality design heater is a Harvia masterpiece, combining an excellent sauna experience with safety and reliability. The heater\u2019s structure protects the sauna structures and creates an even temperature thanks to unique and discrete ventilation ducts. The ducts cool the wall structures and improve the flow of air through the heating elements, creating an even heat in the sauna. The curved forms of the Harvia Spirit electric sauna heater exude natural design. The heater\u2019s design highlights the round stones, creating a modern but elegant atmosphere with a gentle steam.  Equipped with WiFi, the heater is easy to use. As the name implies, Harvia Spirit is the spirit in your sauna that guarantees a soft and enjoyable sauna experience. The Harvia Spirit heater is compatible with the most common control units, with Harvia Xenio WiFi control units and the MyHarvia mobile application giving the best and most versatile user experience. With the Xenio WiFi control unit and MyHarvia mobile application, you can control all functions in your sauna, such as temperature, lighting and air ventilation. Heater inc. a control unit.  Model Spirit SP90XW Power (kW) 9 kW Room volume 8 m\u00b3 - 14 m\u00b3","og_url":"https:\/\/falksale.com\/et\/toode\/harvia-electric-heater-spirit-sp90xw\/","og_site_name":"FALKSALE","article_modified_time":"2025-03-10T07:44:45+00:00","og_image":[{"width":800,"height":800,"url":"https:\/\/falksale.com\/wp-content\/uploads\/2025\/02\/Spirit-SP90XW.png","type":"image\/png"}],"twitter_card":"summary_large_image","schema":{"@context":"https:\/\/schema.org","@graph":[{"@type":"WebPage","@id":"https:\/\/falksale.com\/product\/harvia-electric-heater-spirit-sp90xw\/","url":"https:\/\/falksale.com\/product\/harvia-electric-heater-spirit-sp90xw\/","name":"Harvia electric heater Spirit SP90XW - FALKSALE","isPartOf":{"@id":"https:\/\/falksale.com\/#website"},"primaryImageOfPage":{"@id":"https:\/\/falksale.com\/product\/harvia-electric-heater-spirit-sp90xw\/#primaryimage"},"image":{"@id":"https:\/\/falksale.com\/product\/harvia-electric-heater-spirit-sp90xw\/#primaryimage"},"thumbnailUrl":"https:\/\/falksale.com\/wp-content\/uploads\/2025\/02\/Spirit-SP90XW.png","datePublished":"2025-02-18T12:47:42+00:00","dateModified":"2025-03-10T07:44:45+00:00","breadcrumb":{"@id":"https:\/\/falksale.com\/product\/harvia-electric-heater-spirit-sp90xw\/#breadcrumb"},"inLanguage":"et","potentialAction":[{"@type":"ReadAction","target":["https:\/\/falksale.com\/product\/harvia-electric-heater-spirit-sp90xw\/"]}]},{"@type":"ImageObject","inLanguage":"et","@id":"https:\/\/falksale.com\/product\/harvia-electric-heater-spirit-sp90xw\/#primaryimage","url":"https:\/\/falksale.com\/wp-content\/uploads\/2025\/02\/Spirit-SP90XW.png","contentUrl":"https:\/\/falksale.com\/wp-content\/uploads\/2025\/02\/Spirit-SP90XW.png","width":800,"height":800,"caption":"Harvia electric heater Spirit SP90XW"},{"@type":"BreadcrumbList","@id":"https:\/\/falksale.com\/product\/harvia-electric-heater-spirit-sp90xw\/#breadcrumb","itemListElement":[{"@type":"ListItem","position":1,"name":"Home","item":"https:\/\/falksale.com\/"},{"@type":"ListItem","position":2,"name":"Shop","item":"https:\/\/falksale.com\/shop\/"},{"@type":"ListItem","position":3,"name":"Harvia electric heater Spirit SP90XW"}]},{"@type":"WebSite","@id":"https:\/\/falksale.com\/#website","url":"https:\/\/falksale.com\/","name":"FALKSALE","description":"","potentialAction":[{"@type":"SearchAction","target":{"@type":"EntryPoint","urlTemplate":"https:\/\/falksale.com\/?s={search_term_string}"},"query-input":{"@type":"PropertyValueSpecification","valueRequired":true,"valueName":"search_term_string"}}],"inLanguage":"et"}]}},"_links":{"self":[{"href":"https:\/\/falksale.com\/et\/wp-json\/wp\/v2\/product\/673","targetHints":{"allow":["GET"]}}],"collection":[{"href":"https:\/\/falksale.com\/et\/wp-json\/wp\/v2\/product"}],"about":[{"href":"https:\/\/falksale.com\/et\/wp-json\/wp\/v2\/types\/product"}],"wp:featuredmedia":[{"embeddable":true,"href":"https:\/\/falksale.com\/et\/wp-json\/wp\/v2\/media\/674"}],"wp:attachment":[{"href":"https:\/\/falksale.com\/et\/wp-json\/wp\/v2\/media?parent=673"}],"wp:term":[{"taxonomy":"product_brand","embeddable":true,"href":"https:\/\/falksale.com\/et\/wp-json\/wp\/v2\/product_brand?post=673"},{"taxonomy":"product_cat","embeddable":true,"href":"https:\/\/falksale.com\/et\/wp-json\/wp\/v2\/product_cat?post=673"},{"taxonomy":"product_tag","embeddable":true,"href":"https:\/\/falksale.com\/et\/wp-json\/wp\/v2\/product_tag?post=673"}],"curies":[{"name":"wp","href":"https:\/\/api.w.org\/{rel}","templated":true}]}}