{"id":669,"date":"2025-02-18T12:38:47","date_gmt":"2025-02-18T12:38:47","guid":{"rendered":"https:\/\/falksale.com\/?post_type=product&#038;p=669"},"modified":"2025-03-10T07:45:15","modified_gmt":"2025-03-10T07:45:15","slug":"tulikivi-electric-heater-naava-nopile","status":"publish","type":"product","link":"https:\/\/falksale.com\/et\/toode\/tulikivi-electric-heater-naava-nopile\/","title":{"rendered":"Tulikivi elektrikeris Naava Nopile"},"content":{"rendered":"","protected":false},"excerpt":{"rendered":"<p>Tulikivi \u00fcmmargune Naava keris \u00fchendab kompromissitu disaini ja Soome seebikivi k\u00f5rgtehnoloogiaga. Traditsiooniliseks saunask\u00e4imiseks m\u00f5eldud Naava on valmistatud kauni, ribilise seebikivist, mis s\u00e4ilitab soojust t\u00f5husalt ja vabastab seda mugavalt niiske ning \u00fchtlaselt pehme soojusena. Keris on disainitud teenindama saunalisi paljude aastate jooksul ning vastu pidama aja proovile. See on moodne t\u00fckk Soome aluskivimit saunas. Naava sobib eriti h\u00e4sti v\u00e4ikestesse saunadesse ja seda saab integreerida lavade vahele.<\/p>\n<p><b>Mudel<br \/>\n<\/b>Naava Nopile<br \/>\n<b>Power (kW)<\/b><br \/>\n9 kW<br \/>\n<strong>Ruumi suurus:<\/strong><br \/>\n8 m\u00b3 &#8211; 13 m\u00b3<\/p>\n<h4 data-start=\"130\" data-end=\"158\"><strong data-start=\"134\" data-end=\"156\">Omadused:<\/strong><\/h4>\n<ul>\n<li>Uuenduslik Soome disain ja kivi.<\/li>\n<li>T\u00e4nu modulaarsele korpusele saab v\u00e4liskesta h\u00f5lpsalt vahetada.<\/li>\n<li>Ohutu l\u00fchikeselt distantsilt.<\/li>\n<li>T\u00e4nu madalale pinnatemperatuurile on keris ohutu kasutada peredes, kus on lapsed.<\/li>\n<li>Suur kivikamber pakub kestvat, niisket ja pehmet soojust.<\/li>\n<\/ul>\n<p><span lang=\"EN-US\" style=\"text-decoration: none; text-underline: none;\">K\u00f5ik kerised sisaldavad kive, kerisele vastavat juhtpaneeli ja korstent.<\/span><\/p>","protected":false},"featured_media":670,"template":"","meta":[],"product_brand":[],"product_cat":[32],"product_tag":[],"class_list":{"0":"post-669","1":"product","2":"type-product","3":"status-publish","4":"has-post-thumbnail","6":"product_cat-sauna-accessories","7":"product_shipping_class-courier","9":"first","10":"instock","11":"taxable","12":"shipping-taxable","13":"purchasable","14":"product-type-simple"},"yoast_head":"<!-- This site is optimized with the Yoast SEO plugin v24.7 - https:\/\/yoast.com\/wordpress\/plugins\/seo\/ -->\n<title>Tulikivi electric heater Naava Nopile - FALKSALE<\/title>\n<meta name=\"robots\" content=\"index, follow, max-snippet:-1, max-image-preview:large, max-video-preview:-1\" \/>\n<link rel=\"canonical\" href=\"https:\/\/falksale.com\/et\/toode\/tulikivi-electric-heater-naava-nopile\/\" \/>\n<meta property=\"og:locale\" content=\"et_EE\" \/>\n<meta property=\"og:type\" content=\"article\" \/>\n<meta property=\"og:title\" content=\"Tulikivi electric heater Naava Nopile - FALKSALE\" \/>\n<meta property=\"og:description\" content=\"Tulikivi\u2019s round Naava heater combines uncompromising design and Finnish soapstone with high technology. Intended for traditional sauna bathing, the Naava is made of beautiful, ribbed soapstone that retains heat effectively and releases it as comfortably humid and evenly soft heat. The heater is designed to serve sauna-goers for many years and to withstand the test of time. It is a modern piece of Finnish bedrock in the sauna. The Naava is especially suitable for small saunas and can be integrated into the benches.  Model Naava Nopile Power (kW) 9 kW Room volume 8 m\u00b3 - 13 m\u00b3 Features:   Innovative Finnish design and stone.  Thanks to the modular body, the cladding can be easily changed.  Small safety distances.  Thanks to the low surface temperature, the heater is safe to use in families with children.  The large stone compartment provides lasting, humid and soft heat.  All heaters include stones, a control panel according to the heater, and a chimney.\" \/>\n<meta property=\"og:url\" content=\"https:\/\/falksale.com\/et\/toode\/tulikivi-electric-heater-naava-nopile\/\" \/>\n<meta property=\"og:site_name\" content=\"FALKSALE\" \/>\n<meta property=\"article:modified_time\" content=\"2025-03-10T07:45:15+00:00\" \/>\n<meta property=\"og:image\" content=\"https:\/\/falksale.com\/wp-content\/uploads\/2025\/02\/Tulikivi-Naava-Nopile.png\" \/>\n\t<meta property=\"og:image:width\" content=\"800\" \/>\n\t<meta property=\"og:image:height\" content=\"800\" \/>\n\t<meta property=\"og:image:type\" content=\"image\/png\" \/>\n<meta name=\"twitter:card\" content=\"summary_large_image\" \/>\n<script type=\"application\/ld+json\" class=\"yoast-schema-graph\">{\"@context\":\"https:\/\/schema.org\",\"@graph\":[{\"@type\":\"WebPage\",\"@id\":\"https:\/\/falksale.com\/product\/tulikivi-electric-heater-naava-nopile\/\",\"url\":\"https:\/\/falksale.com\/product\/tulikivi-electric-heater-naava-nopile\/\",\"name\":\"Tulikivi electric heater Naava Nopile - FALKSALE\",\"isPartOf\":{\"@id\":\"https:\/\/falksale.com\/#website\"},\"primaryImageOfPage\":{\"@id\":\"https:\/\/falksale.com\/product\/tulikivi-electric-heater-naava-nopile\/#primaryimage\"},\"image\":{\"@id\":\"https:\/\/falksale.com\/product\/tulikivi-electric-heater-naava-nopile\/#primaryimage\"},\"thumbnailUrl\":\"https:\/\/falksale.com\/wp-content\/uploads\/2025\/02\/Tulikivi-Naava-Nopile.png\",\"datePublished\":\"2025-02-18T12:38:47+00:00\",\"dateModified\":\"2025-03-10T07:45:15+00:00\",\"breadcrumb\":{\"@id\":\"https:\/\/falksale.com\/product\/tulikivi-electric-heater-naava-nopile\/#breadcrumb\"},\"inLanguage\":\"et\",\"potentialAction\":[{\"@type\":\"ReadAction\",\"target\":[\"https:\/\/falksale.com\/product\/tulikivi-electric-heater-naava-nopile\/\"]}]},{\"@type\":\"ImageObject\",\"inLanguage\":\"et\",\"@id\":\"https:\/\/falksale.com\/product\/tulikivi-electric-heater-naava-nopile\/#primaryimage\",\"url\":\"https:\/\/falksale.com\/wp-content\/uploads\/2025\/02\/Tulikivi-Naava-Nopile.png\",\"contentUrl\":\"https:\/\/falksale.com\/wp-content\/uploads\/2025\/02\/Tulikivi-Naava-Nopile.png\",\"width\":800,\"height\":800,\"caption\":\"Tulikivi electric heater Naava Nopile\"},{\"@type\":\"BreadcrumbList\",\"@id\":\"https:\/\/falksale.com\/product\/tulikivi-electric-heater-naava-nopile\/#breadcrumb\",\"itemListElement\":[{\"@type\":\"ListItem\",\"position\":1,\"name\":\"Home\",\"item\":\"https:\/\/falksale.com\/\"},{\"@type\":\"ListItem\",\"position\":2,\"name\":\"Shop\",\"item\":\"https:\/\/falksale.com\/shop\/\"},{\"@type\":\"ListItem\",\"position\":3,\"name\":\"Tulikivi electric heater Naava Nopile\"}]},{\"@type\":\"WebSite\",\"@id\":\"https:\/\/falksale.com\/#website\",\"url\":\"https:\/\/falksale.com\/\",\"name\":\"FALKSALE\",\"description\":\"\",\"potentialAction\":[{\"@type\":\"SearchAction\",\"target\":{\"@type\":\"EntryPoint\",\"urlTemplate\":\"https:\/\/falksale.com\/?s={search_term_string}\"},\"query-input\":{\"@type\":\"PropertyValueSpecification\",\"valueRequired\":true,\"valueName\":\"search_term_string\"}}],\"inLanguage\":\"et\"}]}<\/script>\n<!-- \/ Yoast SEO plugin. -->","yoast_head_json":{"title":"Tulikivi electric heater Naava Nopile - FALKSALE","robots":{"index":"index","follow":"follow","max-snippet":"max-snippet:-1","max-image-preview":"max-image-preview:large","max-video-preview":"max-video-preview:-1"},"canonical":"https:\/\/falksale.com\/et\/toode\/tulikivi-electric-heater-naava-nopile\/","og_locale":"et_EE","og_type":"article","og_title":"Tulikivi electric heater Naava Nopile - FALKSALE","og_description":"Tulikivi\u2019s round Naava heater combines uncompromising design and Finnish soapstone with high technology. Intended for traditional sauna bathing, the Naava is made of beautiful, ribbed soapstone that retains heat effectively and releases it as comfortably humid and evenly soft heat. The heater is designed to serve sauna-goers for many years and to withstand the test of time. It is a modern piece of Finnish bedrock in the sauna. The Naava is especially suitable for small saunas and can be integrated into the benches.  Model Naava Nopile Power (kW) 9 kW Room volume 8 m\u00b3 - 13 m\u00b3 Features:   Innovative Finnish design and stone.  Thanks to the modular body, the cladding can be easily changed.  Small safety distances.  Thanks to the low surface temperature, the heater is safe to use in families with children.  The large stone compartment provides lasting, humid and soft heat.  All heaters include stones, a control panel according to the heater, and a chimney.","og_url":"https:\/\/falksale.com\/et\/toode\/tulikivi-electric-heater-naava-nopile\/","og_site_name":"FALKSALE","article_modified_time":"2025-03-10T07:45:15+00:00","og_image":[{"width":800,"height":800,"url":"https:\/\/falksale.com\/wp-content\/uploads\/2025\/02\/Tulikivi-Naava-Nopile.png","type":"image\/png"}],"twitter_card":"summary_large_image","schema":{"@context":"https:\/\/schema.org","@graph":[{"@type":"WebPage","@id":"https:\/\/falksale.com\/product\/tulikivi-electric-heater-naava-nopile\/","url":"https:\/\/falksale.com\/product\/tulikivi-electric-heater-naava-nopile\/","name":"Tulikivi electric heater Naava Nopile - FALKSALE","isPartOf":{"@id":"https:\/\/falksale.com\/#website"},"primaryImageOfPage":{"@id":"https:\/\/falksale.com\/product\/tulikivi-electric-heater-naava-nopile\/#primaryimage"},"image":{"@id":"https:\/\/falksale.com\/product\/tulikivi-electric-heater-naava-nopile\/#primaryimage"},"thumbnailUrl":"https:\/\/falksale.com\/wp-content\/uploads\/2025\/02\/Tulikivi-Naava-Nopile.png","datePublished":"2025-02-18T12:38:47+00:00","dateModified":"2025-03-10T07:45:15+00:00","breadcrumb":{"@id":"https:\/\/falksale.com\/product\/tulikivi-electric-heater-naava-nopile\/#breadcrumb"},"inLanguage":"et","potentialAction":[{"@type":"ReadAction","target":["https:\/\/falksale.com\/product\/tulikivi-electric-heater-naava-nopile\/"]}]},{"@type":"ImageObject","inLanguage":"et","@id":"https:\/\/falksale.com\/product\/tulikivi-electric-heater-naava-nopile\/#primaryimage","url":"https:\/\/falksale.com\/wp-content\/uploads\/2025\/02\/Tulikivi-Naava-Nopile.png","contentUrl":"https:\/\/falksale.com\/wp-content\/uploads\/2025\/02\/Tulikivi-Naava-Nopile.png","width":800,"height":800,"caption":"Tulikivi electric heater Naava Nopile"},{"@type":"BreadcrumbList","@id":"https:\/\/falksale.com\/product\/tulikivi-electric-heater-naava-nopile\/#breadcrumb","itemListElement":[{"@type":"ListItem","position":1,"name":"Home","item":"https:\/\/falksale.com\/"},{"@type":"ListItem","position":2,"name":"Shop","item":"https:\/\/falksale.com\/shop\/"},{"@type":"ListItem","position":3,"name":"Tulikivi electric heater Naava Nopile"}]},{"@type":"WebSite","@id":"https:\/\/falksale.com\/#website","url":"https:\/\/falksale.com\/","name":"FALKSALE","description":"","potentialAction":[{"@type":"SearchAction","target":{"@type":"EntryPoint","urlTemplate":"https:\/\/falksale.com\/?s={search_term_string}"},"query-input":{"@type":"PropertyValueSpecification","valueRequired":true,"valueName":"search_term_string"}}],"inLanguage":"et"}]}},"_links":{"self":[{"href":"https:\/\/falksale.com\/et\/wp-json\/wp\/v2\/product\/669","targetHints":{"allow":["GET"]}}],"collection":[{"href":"https:\/\/falksale.com\/et\/wp-json\/wp\/v2\/product"}],"about":[{"href":"https:\/\/falksale.com\/et\/wp-json\/wp\/v2\/types\/product"}],"wp:featuredmedia":[{"embeddable":true,"href":"https:\/\/falksale.com\/et\/wp-json\/wp\/v2\/media\/670"}],"wp:attachment":[{"href":"https:\/\/falksale.com\/et\/wp-json\/wp\/v2\/media?parent=669"}],"wp:term":[{"taxonomy":"product_brand","embeddable":true,"href":"https:\/\/falksale.com\/et\/wp-json\/wp\/v2\/product_brand?post=669"},{"taxonomy":"product_cat","embeddable":true,"href":"https:\/\/falksale.com\/et\/wp-json\/wp\/v2\/product_cat?post=669"},{"taxonomy":"product_tag","embeddable":true,"href":"https:\/\/falksale.com\/et\/wp-json\/wp\/v2\/product_tag?post=669"}],"curies":[{"name":"wp","href":"https:\/\/api.w.org\/{rel}","templated":true}]}}