{"id":668,"date":"2025-02-18T12:36:49","date_gmt":"2025-02-18T12:36:49","guid":{"rendered":"https:\/\/falksale.com\/?post_type=product&#038;p=668"},"modified":"2025-03-10T07:44:54","modified_gmt":"2025-03-10T07:44:54","slug":"electric-heater-harvia-bc60","status":"publish","type":"product","link":"https:\/\/falksale.com\/et\/toode\/electric-heater-harvia-bc60\/","title":{"rendered":"Elektrikeris Harvia BC60"},"content":{"rendered":"","protected":false},"excerpt":{"rendered":"<p>Harvia on elegantne ja lihtsalt kasutatav saunakeris. Kerise roostevabast terasest v\u00e4liskest annab saunale kaasaegse v\u00e4limuse. BC60 paigaldamine on samuti lihtne: keris kinnitatakse eraldi seinakinnituse k\u00fclge. T\u00e4nu s\u00fcmmeetrilisele disainile saab kerise juhtseadmed h\u00f5lpsasti paigutada kas paremale v\u00f5i vasakule. Elektri\u00fchendused tehakse kerise k\u00fcljel, mis teeb paigaldamise lihtsaks.<\/p>\n<p>BC60 konstruktsioon v\u00f5imaldab paigaldada kerise sauna seinale madalale. See v\u00f5imaldab soojusel saunas \u00fchtlaselt levida, andes palju soojust ka alumistele lavadele.<\/p>\n<p><b>Mudel<br \/>\n<\/b>BC60<\/p>\n<p><b>V\u00f5imsus (kW):<\/b><br \/>\n6 kW<\/p>\n<p><strong>Ruumi suurus:<\/strong><br \/>\n6 m\u00b3 &#8211; 14 m\u00b3<\/p>\n<p><span lang=\"EN-US\" style=\"text-decoration: none; text-underline: none;\">K\u00f5ik kerised sisaldavad kive, kerisele vastavat juhtpaneeli ja korstent.<\/span><\/p>","protected":false},"featured_media":666,"template":"","meta":[],"product_brand":[],"product_cat":[32],"product_tag":[],"class_list":{"0":"post-668","1":"product","2":"type-product","3":"status-publish","4":"has-post-thumbnail","6":"product_cat-sauna-accessories","7":"product_shipping_class-courier","9":"first","10":"instock","11":"taxable","12":"shipping-taxable","13":"purchasable","14":"product-type-simple"},"yoast_head":"<!-- This site is optimized with the Yoast SEO plugin v24.7 - https:\/\/yoast.com\/wordpress\/plugins\/seo\/ -->\n<title>Electric heater Harvia BC60 - FALKSALE<\/title>\n<meta name=\"robots\" content=\"index, follow, max-snippet:-1, max-image-preview:large, max-video-preview:-1\" \/>\n<link rel=\"canonical\" href=\"https:\/\/falksale.com\/et\/toode\/electric-heater-harvia-bc60\/\" \/>\n<meta property=\"og:locale\" content=\"et_EE\" \/>\n<meta property=\"og:type\" content=\"article\" \/>\n<meta property=\"og:title\" content=\"Electric heater Harvia BC60 - FALKSALE\" \/>\n<meta property=\"og:description\" content=\"Harvia is an elegant sauna heater that is easy to use. The stainless-steel outer casing of the heater gives the sauna a modern look.\u00a0Installation of BC60 is also easy: the heater is attached to a separate wall frame. Due to the symmetrical design, the heater controls can be easily positioned to the right or left. Electrical connections are made on the side of the heater, which makes installation easy.  The structure of BC60 makes it possible to install the heater low on the sauna wall. This allows the heat to spread evenly in the sauna, giving a lot of heat to the lower benches as well.  Model BC60  Power (kW): 6 kW  Room volume 6 m\u00b3 - 14 m\u00b3  All heaters include stones, a control panel according to the heater, and a chimney.\" \/>\n<meta property=\"og:url\" content=\"https:\/\/falksale.com\/et\/toode\/electric-heater-harvia-bc60\/\" \/>\n<meta property=\"og:site_name\" content=\"FALKSALE\" \/>\n<meta property=\"article:modified_time\" content=\"2025-03-10T07:44:54+00:00\" \/>\n<meta property=\"og:image\" content=\"https:\/\/falksale.com\/wp-content\/uploads\/2025\/02\/bc60.png\" \/>\n\t<meta property=\"og:image:width\" content=\"800\" \/>\n\t<meta property=\"og:image:height\" content=\"800\" \/>\n\t<meta property=\"og:image:type\" content=\"image\/png\" \/>\n<meta name=\"twitter:card\" content=\"summary_large_image\" \/>\n<script type=\"application\/ld+json\" class=\"yoast-schema-graph\">{\"@context\":\"https:\/\/schema.org\",\"@graph\":[{\"@type\":\"WebPage\",\"@id\":\"https:\/\/falksale.com\/product\/electric-heater-harvia-bc60\/\",\"url\":\"https:\/\/falksale.com\/product\/electric-heater-harvia-bc60\/\",\"name\":\"Electric heater Harvia BC60 - FALKSALE\",\"isPartOf\":{\"@id\":\"https:\/\/falksale.com\/#website\"},\"primaryImageOfPage\":{\"@id\":\"https:\/\/falksale.com\/product\/electric-heater-harvia-bc60\/#primaryimage\"},\"image\":{\"@id\":\"https:\/\/falksale.com\/product\/electric-heater-harvia-bc60\/#primaryimage\"},\"thumbnailUrl\":\"https:\/\/falksale.com\/wp-content\/uploads\/2025\/02\/bc60.png\",\"datePublished\":\"2025-02-18T12:36:49+00:00\",\"dateModified\":\"2025-03-10T07:44:54+00:00\",\"breadcrumb\":{\"@id\":\"https:\/\/falksale.com\/product\/electric-heater-harvia-bc60\/#breadcrumb\"},\"inLanguage\":\"et\",\"potentialAction\":[{\"@type\":\"ReadAction\",\"target\":[\"https:\/\/falksale.com\/product\/electric-heater-harvia-bc60\/\"]}]},{\"@type\":\"ImageObject\",\"inLanguage\":\"et\",\"@id\":\"https:\/\/falksale.com\/product\/electric-heater-harvia-bc60\/#primaryimage\",\"url\":\"https:\/\/falksale.com\/wp-content\/uploads\/2025\/02\/bc60.png\",\"contentUrl\":\"https:\/\/falksale.com\/wp-content\/uploads\/2025\/02\/bc60.png\",\"width\":800,\"height\":800,\"caption\":\"Electric heater HARVIA BC60\"},{\"@type\":\"BreadcrumbList\",\"@id\":\"https:\/\/falksale.com\/product\/electric-heater-harvia-bc60\/#breadcrumb\",\"itemListElement\":[{\"@type\":\"ListItem\",\"position\":1,\"name\":\"Home\",\"item\":\"https:\/\/falksale.com\/\"},{\"@type\":\"ListItem\",\"position\":2,\"name\":\"Shop\",\"item\":\"https:\/\/falksale.com\/shop\/\"},{\"@type\":\"ListItem\",\"position\":3,\"name\":\"Electric heater Harvia BC60\"}]},{\"@type\":\"WebSite\",\"@id\":\"https:\/\/falksale.com\/#website\",\"url\":\"https:\/\/falksale.com\/\",\"name\":\"FALKSALE\",\"description\":\"\",\"potentialAction\":[{\"@type\":\"SearchAction\",\"target\":{\"@type\":\"EntryPoint\",\"urlTemplate\":\"https:\/\/falksale.com\/?s={search_term_string}\"},\"query-input\":{\"@type\":\"PropertyValueSpecification\",\"valueRequired\":true,\"valueName\":\"search_term_string\"}}],\"inLanguage\":\"et\"}]}<\/script>\n<!-- \/ Yoast SEO plugin. -->","yoast_head_json":{"title":"Electric heater Harvia BC60 - FALKSALE","robots":{"index":"index","follow":"follow","max-snippet":"max-snippet:-1","max-image-preview":"max-image-preview:large","max-video-preview":"max-video-preview:-1"},"canonical":"https:\/\/falksale.com\/et\/toode\/electric-heater-harvia-bc60\/","og_locale":"et_EE","og_type":"article","og_title":"Electric heater Harvia BC60 - FALKSALE","og_description":"Harvia is an elegant sauna heater that is easy to use. The stainless-steel outer casing of the heater gives the sauna a modern look.\u00a0Installation of BC60 is also easy: the heater is attached to a separate wall frame. Due to the symmetrical design, the heater controls can be easily positioned to the right or left. Electrical connections are made on the side of the heater, which makes installation easy.  The structure of BC60 makes it possible to install the heater low on the sauna wall. This allows the heat to spread evenly in the sauna, giving a lot of heat to the lower benches as well.  Model BC60  Power (kW): 6 kW  Room volume 6 m\u00b3 - 14 m\u00b3  All heaters include stones, a control panel according to the heater, and a chimney.","og_url":"https:\/\/falksale.com\/et\/toode\/electric-heater-harvia-bc60\/","og_site_name":"FALKSALE","article_modified_time":"2025-03-10T07:44:54+00:00","og_image":[{"width":800,"height":800,"url":"https:\/\/falksale.com\/wp-content\/uploads\/2025\/02\/bc60.png","type":"image\/png"}],"twitter_card":"summary_large_image","schema":{"@context":"https:\/\/schema.org","@graph":[{"@type":"WebPage","@id":"https:\/\/falksale.com\/product\/electric-heater-harvia-bc60\/","url":"https:\/\/falksale.com\/product\/electric-heater-harvia-bc60\/","name":"Electric heater Harvia BC60 - FALKSALE","isPartOf":{"@id":"https:\/\/falksale.com\/#website"},"primaryImageOfPage":{"@id":"https:\/\/falksale.com\/product\/electric-heater-harvia-bc60\/#primaryimage"},"image":{"@id":"https:\/\/falksale.com\/product\/electric-heater-harvia-bc60\/#primaryimage"},"thumbnailUrl":"https:\/\/falksale.com\/wp-content\/uploads\/2025\/02\/bc60.png","datePublished":"2025-02-18T12:36:49+00:00","dateModified":"2025-03-10T07:44:54+00:00","breadcrumb":{"@id":"https:\/\/falksale.com\/product\/electric-heater-harvia-bc60\/#breadcrumb"},"inLanguage":"et","potentialAction":[{"@type":"ReadAction","target":["https:\/\/falksale.com\/product\/electric-heater-harvia-bc60\/"]}]},{"@type":"ImageObject","inLanguage":"et","@id":"https:\/\/falksale.com\/product\/electric-heater-harvia-bc60\/#primaryimage","url":"https:\/\/falksale.com\/wp-content\/uploads\/2025\/02\/bc60.png","contentUrl":"https:\/\/falksale.com\/wp-content\/uploads\/2025\/02\/bc60.png","width":800,"height":800,"caption":"Electric heater HARVIA BC60"},{"@type":"BreadcrumbList","@id":"https:\/\/falksale.com\/product\/electric-heater-harvia-bc60\/#breadcrumb","itemListElement":[{"@type":"ListItem","position":1,"name":"Home","item":"https:\/\/falksale.com\/"},{"@type":"ListItem","position":2,"name":"Shop","item":"https:\/\/falksale.com\/shop\/"},{"@type":"ListItem","position":3,"name":"Electric heater Harvia BC60"}]},{"@type":"WebSite","@id":"https:\/\/falksale.com\/#website","url":"https:\/\/falksale.com\/","name":"FALKSALE","description":"","potentialAction":[{"@type":"SearchAction","target":{"@type":"EntryPoint","urlTemplate":"https:\/\/falksale.com\/?s={search_term_string}"},"query-input":{"@type":"PropertyValueSpecification","valueRequired":true,"valueName":"search_term_string"}}],"inLanguage":"et"}]}},"_links":{"self":[{"href":"https:\/\/falksale.com\/et\/wp-json\/wp\/v2\/product\/668","targetHints":{"allow":["GET"]}}],"collection":[{"href":"https:\/\/falksale.com\/et\/wp-json\/wp\/v2\/product"}],"about":[{"href":"https:\/\/falksale.com\/et\/wp-json\/wp\/v2\/types\/product"}],"wp:featuredmedia":[{"embeddable":true,"href":"https:\/\/falksale.com\/et\/wp-json\/wp\/v2\/media\/666"}],"wp:attachment":[{"href":"https:\/\/falksale.com\/et\/wp-json\/wp\/v2\/media?parent=668"}],"wp:term":[{"taxonomy":"product_brand","embeddable":true,"href":"https:\/\/falksale.com\/et\/wp-json\/wp\/v2\/product_brand?post=668"},{"taxonomy":"product_cat","embeddable":true,"href":"https:\/\/falksale.com\/et\/wp-json\/wp\/v2\/product_cat?post=668"},{"taxonomy":"product_tag","embeddable":true,"href":"https:\/\/falksale.com\/et\/wp-json\/wp\/v2\/product_tag?post=668"}],"curies":[{"name":"wp","href":"https:\/\/api.w.org\/{rel}","templated":true}]}}