{"id":665,"date":"2025-02-18T12:30:40","date_gmt":"2025-02-18T12:30:40","guid":{"rendered":"https:\/\/falksale.com\/?post_type=product&#038;p=665"},"modified":"2025-03-10T07:44:52","modified_gmt":"2025-03-10T07:44:52","slug":"electric-heater-harvia-sw80","status":"publish","type":"product","link":"https:\/\/falksale.com\/et\/toode\/electric-heater-harvia-sw80\/","title":{"rendered":"Elektrikeris Harvia SW80"},"content":{"rendered":"","protected":false},"excerpt":{"rendered":"<p>Harvia The Wall keris uhkustab puhta, voolujoonelise disainiga, mis peegeldab Skandinaavia minimalismi. Vaatamata v\u00f5imsusele kuni 9 kW vajab The Wall saunas vaid v\u00e4he ruumi.<\/p>\n<p>See keris on loodud keskendudes funktsionaalsusele. Kerise saab paigaldada nii vasaku- kui ka paremak\u00e4elisena. Ergonoomilised ja valgustatud juhtimisnupud on n\u00e4htavad ja lihtsasti kasutatavad isegi h\u00e4maras saunas.<\/p>\n<p>The Wall'i konstruktsioon ja materjalid on tugevad ja vastupidavad. Selle k\u00fctteelemendid omavad eraldi tugistruktuuri, mis kaitseb neid, takistades nende v\u00e4\u00e4ndumist ja pikendades nii eluiga. Komponendid asuvad kerise p\u00f5hjas, et kaitsta neid kuumuse ja niiskuse eest. K\u00fctteelemendi konstruktsioon on projekteeritud taluma pikka ja t\u00f5husat k\u00fctmist.<\/p>\n<p>Tarnekomplekti kuuluv unikaalne Harvia kinnitusraam\/seinakinnitus m\u00e4\u00e4rab minimaalse ohutusvahemaa kerise ja p\u00f5randa vahel. Kerise paigaldamine on kiire ja lihtne.<\/p>\n<p><b>Mudel<br \/>\n<\/b>SW80<\/p>\n<p><b>V\u00f5imsus (kW):<\/b><br \/>\n8 kW<\/p>\n<p><strong>Ruumi suurus:<\/strong><br \/>\n7 m\u00b3 &#8211; 12 m\u00b3<\/p>\n<p><span lang=\"EN-US\" style=\"text-decoration: none; text-underline: none;\">K\u00f5ik kerised sisaldavad kive, kerisele vastavat juhtpaneeli ja korstent.<\/span><\/p>","protected":false},"featured_media":667,"template":"","meta":[],"product_brand":[],"product_cat":[32],"product_tag":[],"class_list":{"0":"post-665","1":"product","2":"type-product","3":"status-publish","4":"has-post-thumbnail","6":"product_cat-sauna-accessories","7":"product_shipping_class-courier","9":"first","10":"instock","11":"taxable","12":"shipping-taxable","13":"purchasable","14":"product-type-simple"},"yoast_head":"<!-- This site is optimized with the Yoast SEO plugin v24.7 - https:\/\/yoast.com\/wordpress\/plugins\/seo\/ -->\n<title>Electric heater Harvia SW80 - FALKSALE<\/title>\n<meta name=\"robots\" content=\"index, follow, max-snippet:-1, max-image-preview:large, max-video-preview:-1\" \/>\n<link rel=\"canonical\" href=\"https:\/\/falksale.com\/et\/toode\/electric-heater-harvia-sw80\/\" \/>\n<meta property=\"og:locale\" content=\"et_EE\" \/>\n<meta property=\"og:type\" content=\"article\" \/>\n<meta property=\"og:title\" content=\"Electric heater Harvia SW80 - FALKSALE\" \/>\n<meta property=\"og:description\" content=\"Harvia The Wall heater boasts a clean, streamlined design that reflects Scandinavian minimalism. Despite its output of up to 9 kW, The Wall requires only little space inside the sauna.  This heater was created with a focus on functionality. The heater can be installed in both left and right-handed directions. Ergonomic and illuminated operating switches are visible and simple to use even in dimly lit saunas.  The Wall\u2019s structures and material are strong and durable. Its heating elements have their own support structure to protect them, preventing them from twisting and thus extending their lifespan. Components are located at the bottom of the heater to protect them from heat and moisture. The heating element\u2019s structure is designed to withstand Prolonged, efficient heating.  The unique Harvia mounting\/wall rack included in the delivery determines the minimum safety distance between the heater and the floor. Installation of the heater is quick and easy.  Model SW80  Power (kW): 8 kW  Room volume 7 m\u00b3 - 12 m\u00b3  All heaters include stones, a control panel according to the heater, and a chimney.\" \/>\n<meta property=\"og:url\" content=\"https:\/\/falksale.com\/et\/toode\/electric-heater-harvia-sw80\/\" \/>\n<meta property=\"og:site_name\" content=\"FALKSALE\" \/>\n<meta property=\"article:modified_time\" content=\"2025-03-10T07:44:52+00:00\" \/>\n<meta property=\"og:image\" content=\"https:\/\/falksale.com\/wp-content\/uploads\/2025\/02\/sw80.png\" \/>\n\t<meta property=\"og:image:width\" content=\"800\" \/>\n\t<meta property=\"og:image:height\" content=\"800\" \/>\n\t<meta property=\"og:image:type\" content=\"image\/png\" \/>\n<meta name=\"twitter:card\" content=\"summary_large_image\" \/>\n<script type=\"application\/ld+json\" class=\"yoast-schema-graph\">{\"@context\":\"https:\/\/schema.org\",\"@graph\":[{\"@type\":\"WebPage\",\"@id\":\"https:\/\/falksale.com\/product\/electric-heater-harvia-sw80\/\",\"url\":\"https:\/\/falksale.com\/product\/electric-heater-harvia-sw80\/\",\"name\":\"Electric heater Harvia SW80 - FALKSALE\",\"isPartOf\":{\"@id\":\"https:\/\/falksale.com\/#website\"},\"primaryImageOfPage\":{\"@id\":\"https:\/\/falksale.com\/product\/electric-heater-harvia-sw80\/#primaryimage\"},\"image\":{\"@id\":\"https:\/\/falksale.com\/product\/electric-heater-harvia-sw80\/#primaryimage\"},\"thumbnailUrl\":\"https:\/\/falksale.com\/wp-content\/uploads\/2025\/02\/sw80.png\",\"datePublished\":\"2025-02-18T12:30:40+00:00\",\"dateModified\":\"2025-03-10T07:44:52+00:00\",\"breadcrumb\":{\"@id\":\"https:\/\/falksale.com\/product\/electric-heater-harvia-sw80\/#breadcrumb\"},\"inLanguage\":\"et\",\"potentialAction\":[{\"@type\":\"ReadAction\",\"target\":[\"https:\/\/falksale.com\/product\/electric-heater-harvia-sw80\/\"]}]},{\"@type\":\"ImageObject\",\"inLanguage\":\"et\",\"@id\":\"https:\/\/falksale.com\/product\/electric-heater-harvia-sw80\/#primaryimage\",\"url\":\"https:\/\/falksale.com\/wp-content\/uploads\/2025\/02\/sw80.png\",\"contentUrl\":\"https:\/\/falksale.com\/wp-content\/uploads\/2025\/02\/sw80.png\",\"width\":800,\"height\":800,\"caption\":\"Electric heater Harvia SW80\"},{\"@type\":\"BreadcrumbList\",\"@id\":\"https:\/\/falksale.com\/product\/electric-heater-harvia-sw80\/#breadcrumb\",\"itemListElement\":[{\"@type\":\"ListItem\",\"position\":1,\"name\":\"Home\",\"item\":\"https:\/\/falksale.com\/\"},{\"@type\":\"ListItem\",\"position\":2,\"name\":\"Shop\",\"item\":\"https:\/\/falksale.com\/shop\/\"},{\"@type\":\"ListItem\",\"position\":3,\"name\":\"Electric heater Harvia SW80\"}]},{\"@type\":\"WebSite\",\"@id\":\"https:\/\/falksale.com\/#website\",\"url\":\"https:\/\/falksale.com\/\",\"name\":\"FALKSALE\",\"description\":\"\",\"potentialAction\":[{\"@type\":\"SearchAction\",\"target\":{\"@type\":\"EntryPoint\",\"urlTemplate\":\"https:\/\/falksale.com\/?s={search_term_string}\"},\"query-input\":{\"@type\":\"PropertyValueSpecification\",\"valueRequired\":true,\"valueName\":\"search_term_string\"}}],\"inLanguage\":\"et\"}]}<\/script>\n<!-- \/ Yoast SEO plugin. -->","yoast_head_json":{"title":"Electric heater Harvia SW80 - FALKSALE","robots":{"index":"index","follow":"follow","max-snippet":"max-snippet:-1","max-image-preview":"max-image-preview:large","max-video-preview":"max-video-preview:-1"},"canonical":"https:\/\/falksale.com\/et\/toode\/electric-heater-harvia-sw80\/","og_locale":"et_EE","og_type":"article","og_title":"Electric heater Harvia SW80 - FALKSALE","og_description":"Harvia The Wall heater boasts a clean, streamlined design that reflects Scandinavian minimalism. Despite its output of up to 9 kW, The Wall requires only little space inside the sauna.  This heater was created with a focus on functionality. The heater can be installed in both left and right-handed directions. Ergonomic and illuminated operating switches are visible and simple to use even in dimly lit saunas.  The Wall\u2019s structures and material are strong and durable. Its heating elements have their own support structure to protect them, preventing them from twisting and thus extending their lifespan. Components are located at the bottom of the heater to protect them from heat and moisture. The heating element\u2019s structure is designed to withstand Prolonged, efficient heating.  The unique Harvia mounting\/wall rack included in the delivery determines the minimum safety distance between the heater and the floor. Installation of the heater is quick and easy.  Model SW80  Power (kW): 8 kW  Room volume 7 m\u00b3 - 12 m\u00b3  All heaters include stones, a control panel according to the heater, and a chimney.","og_url":"https:\/\/falksale.com\/et\/toode\/electric-heater-harvia-sw80\/","og_site_name":"FALKSALE","article_modified_time":"2025-03-10T07:44:52+00:00","og_image":[{"width":800,"height":800,"url":"https:\/\/falksale.com\/wp-content\/uploads\/2025\/02\/sw80.png","type":"image\/png"}],"twitter_card":"summary_large_image","schema":{"@context":"https:\/\/schema.org","@graph":[{"@type":"WebPage","@id":"https:\/\/falksale.com\/product\/electric-heater-harvia-sw80\/","url":"https:\/\/falksale.com\/product\/electric-heater-harvia-sw80\/","name":"Electric heater Harvia SW80 - FALKSALE","isPartOf":{"@id":"https:\/\/falksale.com\/#website"},"primaryImageOfPage":{"@id":"https:\/\/falksale.com\/product\/electric-heater-harvia-sw80\/#primaryimage"},"image":{"@id":"https:\/\/falksale.com\/product\/electric-heater-harvia-sw80\/#primaryimage"},"thumbnailUrl":"https:\/\/falksale.com\/wp-content\/uploads\/2025\/02\/sw80.png","datePublished":"2025-02-18T12:30:40+00:00","dateModified":"2025-03-10T07:44:52+00:00","breadcrumb":{"@id":"https:\/\/falksale.com\/product\/electric-heater-harvia-sw80\/#breadcrumb"},"inLanguage":"et","potentialAction":[{"@type":"ReadAction","target":["https:\/\/falksale.com\/product\/electric-heater-harvia-sw80\/"]}]},{"@type":"ImageObject","inLanguage":"et","@id":"https:\/\/falksale.com\/product\/electric-heater-harvia-sw80\/#primaryimage","url":"https:\/\/falksale.com\/wp-content\/uploads\/2025\/02\/sw80.png","contentUrl":"https:\/\/falksale.com\/wp-content\/uploads\/2025\/02\/sw80.png","width":800,"height":800,"caption":"Electric heater Harvia SW80"},{"@type":"BreadcrumbList","@id":"https:\/\/falksale.com\/product\/electric-heater-harvia-sw80\/#breadcrumb","itemListElement":[{"@type":"ListItem","position":1,"name":"Home","item":"https:\/\/falksale.com\/"},{"@type":"ListItem","position":2,"name":"Shop","item":"https:\/\/falksale.com\/shop\/"},{"@type":"ListItem","position":3,"name":"Electric heater Harvia SW80"}]},{"@type":"WebSite","@id":"https:\/\/falksale.com\/#website","url":"https:\/\/falksale.com\/","name":"FALKSALE","description":"","potentialAction":[{"@type":"SearchAction","target":{"@type":"EntryPoint","urlTemplate":"https:\/\/falksale.com\/?s={search_term_string}"},"query-input":{"@type":"PropertyValueSpecification","valueRequired":true,"valueName":"search_term_string"}}],"inLanguage":"et"}]}},"_links":{"self":[{"href":"https:\/\/falksale.com\/et\/wp-json\/wp\/v2\/product\/665","targetHints":{"allow":["GET"]}}],"collection":[{"href":"https:\/\/falksale.com\/et\/wp-json\/wp\/v2\/product"}],"about":[{"href":"https:\/\/falksale.com\/et\/wp-json\/wp\/v2\/types\/product"}],"wp:featuredmedia":[{"embeddable":true,"href":"https:\/\/falksale.com\/et\/wp-json\/wp\/v2\/media\/667"}],"wp:attachment":[{"href":"https:\/\/falksale.com\/et\/wp-json\/wp\/v2\/media?parent=665"}],"wp:term":[{"taxonomy":"product_brand","embeddable":true,"href":"https:\/\/falksale.com\/et\/wp-json\/wp\/v2\/product_brand?post=665"},{"taxonomy":"product_cat","embeddable":true,"href":"https:\/\/falksale.com\/et\/wp-json\/wp\/v2\/product_cat?post=665"},{"taxonomy":"product_tag","embeddable":true,"href":"https:\/\/falksale.com\/et\/wp-json\/wp\/v2\/product_tag?post=665"}],"curies":[{"name":"wp","href":"https:\/\/api.w.org\/{rel}","templated":true}]}}