{"id":57,"date":"2025-02-13T19:12:02","date_gmt":"2025-02-13T19:12:02","guid":{"rendered":"https:\/\/falksale.com\/?post_type=product&#038;p=57"},"modified":"2025-03-27T19:39:05","modified_gmt":"2025-03-27T19:39:05","slug":"saunacub-camilla-xl","status":"publish","type":"product","link":"https:\/\/falksale.com\/et\/toode\/saunacub-camilla-xl\/","title":{"rendered":"SaunaCub &#8220;Camilla XL&#8221;"},"content":{"rendered":"<p>See ruumikas, \u00fcmarate nurkadega saun mahutab 4-5 inimest ja on kuubikujuline. Saunal on m\u00f5lemal k\u00fcljel mugavad pingid ja seljatugi, mis v\u00f5imaldavad saunalistele mugavat selja sirutamist. Saun on saadaval kahes versioonis: klaasist esiseinaga, mis pakub avarat vaadet, v\u00f5i klaasuksega ja puitseintega, mis tagab privaatsuse. Elegantne ja praktiline disain muudab selle sauna ideaalseks valikuks neile, kes otsivad luksuslikku ja mugavat saunakogemust oma tagaaias v\u00f5i terrassil.<\/p>\n<p><strong>Materjal:<\/strong> Termopuit<br \/>\n<strong>Seina paksus:<\/strong> 40mm \/ 28mm<br \/>\n<strong>Kaal:<\/strong>\u00a0 800 kg<br \/>\n<strong>M\u00f5\u00f5dud:<\/strong> 2401 x 2050 mm<\/p>\n<p>Sellele mudelile sobivad k\u00f5ik hinnakirjas olevad k\u00fcttekehad.<\/p>","protected":false},"excerpt":{"rendered":"<p>Meie saun tarnitakse <strong data-start=\"74\" data-end=\"86\">kokkupandava komplektina<\/strong> paremaks transportimiseks.<\/p>\n<p>Kas soovid seda kokkupanduna? <strong data-start=\"170\" data-end=\"193\">Lihtsalt m\u00e4rgi allolev kastike<\/strong> ja saun tarnitakse kasutusvalmis!<\/p>\n<p><strong>P\u00f5hipakett sisaldab<\/strong><br \/>\nKlaasuks<br \/>\nKatepal must katus<br \/>\nPingid<\/p>","protected":false},"featured_media":747,"template":"","meta":[],"product_brand":[],"product_cat":[28],"product_tag":[],"class_list":{"0":"post-57","1":"product","2":"type-product","3":"status-publish","4":"has-post-thumbnail","6":"product_cat-saunas","7":"product_shipping_class-special-transport","9":"first","10":"instock","11":"featured","12":"sold-individually","13":"taxable","14":"shipping-taxable","15":"purchasable","16":"product-type-simple"},"yoast_head":"<!-- This site is optimized with the Yoast SEO plugin v24.7 - https:\/\/yoast.com\/wordpress\/plugins\/seo\/ -->\n<title>SaunaCub &quot;Camilla XL&quot; - FALKSALE<\/title>\n<meta name=\"robots\" content=\"index, follow, max-snippet:-1, max-image-preview:large, max-video-preview:-1\" \/>\n<link rel=\"canonical\" href=\"https:\/\/falksale.com\/et\/toode\/saunacub-camilla-xl\/\" \/>\n<meta property=\"og:locale\" content=\"et_EE\" \/>\n<meta property=\"og:type\" content=\"article\" \/>\n<meta property=\"og:title\" content=\"SaunaCub &quot;Camilla XL&quot; - FALKSALE\" \/>\n<meta property=\"og:description\" content=\"Our sauna comes in a Flatpack for easy transport.  Want it pre-assembled? Simply check the box below to have it delivered ready to use!  Base Set Includes Glass door Katepal Black Roofing Benches\" \/>\n<meta property=\"og:url\" content=\"https:\/\/falksale.com\/et\/toode\/saunacub-camilla-xl\/\" \/>\n<meta property=\"og:site_name\" content=\"FALKSALE\" \/>\n<meta property=\"article:modified_time\" content=\"2025-03-27T19:39:05+00:00\" \/>\n<meta property=\"og:image\" content=\"https:\/\/falksale.com\/wp-content\/uploads\/2025\/02\/Camilla-XL-sauna.webp\" \/>\n\t<meta property=\"og:image:width\" content=\"2560\" \/>\n\t<meta property=\"og:image:height\" content=\"1440\" \/>\n\t<meta property=\"og:image:type\" content=\"image\/webp\" \/>\n<meta name=\"twitter:card\" content=\"summary_large_image\" \/>\n<meta name=\"twitter:label1\" content=\"Est. reading time\" \/>\n\t<meta name=\"twitter:data1\" content=\"1 minut\" \/>\n<script type=\"application\/ld+json\" class=\"yoast-schema-graph\">{\"@context\":\"https:\/\/schema.org\",\"@graph\":[{\"@type\":\"WebPage\",\"@id\":\"https:\/\/falksale.com\/product\/saunacub-camilla-xl\/\",\"url\":\"https:\/\/falksale.com\/product\/saunacub-camilla-xl\/\",\"name\":\"SaunaCub \\\"Camilla XL\\\" - FALKSALE\",\"isPartOf\":{\"@id\":\"https:\/\/falksale.com\/#website\"},\"primaryImageOfPage\":{\"@id\":\"https:\/\/falksale.com\/product\/saunacub-camilla-xl\/#primaryimage\"},\"image\":{\"@id\":\"https:\/\/falksale.com\/product\/saunacub-camilla-xl\/#primaryimage\"},\"thumbnailUrl\":\"https:\/\/falksale.com\/wp-content\/uploads\/2025\/02\/Camilla-XL-sauna.webp\",\"datePublished\":\"2025-02-13T19:12:02+00:00\",\"dateModified\":\"2025-03-27T19:39:05+00:00\",\"breadcrumb\":{\"@id\":\"https:\/\/falksale.com\/product\/saunacub-camilla-xl\/#breadcrumb\"},\"inLanguage\":\"et\",\"potentialAction\":[{\"@type\":\"ReadAction\",\"target\":[\"https:\/\/falksale.com\/product\/saunacub-camilla-xl\/\"]}]},{\"@type\":\"ImageObject\",\"inLanguage\":\"et\",\"@id\":\"https:\/\/falksale.com\/product\/saunacub-camilla-xl\/#primaryimage\",\"url\":\"https:\/\/falksale.com\/wp-content\/uploads\/2025\/02\/Camilla-XL-sauna.webp\",\"contentUrl\":\"https:\/\/falksale.com\/wp-content\/uploads\/2025\/02\/Camilla-XL-sauna.webp\",\"width\":2560,\"height\":1440,\"caption\":\"Camilla XL sauna\"},{\"@type\":\"BreadcrumbList\",\"@id\":\"https:\/\/falksale.com\/product\/saunacub-camilla-xl\/#breadcrumb\",\"itemListElement\":[{\"@type\":\"ListItem\",\"position\":1,\"name\":\"Home\",\"item\":\"https:\/\/falksale.com\/\"},{\"@type\":\"ListItem\",\"position\":2,\"name\":\"Shop\",\"item\":\"https:\/\/falksale.com\/shop\/\"},{\"@type\":\"ListItem\",\"position\":3,\"name\":\"SaunaCub &#8220;Camilla XL&#8221;\"}]},{\"@type\":\"WebSite\",\"@id\":\"https:\/\/falksale.com\/#website\",\"url\":\"https:\/\/falksale.com\/\",\"name\":\"FALKSALE\",\"description\":\"\",\"potentialAction\":[{\"@type\":\"SearchAction\",\"target\":{\"@type\":\"EntryPoint\",\"urlTemplate\":\"https:\/\/falksale.com\/?s={search_term_string}\"},\"query-input\":{\"@type\":\"PropertyValueSpecification\",\"valueRequired\":true,\"valueName\":\"search_term_string\"}}],\"inLanguage\":\"et\"}]}<\/script>\n<!-- \/ Yoast SEO plugin. -->","yoast_head_json":{"title":"SaunaCub \"Camilla XL\" - FALKSALE","robots":{"index":"index","follow":"follow","max-snippet":"max-snippet:-1","max-image-preview":"max-image-preview:large","max-video-preview":"max-video-preview:-1"},"canonical":"https:\/\/falksale.com\/et\/toode\/saunacub-camilla-xl\/","og_locale":"et_EE","og_type":"article","og_title":"SaunaCub \"Camilla XL\" - FALKSALE","og_description":"Our sauna comes in a Flatpack for easy transport.  Want it pre-assembled? Simply check the box below to have it delivered ready to use!  Base Set Includes Glass door Katepal Black Roofing Benches","og_url":"https:\/\/falksale.com\/et\/toode\/saunacub-camilla-xl\/","og_site_name":"FALKSALE","article_modified_time":"2025-03-27T19:39:05+00:00","og_image":[{"width":2560,"height":1440,"url":"https:\/\/falksale.com\/wp-content\/uploads\/2025\/02\/Camilla-XL-sauna.webp","type":"image\/webp"}],"twitter_card":"summary_large_image","twitter_misc":{"Est. reading time":"1 minut"},"schema":{"@context":"https:\/\/schema.org","@graph":[{"@type":"WebPage","@id":"https:\/\/falksale.com\/product\/saunacub-camilla-xl\/","url":"https:\/\/falksale.com\/product\/saunacub-camilla-xl\/","name":"SaunaCub \"Camilla XL\" - FALKSALE","isPartOf":{"@id":"https:\/\/falksale.com\/#website"},"primaryImageOfPage":{"@id":"https:\/\/falksale.com\/product\/saunacub-camilla-xl\/#primaryimage"},"image":{"@id":"https:\/\/falksale.com\/product\/saunacub-camilla-xl\/#primaryimage"},"thumbnailUrl":"https:\/\/falksale.com\/wp-content\/uploads\/2025\/02\/Camilla-XL-sauna.webp","datePublished":"2025-02-13T19:12:02+00:00","dateModified":"2025-03-27T19:39:05+00:00","breadcrumb":{"@id":"https:\/\/falksale.com\/product\/saunacub-camilla-xl\/#breadcrumb"},"inLanguage":"et","potentialAction":[{"@type":"ReadAction","target":["https:\/\/falksale.com\/product\/saunacub-camilla-xl\/"]}]},{"@type":"ImageObject","inLanguage":"et","@id":"https:\/\/falksale.com\/product\/saunacub-camilla-xl\/#primaryimage","url":"https:\/\/falksale.com\/wp-content\/uploads\/2025\/02\/Camilla-XL-sauna.webp","contentUrl":"https:\/\/falksale.com\/wp-content\/uploads\/2025\/02\/Camilla-XL-sauna.webp","width":2560,"height":1440,"caption":"Camilla XL sauna"},{"@type":"BreadcrumbList","@id":"https:\/\/falksale.com\/product\/saunacub-camilla-xl\/#breadcrumb","itemListElement":[{"@type":"ListItem","position":1,"name":"Home","item":"https:\/\/falksale.com\/"},{"@type":"ListItem","position":2,"name":"Shop","item":"https:\/\/falksale.com\/shop\/"},{"@type":"ListItem","position":3,"name":"SaunaCub &#8220;Camilla XL&#8221;"}]},{"@type":"WebSite","@id":"https:\/\/falksale.com\/#website","url":"https:\/\/falksale.com\/","name":"FALKSALE","description":"","potentialAction":[{"@type":"SearchAction","target":{"@type":"EntryPoint","urlTemplate":"https:\/\/falksale.com\/?s={search_term_string}"},"query-input":{"@type":"PropertyValueSpecification","valueRequired":true,"valueName":"search_term_string"}}],"inLanguage":"et"}]}},"_links":{"self":[{"href":"https:\/\/falksale.com\/et\/wp-json\/wp\/v2\/product\/57","targetHints":{"allow":["GET"]}}],"collection":[{"href":"https:\/\/falksale.com\/et\/wp-json\/wp\/v2\/product"}],"about":[{"href":"https:\/\/falksale.com\/et\/wp-json\/wp\/v2\/types\/product"}],"wp:featuredmedia":[{"embeddable":true,"href":"https:\/\/falksale.com\/et\/wp-json\/wp\/v2\/media\/747"}],"wp:attachment":[{"href":"https:\/\/falksale.com\/et\/wp-json\/wp\/v2\/media?parent=57"}],"wp:term":[{"taxonomy":"product_brand","embeddable":true,"href":"https:\/\/falksale.com\/et\/wp-json\/wp\/v2\/product_brand?post=57"},{"taxonomy":"product_cat","embeddable":true,"href":"https:\/\/falksale.com\/et\/wp-json\/wp\/v2\/product_cat?post=57"},{"taxonomy":"product_tag","embeddable":true,"href":"https:\/\/falksale.com\/et\/wp-json\/wp\/v2\/product_tag?post=57"}],"curies":[{"name":"wp","href":"https:\/\/api.w.org\/{rel}","templated":true}]}}