{"id":53,"date":"2025-02-13T18:49:21","date_gmt":"2025-02-13T18:49:21","guid":{"rendered":"https:\/\/falksale.com\/?post_type=product&#038;p=53"},"modified":"2025-03-27T19:40:31","modified_gmt":"2025-03-27T19:40:31","slug":"camilla-spa","status":"publish","type":"product","link":"https:\/\/falksale.com\/et\/toode\/camilla-spa\/","title":{"rendered":"Camilla Spa"},"content":{"rendered":"<p>\u201eCamilla Spa\u201c \u2013 luksuslik k\u00fcmblust\u00fcnni ja sauna kombinatsioon, mis toob spaakogemuse otse teie koju!<br \/>\n\u201eCamilla Spa\u201c on ideaalne valik, et pakkuda l\u00f5\u00f5gastust ja luksust oma perele ja s\u00f5pradele. Telli oma \u201eCamilla Spa\u201c juba t\u00e4na ja muuda oma kodu t\u00f5eliseks spaaparadiisiks!<\/p>\n<p><strong>Mugav ja avar<br \/>\n<\/strong>Kahe eraldi ruumiga: Nautige nii sauna kui ka k\u00fcmblust\u00fcnni, m\u00f5lemal oma k\u00fcttes\u00fcsteem.<br \/>\nLava koos seljatugedega: Tagab maksimaalse mugavuse ja l\u00f5\u00f5gastuse.<br \/>\nKaks ovaalakent tagaseinas: Lisavad loomulikku valgust ja stiili.<\/p>\n<p><strong>Paindlikud valikud<br \/>\n<\/strong>Esisein: Valige kas stiilne klaassein v\u00f5i puidust sein ovaalaknaga.<br \/>\nK\u00fcmblust\u00fcnn: Klaasplastist sisu tagab vastupidavuse ja lihtsa hoolduse.<\/p>\n<p><strong>Ilmastikukindel<br \/>\n<\/strong>Kasutamiseks aastaringselt: Vihm, tuul ega lumi ei takista teie spaakogemust.<\/p>\n<p><strong>Materjal:<\/strong> Termopuit<br \/>\n<strong>Seina paksus:<\/strong> 40mm \/ 28mm<br \/>\n<strong>Kaal:<\/strong> 1200 kg<br \/>\n<strong>M\u00f5\u00f5dud:<\/strong> 5090 x 2230mm<\/p>\n<p>Sellele mudelile sobivad k\u00f5ik hinnakirjas olevad k\u00fcttekehad.<\/p>","protected":false},"excerpt":{"rendered":"<p>Meie saun tarnitakse <strong data-start=\"74\" data-end=\"86\">kokkupandava komplektina<\/strong> paremaks transportimiseks.<\/p>\n<p>Kas soovid seda kokkupanduna? <strong data-start=\"170\" data-end=\"193\">Lihtsalt m\u00e4rgi allolev kastike<\/strong> ja saun tarnitakse kasutusvalmis!<\/p>\n<p><strong>P\u00f5hipakett sisaldab<br \/>\n<\/strong>Aknad<br \/>\nKlaasuks<br \/>\nKatepal must katus<br \/>\nPingid<\/p>","protected":false},"featured_media":680,"template":"","meta":[],"product_brand":[],"product_cat":[28],"product_tag":[],"class_list":{"0":"post-53","1":"product","2":"type-product","3":"status-publish","4":"has-post-thumbnail","6":"product_cat-saunas","7":"product_shipping_class-special-transport","9":"first","10":"instock","11":"featured","12":"sold-individually","13":"taxable","14":"shipping-taxable","15":"purchasable","16":"product-type-simple"},"yoast_head":"<!-- This site is optimized with the Yoast SEO plugin v24.7 - https:\/\/yoast.com\/wordpress\/plugins\/seo\/ -->\n<title>Camilla Spa - FALKSALE<\/title>\n<meta name=\"robots\" content=\"index, follow, max-snippet:-1, max-image-preview:large, max-video-preview:-1\" \/>\n<link rel=\"canonical\" href=\"https:\/\/falksale.com\/et\/toode\/camilla-spa\/\" \/>\n<meta property=\"og:locale\" content=\"et_EE\" \/>\n<meta property=\"og:type\" content=\"article\" \/>\n<meta property=\"og:title\" content=\"Camilla Spa - FALKSALE\" \/>\n<meta property=\"og:description\" content=\"Our sauna comes in a Flatpack for easy transport.  Want it pre-assembled? Simply check the box below to have it delivered ready to use!  Base Set Includes Windows Glass Door Katepal Black Roofing Benches\" \/>\n<meta property=\"og:url\" content=\"https:\/\/falksale.com\/et\/toode\/camilla-spa\/\" \/>\n<meta property=\"og:site_name\" content=\"FALKSALE\" \/>\n<meta property=\"article:modified_time\" content=\"2025-03-27T19:40:31+00:00\" \/>\n<meta property=\"og:image\" content=\"https:\/\/falksale.com\/wp-content\/uploads\/2025\/02\/Camilla-Spa-Sauna.webp\" \/>\n\t<meta property=\"og:image:width\" content=\"1200\" \/>\n\t<meta property=\"og:image:height\" content=\"675\" \/>\n\t<meta property=\"og:image:type\" content=\"image\/webp\" \/>\n<meta name=\"twitter:card\" content=\"summary_large_image\" \/>\n<meta name=\"twitter:label1\" content=\"Est. reading time\" \/>\n\t<meta name=\"twitter:data1\" content=\"1 minut\" \/>\n<script type=\"application\/ld+json\" class=\"yoast-schema-graph\">{\"@context\":\"https:\/\/schema.org\",\"@graph\":[{\"@type\":\"WebPage\",\"@id\":\"https:\/\/falksale.com\/product\/camilla-spa\/\",\"url\":\"https:\/\/falksale.com\/product\/camilla-spa\/\",\"name\":\"Camilla Spa - FALKSALE\",\"isPartOf\":{\"@id\":\"https:\/\/falksale.com\/#website\"},\"primaryImageOfPage\":{\"@id\":\"https:\/\/falksale.com\/product\/camilla-spa\/#primaryimage\"},\"image\":{\"@id\":\"https:\/\/falksale.com\/product\/camilla-spa\/#primaryimage\"},\"thumbnailUrl\":\"https:\/\/falksale.com\/wp-content\/uploads\/2025\/02\/Camilla-Spa-Sauna.webp\",\"datePublished\":\"2025-02-13T18:49:21+00:00\",\"dateModified\":\"2025-03-27T19:40:31+00:00\",\"breadcrumb\":{\"@id\":\"https:\/\/falksale.com\/product\/camilla-spa\/#breadcrumb\"},\"inLanguage\":\"et\",\"potentialAction\":[{\"@type\":\"ReadAction\",\"target\":[\"https:\/\/falksale.com\/product\/camilla-spa\/\"]}]},{\"@type\":\"ImageObject\",\"inLanguage\":\"et\",\"@id\":\"https:\/\/falksale.com\/product\/camilla-spa\/#primaryimage\",\"url\":\"https:\/\/falksale.com\/wp-content\/uploads\/2025\/02\/Camilla-Spa-Sauna.webp\",\"contentUrl\":\"https:\/\/falksale.com\/wp-content\/uploads\/2025\/02\/Camilla-Spa-Sauna.webp\",\"width\":1200,\"height\":675,\"caption\":\"Camilla Spa Sauna\"},{\"@type\":\"BreadcrumbList\",\"@id\":\"https:\/\/falksale.com\/product\/camilla-spa\/#breadcrumb\",\"itemListElement\":[{\"@type\":\"ListItem\",\"position\":1,\"name\":\"Home\",\"item\":\"https:\/\/falksale.com\/\"},{\"@type\":\"ListItem\",\"position\":2,\"name\":\"Shop\",\"item\":\"https:\/\/falksale.com\/shop\/\"},{\"@type\":\"ListItem\",\"position\":3,\"name\":\"Camilla Spa\"}]},{\"@type\":\"WebSite\",\"@id\":\"https:\/\/falksale.com\/#website\",\"url\":\"https:\/\/falksale.com\/\",\"name\":\"FALKSALE\",\"description\":\"\",\"potentialAction\":[{\"@type\":\"SearchAction\",\"target\":{\"@type\":\"EntryPoint\",\"urlTemplate\":\"https:\/\/falksale.com\/?s={search_term_string}\"},\"query-input\":{\"@type\":\"PropertyValueSpecification\",\"valueRequired\":true,\"valueName\":\"search_term_string\"}}],\"inLanguage\":\"et\"}]}<\/script>\n<!-- \/ Yoast SEO plugin. -->","yoast_head_json":{"title":"Camilla Spa - FALKSALE","robots":{"index":"index","follow":"follow","max-snippet":"max-snippet:-1","max-image-preview":"max-image-preview:large","max-video-preview":"max-video-preview:-1"},"canonical":"https:\/\/falksale.com\/et\/toode\/camilla-spa\/","og_locale":"et_EE","og_type":"article","og_title":"Camilla Spa - FALKSALE","og_description":"Our sauna comes in a Flatpack for easy transport.  Want it pre-assembled? Simply check the box below to have it delivered ready to use!  Base Set Includes Windows Glass Door Katepal Black Roofing Benches","og_url":"https:\/\/falksale.com\/et\/toode\/camilla-spa\/","og_site_name":"FALKSALE","article_modified_time":"2025-03-27T19:40:31+00:00","og_image":[{"width":1200,"height":675,"url":"https:\/\/falksale.com\/wp-content\/uploads\/2025\/02\/Camilla-Spa-Sauna.webp","type":"image\/webp"}],"twitter_card":"summary_large_image","twitter_misc":{"Est. reading time":"1 minut"},"schema":{"@context":"https:\/\/schema.org","@graph":[{"@type":"WebPage","@id":"https:\/\/falksale.com\/product\/camilla-spa\/","url":"https:\/\/falksale.com\/product\/camilla-spa\/","name":"Camilla Spa - FALKSALE","isPartOf":{"@id":"https:\/\/falksale.com\/#website"},"primaryImageOfPage":{"@id":"https:\/\/falksale.com\/product\/camilla-spa\/#primaryimage"},"image":{"@id":"https:\/\/falksale.com\/product\/camilla-spa\/#primaryimage"},"thumbnailUrl":"https:\/\/falksale.com\/wp-content\/uploads\/2025\/02\/Camilla-Spa-Sauna.webp","datePublished":"2025-02-13T18:49:21+00:00","dateModified":"2025-03-27T19:40:31+00:00","breadcrumb":{"@id":"https:\/\/falksale.com\/product\/camilla-spa\/#breadcrumb"},"inLanguage":"et","potentialAction":[{"@type":"ReadAction","target":["https:\/\/falksale.com\/product\/camilla-spa\/"]}]},{"@type":"ImageObject","inLanguage":"et","@id":"https:\/\/falksale.com\/product\/camilla-spa\/#primaryimage","url":"https:\/\/falksale.com\/wp-content\/uploads\/2025\/02\/Camilla-Spa-Sauna.webp","contentUrl":"https:\/\/falksale.com\/wp-content\/uploads\/2025\/02\/Camilla-Spa-Sauna.webp","width":1200,"height":675,"caption":"Camilla Spa Sauna"},{"@type":"BreadcrumbList","@id":"https:\/\/falksale.com\/product\/camilla-spa\/#breadcrumb","itemListElement":[{"@type":"ListItem","position":1,"name":"Home","item":"https:\/\/falksale.com\/"},{"@type":"ListItem","position":2,"name":"Shop","item":"https:\/\/falksale.com\/shop\/"},{"@type":"ListItem","position":3,"name":"Camilla Spa"}]},{"@type":"WebSite","@id":"https:\/\/falksale.com\/#website","url":"https:\/\/falksale.com\/","name":"FALKSALE","description":"","potentialAction":[{"@type":"SearchAction","target":{"@type":"EntryPoint","urlTemplate":"https:\/\/falksale.com\/?s={search_term_string}"},"query-input":{"@type":"PropertyValueSpecification","valueRequired":true,"valueName":"search_term_string"}}],"inLanguage":"et"}]}},"_links":{"self":[{"href":"https:\/\/falksale.com\/et\/wp-json\/wp\/v2\/product\/53","targetHints":{"allow":["GET"]}}],"collection":[{"href":"https:\/\/falksale.com\/et\/wp-json\/wp\/v2\/product"}],"about":[{"href":"https:\/\/falksale.com\/et\/wp-json\/wp\/v2\/types\/product"}],"wp:featuredmedia":[{"embeddable":true,"href":"https:\/\/falksale.com\/et\/wp-json\/wp\/v2\/media\/680"}],"wp:attachment":[{"href":"https:\/\/falksale.com\/et\/wp-json\/wp\/v2\/media?parent=53"}],"wp:term":[{"taxonomy":"product_brand","embeddable":true,"href":"https:\/\/falksale.com\/et\/wp-json\/wp\/v2\/product_brand?post=53"},{"taxonomy":"product_cat","embeddable":true,"href":"https:\/\/falksale.com\/et\/wp-json\/wp\/v2\/product_cat?post=53"},{"taxonomy":"product_tag","embeddable":true,"href":"https:\/\/falksale.com\/et\/wp-json\/wp\/v2\/product_tag?post=53"}],"curies":[{"name":"wp","href":"https:\/\/api.w.org\/{rel}","templated":true}]}}