{"id":50,"date":"2025-02-13T18:39:41","date_gmt":"2025-02-13T18:39:41","guid":{"rendered":"https:\/\/falksale.com\/?post_type=product&#038;p=50"},"modified":"2025-03-27T19:41:47","modified_gmt":"2025-03-27T19:41:47","slug":"sauna-220","status":"publish","type":"product","link":"https:\/\/falksale.com\/et\/toode\/sauna-220\/","title":{"rendered":"Sauna 220"},"content":{"rendered":"<p>220 cm pikkusega torusaun on ideaalne 2-4 inimesele, pakkudes suurep\u00e4rast v\u00f5imalust l\u00f5\u00f5gastumiseks. Saun on saadaval kahes erinevas versioonis: avarate klaasist esik\u00fcljega, mis laseb sisse palju valgust ja v\u00f5imaldab nautida vaadet, ning privaatsema variandina puidust seina ja klaasuksega, mis tagab rahuliku ja intiimse saunakogemuse. T\u00e4nu oma m\u00f5\u00f5dukale suurusele sobib see h\u00e4sti nii v\u00e4ikestesse kui ka suurtesse aedadesse ja terrassidele, pakkudes luksuslikku saunakogemust igal ajal.<\/p>\n<p><strong>Materjal:<\/strong> Termopuit<br \/>\n<strong>Seina paksus:<\/strong> 40mm \/ 28mm<br \/>\n<strong>Kaal:<\/strong>\u00a0 650 kg<br \/>\n<strong>M\u00f5\u00f5dud:<\/strong> 2200 x 2000 mm<\/p>\n<p>Sellele saunale sobivad keriseks Harvia M3, SW80, BC60,<br \/>\nCilindro 90 ja Spirit SP90XW.<\/p>","protected":false},"excerpt":{"rendered":"<p>Meie saun tarnitakse <strong data-start=\"74\" data-end=\"86\">kokkupandava komplektina<\/strong> paremaks transportimiseks.<br \/>\nM\u00f5\u00f5dud K 90cm x L 117cm x P 225cm<\/p>\n<p>Kas soovid seda kokkupanduna? <strong data-start=\"170\" data-end=\"193\">Lihtsalt m\u00e4rgi allolev kastike<\/strong> ja saun tarnitakse kasutusvalmis!<\/p>\n<p><strong>P\u00f5hipakett sisaldab<\/strong><br \/>\nKlaasuks<br \/>\nKatepal must katus<br \/>\nPingid<\/p>","protected":false},"featured_media":741,"template":"","meta":[],"product_brand":[],"product_cat":[28],"product_tag":[],"class_list":{"0":"post-50","1":"product","2":"type-product","3":"status-publish","4":"has-post-thumbnail","6":"product_cat-saunas","7":"product_shipping_class-special-transport","9":"first","10":"instock","11":"featured","12":"sold-individually","13":"taxable","14":"shipping-taxable","15":"purchasable","16":"product-type-simple"},"yoast_head":"<!-- This site is optimized with the Yoast SEO plugin v24.7 - https:\/\/yoast.com\/wordpress\/plugins\/seo\/ -->\n<title>Sauna 220 - FALKSALE<\/title>\n<meta name=\"robots\" content=\"index, follow, max-snippet:-1, max-image-preview:large, max-video-preview:-1\" \/>\n<link rel=\"canonical\" href=\"https:\/\/falksale.com\/et\/toode\/sauna-220\/\" \/>\n<meta property=\"og:locale\" content=\"et_EE\" \/>\n<meta property=\"og:type\" content=\"article\" \/>\n<meta property=\"og:title\" content=\"Sauna 220 - FALKSALE\" \/>\n<meta property=\"og:description\" content=\"Our sauna comes in a Flatpack for easy transport. Dimension H 90cm x W 117cm x L 225 cm  Want it pre-assembled? Simply check the box below to have it delivered ready to use!  Base Set Includes Glass door Katepal Black Roofing Benches\" \/>\n<meta property=\"og:url\" content=\"https:\/\/falksale.com\/et\/toode\/sauna-220\/\" \/>\n<meta property=\"og:site_name\" content=\"FALKSALE\" \/>\n<meta property=\"article:modified_time\" content=\"2025-03-27T19:41:47+00:00\" \/>\n<meta property=\"og:image\" content=\"https:\/\/falksale.com\/wp-content\/uploads\/2025\/02\/Sauna-220.webp\" \/>\n\t<meta property=\"og:image:width\" content=\"2560\" \/>\n\t<meta property=\"og:image:height\" content=\"1440\" \/>\n\t<meta property=\"og:image:type\" content=\"image\/webp\" \/>\n<meta name=\"twitter:card\" content=\"summary_large_image\" \/>\n<meta name=\"twitter:label1\" content=\"Est. reading time\" \/>\n\t<meta name=\"twitter:data1\" content=\"1 minut\" \/>\n<script type=\"application\/ld+json\" class=\"yoast-schema-graph\">{\"@context\":\"https:\/\/schema.org\",\"@graph\":[{\"@type\":\"WebPage\",\"@id\":\"https:\/\/falksale.com\/product\/sauna-220\/\",\"url\":\"https:\/\/falksale.com\/product\/sauna-220\/\",\"name\":\"Sauna 220 - FALKSALE\",\"isPartOf\":{\"@id\":\"https:\/\/falksale.com\/#website\"},\"primaryImageOfPage\":{\"@id\":\"https:\/\/falksale.com\/product\/sauna-220\/#primaryimage\"},\"image\":{\"@id\":\"https:\/\/falksale.com\/product\/sauna-220\/#primaryimage\"},\"thumbnailUrl\":\"https:\/\/falksale.com\/wp-content\/uploads\/2025\/02\/Sauna-220.webp\",\"datePublished\":\"2025-02-13T18:39:41+00:00\",\"dateModified\":\"2025-03-27T19:41:47+00:00\",\"breadcrumb\":{\"@id\":\"https:\/\/falksale.com\/product\/sauna-220\/#breadcrumb\"},\"inLanguage\":\"et\",\"potentialAction\":[{\"@type\":\"ReadAction\",\"target\":[\"https:\/\/falksale.com\/product\/sauna-220\/\"]}]},{\"@type\":\"ImageObject\",\"inLanguage\":\"et\",\"@id\":\"https:\/\/falksale.com\/product\/sauna-220\/#primaryimage\",\"url\":\"https:\/\/falksale.com\/wp-content\/uploads\/2025\/02\/Sauna-220.webp\",\"contentUrl\":\"https:\/\/falksale.com\/wp-content\/uploads\/2025\/02\/Sauna-220.webp\",\"width\":2560,\"height\":1440,\"caption\":\"Sauna\"},{\"@type\":\"BreadcrumbList\",\"@id\":\"https:\/\/falksale.com\/product\/sauna-220\/#breadcrumb\",\"itemListElement\":[{\"@type\":\"ListItem\",\"position\":1,\"name\":\"Home\",\"item\":\"https:\/\/falksale.com\/\"},{\"@type\":\"ListItem\",\"position\":2,\"name\":\"Shop\",\"item\":\"https:\/\/falksale.com\/shop\/\"},{\"@type\":\"ListItem\",\"position\":3,\"name\":\"Sauna 220\"}]},{\"@type\":\"WebSite\",\"@id\":\"https:\/\/falksale.com\/#website\",\"url\":\"https:\/\/falksale.com\/\",\"name\":\"FALKSALE\",\"description\":\"\",\"potentialAction\":[{\"@type\":\"SearchAction\",\"target\":{\"@type\":\"EntryPoint\",\"urlTemplate\":\"https:\/\/falksale.com\/?s={search_term_string}\"},\"query-input\":{\"@type\":\"PropertyValueSpecification\",\"valueRequired\":true,\"valueName\":\"search_term_string\"}}],\"inLanguage\":\"et\"}]}<\/script>\n<!-- \/ Yoast SEO plugin. -->","yoast_head_json":{"title":"Sauna 220 - FALKSALE","robots":{"index":"index","follow":"follow","max-snippet":"max-snippet:-1","max-image-preview":"max-image-preview:large","max-video-preview":"max-video-preview:-1"},"canonical":"https:\/\/falksale.com\/et\/toode\/sauna-220\/","og_locale":"et_EE","og_type":"article","og_title":"Sauna 220 - FALKSALE","og_description":"Our sauna comes in a Flatpack for easy transport. Dimension H 90cm x W 117cm x L 225 cm  Want it pre-assembled? Simply check the box below to have it delivered ready to use!  Base Set Includes Glass door Katepal Black Roofing Benches","og_url":"https:\/\/falksale.com\/et\/toode\/sauna-220\/","og_site_name":"FALKSALE","article_modified_time":"2025-03-27T19:41:47+00:00","og_image":[{"width":2560,"height":1440,"url":"https:\/\/falksale.com\/wp-content\/uploads\/2025\/02\/Sauna-220.webp","type":"image\/webp"}],"twitter_card":"summary_large_image","twitter_misc":{"Est. reading time":"1 minut"},"schema":{"@context":"https:\/\/schema.org","@graph":[{"@type":"WebPage","@id":"https:\/\/falksale.com\/product\/sauna-220\/","url":"https:\/\/falksale.com\/product\/sauna-220\/","name":"Sauna 220 - FALKSALE","isPartOf":{"@id":"https:\/\/falksale.com\/#website"},"primaryImageOfPage":{"@id":"https:\/\/falksale.com\/product\/sauna-220\/#primaryimage"},"image":{"@id":"https:\/\/falksale.com\/product\/sauna-220\/#primaryimage"},"thumbnailUrl":"https:\/\/falksale.com\/wp-content\/uploads\/2025\/02\/Sauna-220.webp","datePublished":"2025-02-13T18:39:41+00:00","dateModified":"2025-03-27T19:41:47+00:00","breadcrumb":{"@id":"https:\/\/falksale.com\/product\/sauna-220\/#breadcrumb"},"inLanguage":"et","potentialAction":[{"@type":"ReadAction","target":["https:\/\/falksale.com\/product\/sauna-220\/"]}]},{"@type":"ImageObject","inLanguage":"et","@id":"https:\/\/falksale.com\/product\/sauna-220\/#primaryimage","url":"https:\/\/falksale.com\/wp-content\/uploads\/2025\/02\/Sauna-220.webp","contentUrl":"https:\/\/falksale.com\/wp-content\/uploads\/2025\/02\/Sauna-220.webp","width":2560,"height":1440,"caption":"Sauna"},{"@type":"BreadcrumbList","@id":"https:\/\/falksale.com\/product\/sauna-220\/#breadcrumb","itemListElement":[{"@type":"ListItem","position":1,"name":"Home","item":"https:\/\/falksale.com\/"},{"@type":"ListItem","position":2,"name":"Shop","item":"https:\/\/falksale.com\/shop\/"},{"@type":"ListItem","position":3,"name":"Sauna 220"}]},{"@type":"WebSite","@id":"https:\/\/falksale.com\/#website","url":"https:\/\/falksale.com\/","name":"FALKSALE","description":"","potentialAction":[{"@type":"SearchAction","target":{"@type":"EntryPoint","urlTemplate":"https:\/\/falksale.com\/?s={search_term_string}"},"query-input":{"@type":"PropertyValueSpecification","valueRequired":true,"valueName":"search_term_string"}}],"inLanguage":"et"}]}},"_links":{"self":[{"href":"https:\/\/falksale.com\/et\/wp-json\/wp\/v2\/product\/50","targetHints":{"allow":["GET"]}}],"collection":[{"href":"https:\/\/falksale.com\/et\/wp-json\/wp\/v2\/product"}],"about":[{"href":"https:\/\/falksale.com\/et\/wp-json\/wp\/v2\/types\/product"}],"wp:featuredmedia":[{"embeddable":true,"href":"https:\/\/falksale.com\/et\/wp-json\/wp\/v2\/media\/741"}],"wp:attachment":[{"href":"https:\/\/falksale.com\/et\/wp-json\/wp\/v2\/media?parent=50"}],"wp:term":[{"taxonomy":"product_brand","embeddable":true,"href":"https:\/\/falksale.com\/et\/wp-json\/wp\/v2\/product_brand?post=50"},{"taxonomy":"product_cat","embeddable":true,"href":"https:\/\/falksale.com\/et\/wp-json\/wp\/v2\/product_cat?post=50"},{"taxonomy":"product_tag","embeddable":true,"href":"https:\/\/falksale.com\/et\/wp-json\/wp\/v2\/product_tag?post=50"}],"curies":[{"name":"wp","href":"https:\/\/api.w.org\/{rel}","templated":true}]}}