{"id":490,"date":"2025-02-17T16:16:24","date_gmt":"2025-02-17T16:16:24","guid":{"rendered":"https:\/\/falksale.com\/?post_type=product&#038;p=490"},"modified":"2025-03-11T09:14:52","modified_gmt":"2025-03-11T09:14:52","slug":"3-in-1-for-men-250ml","status":"publish","type":"product","link":"https:\/\/falksale.com\/et\/toode\/3-in-1-for-men-250ml\/","title":{"rendered":"3 in 1 meestele 250ml"},"content":{"rendered":"","protected":false},"excerpt":{"rendered":"<p>3 in 1 Meestele 250ml (\u0160ampoon, palsam, du\u0161\u0161ikreem).<br \/>\n\u00dcks toode, kolm funktsiooni \u2013 s\u00e4\u00e4stke oma vannitoas aega ja ruumi,<br \/>\ns\u00e4ilitades samal ajal parima v\u00f5imaliku hoolduse.<\/p>\n<p>T\u00e4nu oma koostisainete kombinatsioonile pole meestele m\u00f5eldud kolm-\u00fches mitte\nainult mugav,<br \/>\nvaid ka \u00e4\u00e4rmiselt t\u00f5hus viis igap\u00e4evaseks<br \/>\nisiklikuks hoolduseks, tagades teile parima v\u00f5imaliku tulemuse minimaalse<br \/>\npingutusega.<\/p>","protected":false},"featured_media":1145,"template":"","meta":[],"product_brand":[],"product_cat":[33],"product_tag":[],"class_list":{"0":"post-490","1":"product","2":"type-product","3":"status-publish","4":"has-post-thumbnail","6":"product_cat-wellness-products","8":"first","9":"instock","10":"taxable","11":"shipping-taxable","12":"purchasable","13":"product-type-simple"},"yoast_head":"<!-- This site is optimized with the Yoast SEO plugin v24.7 - https:\/\/yoast.com\/wordpress\/plugins\/seo\/ -->\n<title>3 in 1 For men 250ml - FALKSALE<\/title>\n<meta name=\"robots\" content=\"index, follow, max-snippet:-1, max-image-preview:large, max-video-preview:-1\" \/>\n<link rel=\"canonical\" href=\"https:\/\/falksale.com\/et\/toode\/3-in-1-for-men-250ml\/\" \/>\n<meta property=\"og:locale\" content=\"et_EE\" \/>\n<meta property=\"og:type\" content=\"article\" \/>\n<meta property=\"og:title\" content=\"3 in 1 For men 250ml - FALKSALE\" \/>\n<meta property=\"og:description\" content=\"3 in 1 For men 250ml (Shampoo, conditioner, shower cream). One product, three functions \u2013 save time and space in your bathroom while maintaining the best possible care.  Thanks to its combination of ingredients,\u00a0 3-in-1 for men is not only convenient but also an extremely effective way to handle daily personal care, ensuring you achieve the best possible results with minimal effort.\" \/>\n<meta property=\"og:url\" content=\"https:\/\/falksale.com\/et\/toode\/3-in-1-for-men-250ml\/\" \/>\n<meta property=\"og:site_name\" content=\"FALKSALE\" \/>\n<meta property=\"article:modified_time\" content=\"2025-03-11T09:14:52+00:00\" \/>\n<meta property=\"og:image\" content=\"https:\/\/falksale.com\/wp-content\/uploads\/2025\/02\/3-in-1-For-men-250ml.jpg\" \/>\n\t<meta property=\"og:image:width\" content=\"2048\" \/>\n\t<meta property=\"og:image:height\" content=\"2048\" \/>\n\t<meta property=\"og:image:type\" content=\"image\/jpeg\" \/>\n<meta name=\"twitter:card\" content=\"summary_large_image\" \/>\n<meta name=\"twitter:label1\" content=\"Est. reading time\" \/>\n\t<meta name=\"twitter:data1\" content=\"1 minut\" \/>\n<script type=\"application\/ld+json\" class=\"yoast-schema-graph\">{\"@context\":\"https:\/\/schema.org\",\"@graph\":[{\"@type\":\"WebPage\",\"@id\":\"https:\/\/falksale.com\/product\/3-in-1-for-men-250ml\/\",\"url\":\"https:\/\/falksale.com\/product\/3-in-1-for-men-250ml\/\",\"name\":\"3 in 1 For men 250ml - FALKSALE\",\"isPartOf\":{\"@id\":\"https:\/\/falksale.com\/#website\"},\"primaryImageOfPage\":{\"@id\":\"https:\/\/falksale.com\/product\/3-in-1-for-men-250ml\/#primaryimage\"},\"image\":{\"@id\":\"https:\/\/falksale.com\/product\/3-in-1-for-men-250ml\/#primaryimage\"},\"thumbnailUrl\":\"https:\/\/falksale.com\/wp-content\/uploads\/2025\/02\/3-in-1-For-men-250ml.jpg\",\"datePublished\":\"2025-02-17T16:16:24+00:00\",\"dateModified\":\"2025-03-11T09:14:52+00:00\",\"breadcrumb\":{\"@id\":\"https:\/\/falksale.com\/product\/3-in-1-for-men-250ml\/#breadcrumb\"},\"inLanguage\":\"et\",\"potentialAction\":[{\"@type\":\"ReadAction\",\"target\":[\"https:\/\/falksale.com\/product\/3-in-1-for-men-250ml\/\"]}]},{\"@type\":\"ImageObject\",\"inLanguage\":\"et\",\"@id\":\"https:\/\/falksale.com\/product\/3-in-1-for-men-250ml\/#primaryimage\",\"url\":\"https:\/\/falksale.com\/wp-content\/uploads\/2025\/02\/3-in-1-For-men-250ml.jpg\",\"contentUrl\":\"https:\/\/falksale.com\/wp-content\/uploads\/2025\/02\/3-in-1-For-men-250ml.jpg\",\"width\":2048,\"height\":2048,\"caption\":\"Sauna wellness shampoo\"},{\"@type\":\"BreadcrumbList\",\"@id\":\"https:\/\/falksale.com\/product\/3-in-1-for-men-250ml\/#breadcrumb\",\"itemListElement\":[{\"@type\":\"ListItem\",\"position\":1,\"name\":\"Home\",\"item\":\"https:\/\/falksale.com\/\"},{\"@type\":\"ListItem\",\"position\":2,\"name\":\"Shop\",\"item\":\"https:\/\/falksale.com\/shop\/\"},{\"@type\":\"ListItem\",\"position\":3,\"name\":\"3 in 1 For men 250ml\"}]},{\"@type\":\"WebSite\",\"@id\":\"https:\/\/falksale.com\/#website\",\"url\":\"https:\/\/falksale.com\/\",\"name\":\"FALKSALE\",\"description\":\"\",\"potentialAction\":[{\"@type\":\"SearchAction\",\"target\":{\"@type\":\"EntryPoint\",\"urlTemplate\":\"https:\/\/falksale.com\/?s={search_term_string}\"},\"query-input\":{\"@type\":\"PropertyValueSpecification\",\"valueRequired\":true,\"valueName\":\"search_term_string\"}}],\"inLanguage\":\"et\"}]}<\/script>\n<!-- \/ Yoast SEO plugin. -->","yoast_head_json":{"title":"3 in 1 For men 250ml - FALKSALE","robots":{"index":"index","follow":"follow","max-snippet":"max-snippet:-1","max-image-preview":"max-image-preview:large","max-video-preview":"max-video-preview:-1"},"canonical":"https:\/\/falksale.com\/et\/toode\/3-in-1-for-men-250ml\/","og_locale":"et_EE","og_type":"article","og_title":"3 in 1 For men 250ml - FALKSALE","og_description":"3 in 1 For men 250ml (Shampoo, conditioner, shower cream). One product, three functions \u2013 save time and space in your bathroom while maintaining the best possible care.  Thanks to its combination of ingredients,\u00a0 3-in-1 for men is not only convenient but also an extremely effective way to handle daily personal care, ensuring you achieve the best possible results with minimal effort.","og_url":"https:\/\/falksale.com\/et\/toode\/3-in-1-for-men-250ml\/","og_site_name":"FALKSALE","article_modified_time":"2025-03-11T09:14:52+00:00","og_image":[{"width":2048,"height":2048,"url":"https:\/\/falksale.com\/wp-content\/uploads\/2025\/02\/3-in-1-For-men-250ml.jpg","type":"image\/jpeg"}],"twitter_card":"summary_large_image","twitter_misc":{"Est. reading time":"1 minut"},"schema":{"@context":"https:\/\/schema.org","@graph":[{"@type":"WebPage","@id":"https:\/\/falksale.com\/product\/3-in-1-for-men-250ml\/","url":"https:\/\/falksale.com\/product\/3-in-1-for-men-250ml\/","name":"3 in 1 For men 250ml - FALKSALE","isPartOf":{"@id":"https:\/\/falksale.com\/#website"},"primaryImageOfPage":{"@id":"https:\/\/falksale.com\/product\/3-in-1-for-men-250ml\/#primaryimage"},"image":{"@id":"https:\/\/falksale.com\/product\/3-in-1-for-men-250ml\/#primaryimage"},"thumbnailUrl":"https:\/\/falksale.com\/wp-content\/uploads\/2025\/02\/3-in-1-For-men-250ml.jpg","datePublished":"2025-02-17T16:16:24+00:00","dateModified":"2025-03-11T09:14:52+00:00","breadcrumb":{"@id":"https:\/\/falksale.com\/product\/3-in-1-for-men-250ml\/#breadcrumb"},"inLanguage":"et","potentialAction":[{"@type":"ReadAction","target":["https:\/\/falksale.com\/product\/3-in-1-for-men-250ml\/"]}]},{"@type":"ImageObject","inLanguage":"et","@id":"https:\/\/falksale.com\/product\/3-in-1-for-men-250ml\/#primaryimage","url":"https:\/\/falksale.com\/wp-content\/uploads\/2025\/02\/3-in-1-For-men-250ml.jpg","contentUrl":"https:\/\/falksale.com\/wp-content\/uploads\/2025\/02\/3-in-1-For-men-250ml.jpg","width":2048,"height":2048,"caption":"Sauna wellness shampoo"},{"@type":"BreadcrumbList","@id":"https:\/\/falksale.com\/product\/3-in-1-for-men-250ml\/#breadcrumb","itemListElement":[{"@type":"ListItem","position":1,"name":"Home","item":"https:\/\/falksale.com\/"},{"@type":"ListItem","position":2,"name":"Shop","item":"https:\/\/falksale.com\/shop\/"},{"@type":"ListItem","position":3,"name":"3 in 1 For men 250ml"}]},{"@type":"WebSite","@id":"https:\/\/falksale.com\/#website","url":"https:\/\/falksale.com\/","name":"FALKSALE","description":"","potentialAction":[{"@type":"SearchAction","target":{"@type":"EntryPoint","urlTemplate":"https:\/\/falksale.com\/?s={search_term_string}"},"query-input":{"@type":"PropertyValueSpecification","valueRequired":true,"valueName":"search_term_string"}}],"inLanguage":"et"}]}},"_links":{"self":[{"href":"https:\/\/falksale.com\/et\/wp-json\/wp\/v2\/product\/490","targetHints":{"allow":["GET"]}}],"collection":[{"href":"https:\/\/falksale.com\/et\/wp-json\/wp\/v2\/product"}],"about":[{"href":"https:\/\/falksale.com\/et\/wp-json\/wp\/v2\/types\/product"}],"wp:featuredmedia":[{"embeddable":true,"href":"https:\/\/falksale.com\/et\/wp-json\/wp\/v2\/media\/1145"}],"wp:attachment":[{"href":"https:\/\/falksale.com\/et\/wp-json\/wp\/v2\/media?parent=490"}],"wp:term":[{"taxonomy":"product_brand","embeddable":true,"href":"https:\/\/falksale.com\/et\/wp-json\/wp\/v2\/product_brand?post=490"},{"taxonomy":"product_cat","embeddable":true,"href":"https:\/\/falksale.com\/et\/wp-json\/wp\/v2\/product_cat?post=490"},{"taxonomy":"product_tag","embeddable":true,"href":"https:\/\/falksale.com\/et\/wp-json\/wp\/v2\/product_tag?post=490"}],"curies":[{"name":"wp","href":"https:\/\/api.w.org\/{rel}","templated":true}]}}