{"id":30,"date":"2025-02-13T18:45:31","date_gmt":"2025-02-13T18:45:31","guid":{"rendered":"https:\/\/falksale.com\/?post_type=product&#038;p=30"},"modified":"2025-03-27T19:41:30","modified_gmt":"2025-03-27T19:41:30","slug":"terrace-sauna-160","status":"publish","type":"product","link":"https:\/\/falksale.com\/et\/toode\/terrace-sauna-160\/","title":{"rendered":"Terrassisaun 160"},"content":{"rendered":"<p>160 cm torusaun on kompaktne ja ideaalne kahele v\u00f5i kolmele inimesele. Selle silindriline disain tagab kiire ja \u00fchtlase soojenduse, pakkudes meeldivat saunakogemust. Saun on saadaval ka klaasist esiseinaga, mis avab vaate v\u00e4liskeskkonnale. Kompaktne suurus sobib h\u00e4sti v\u00e4iksematele aedadele ja terrassidele.<\/p>\n<p><strong>Materjal:<\/strong> Termopuit<br \/>\n<strong>Seina paksus:<\/strong> 40mm \/ 28mm<br \/>\n<strong>Kaal:<\/strong>\u00a0 600 kg<br \/>\n<strong>M\u00f5\u00f5dud:<\/strong> 1600 x 1400 mm<\/p>\n<p>Sobivad kerised sellele saunale: SW80 ja BC60<\/p>","protected":false},"excerpt":{"rendered":"<p>Meie saun tarnitakse <strong data-start=\"74\" data-end=\"86\">kokkupandava komplektina<\/strong> paremaks transportimiseks.<br \/>\nM\u00f5\u00f5dud K 90cm x L 117cm x P 200cm<\/p>\n<p>Kas soovid seda kokkupanduna? <strong data-start=\"170\" data-end=\"193\">Lihtsalt m\u00e4rgi allolev kastike<\/strong> ja saun tarnitakse kasutusvalmis!<\/p>\n<p><strong>P\u00f5hipakett sisaldab<\/strong><br \/>\nKlaasuks<br \/>\nKatepal must katus<br \/>\nPingid<\/p>","protected":false},"featured_media":753,"template":"","meta":[],"product_brand":[],"product_cat":[28],"product_tag":[],"class_list":{"0":"post-30","1":"product","2":"type-product","3":"status-publish","4":"has-post-thumbnail","6":"product_cat-saunas","7":"product_shipping_class-special-transport","9":"first","10":"instock","11":"featured","12":"sold-individually","13":"taxable","14":"shipping-taxable","15":"purchasable","16":"product-type-simple"},"yoast_head":"<!-- This site is optimized with the Yoast SEO plugin v24.7 - https:\/\/yoast.com\/wordpress\/plugins\/seo\/ -->\n<title>Terrace sauna 160 - FALKSALE<\/title>\n<meta name=\"robots\" content=\"index, follow, max-snippet:-1, max-image-preview:large, max-video-preview:-1\" \/>\n<link rel=\"canonical\" href=\"https:\/\/falksale.com\/et\/toode\/terrace-sauna-160\/\" \/>\n<meta property=\"og:locale\" content=\"et_EE\" \/>\n<meta property=\"og:type\" content=\"article\" \/>\n<meta property=\"og:title\" content=\"Terrace sauna 160 - FALKSALE\" \/>\n<meta property=\"og:description\" content=\"Our sauna comes in a Flatpack for easy transport. Dimension H 90cm x W 117cm x L 200 cm  Want it pre-assembled? Simply check the box below to have it delivered ready to use!  Base Set Includes Glass door Katepal Black Roofing Benches\" \/>\n<meta property=\"og:url\" content=\"https:\/\/falksale.com\/et\/toode\/terrace-sauna-160\/\" \/>\n<meta property=\"og:site_name\" content=\"FALKSALE\" \/>\n<meta property=\"article:modified_time\" content=\"2025-03-27T19:41:30+00:00\" \/>\n<meta property=\"og:image\" content=\"https:\/\/falksale.com\/wp-content\/uploads\/2025\/02\/Terrace-sauna-160-scaled.jpg\" \/>\n\t<meta property=\"og:image:width\" content=\"2560\" \/>\n\t<meta property=\"og:image:height\" content=\"1440\" \/>\n\t<meta property=\"og:image:type\" content=\"image\/jpeg\" \/>\n<meta name=\"twitter:card\" content=\"summary_large_image\" \/>\n<meta name=\"twitter:label1\" content=\"Est. reading time\" \/>\n\t<meta name=\"twitter:data1\" content=\"1 minut\" \/>\n<script type=\"application\/ld+json\" class=\"yoast-schema-graph\">{\"@context\":\"https:\/\/schema.org\",\"@graph\":[{\"@type\":\"WebPage\",\"@id\":\"https:\/\/falksale.com\/product\/terrace-sauna-160\/\",\"url\":\"https:\/\/falksale.com\/product\/terrace-sauna-160\/\",\"name\":\"Terrace sauna 160 - FALKSALE\",\"isPartOf\":{\"@id\":\"https:\/\/falksale.com\/#website\"},\"primaryImageOfPage\":{\"@id\":\"https:\/\/falksale.com\/product\/terrace-sauna-160\/#primaryimage\"},\"image\":{\"@id\":\"https:\/\/falksale.com\/product\/terrace-sauna-160\/#primaryimage\"},\"thumbnailUrl\":\"https:\/\/falksale.com\/wp-content\/uploads\/2025\/02\/Terrace-sauna-160-scaled.jpg\",\"datePublished\":\"2025-02-13T18:45:31+00:00\",\"dateModified\":\"2025-03-27T19:41:30+00:00\",\"breadcrumb\":{\"@id\":\"https:\/\/falksale.com\/product\/terrace-sauna-160\/#breadcrumb\"},\"inLanguage\":\"et\",\"potentialAction\":[{\"@type\":\"ReadAction\",\"target\":[\"https:\/\/falksale.com\/product\/terrace-sauna-160\/\"]}]},{\"@type\":\"ImageObject\",\"inLanguage\":\"et\",\"@id\":\"https:\/\/falksale.com\/product\/terrace-sauna-160\/#primaryimage\",\"url\":\"https:\/\/falksale.com\/wp-content\/uploads\/2025\/02\/Terrace-sauna-160-scaled.jpg\",\"contentUrl\":\"https:\/\/falksale.com\/wp-content\/uploads\/2025\/02\/Terrace-sauna-160-scaled.jpg\",\"width\":2560,\"height\":1440,\"caption\":\"Terrace sauna 160\"},{\"@type\":\"BreadcrumbList\",\"@id\":\"https:\/\/falksale.com\/product\/terrace-sauna-160\/#breadcrumb\",\"itemListElement\":[{\"@type\":\"ListItem\",\"position\":1,\"name\":\"Home\",\"item\":\"https:\/\/falksale.com\/\"},{\"@type\":\"ListItem\",\"position\":2,\"name\":\"Shop\",\"item\":\"https:\/\/falksale.com\/shop\/\"},{\"@type\":\"ListItem\",\"position\":3,\"name\":\"Terrace sauna 160\"}]},{\"@type\":\"WebSite\",\"@id\":\"https:\/\/falksale.com\/#website\",\"url\":\"https:\/\/falksale.com\/\",\"name\":\"FALKSALE\",\"description\":\"\",\"potentialAction\":[{\"@type\":\"SearchAction\",\"target\":{\"@type\":\"EntryPoint\",\"urlTemplate\":\"https:\/\/falksale.com\/?s={search_term_string}\"},\"query-input\":{\"@type\":\"PropertyValueSpecification\",\"valueRequired\":true,\"valueName\":\"search_term_string\"}}],\"inLanguage\":\"et\"}]}<\/script>\n<!-- \/ Yoast SEO plugin. -->","yoast_head_json":{"title":"Terrace sauna 160 - FALKSALE","robots":{"index":"index","follow":"follow","max-snippet":"max-snippet:-1","max-image-preview":"max-image-preview:large","max-video-preview":"max-video-preview:-1"},"canonical":"https:\/\/falksale.com\/et\/toode\/terrace-sauna-160\/","og_locale":"et_EE","og_type":"article","og_title":"Terrace sauna 160 - FALKSALE","og_description":"Our sauna comes in a Flatpack for easy transport. Dimension H 90cm x W 117cm x L 200 cm  Want it pre-assembled? Simply check the box below to have it delivered ready to use!  Base Set Includes Glass door Katepal Black Roofing Benches","og_url":"https:\/\/falksale.com\/et\/toode\/terrace-sauna-160\/","og_site_name":"FALKSALE","article_modified_time":"2025-03-27T19:41:30+00:00","og_image":[{"width":2560,"height":1440,"url":"https:\/\/falksale.com\/wp-content\/uploads\/2025\/02\/Terrace-sauna-160-scaled.jpg","type":"image\/jpeg"}],"twitter_card":"summary_large_image","twitter_misc":{"Est. reading time":"1 minut"},"schema":{"@context":"https:\/\/schema.org","@graph":[{"@type":"WebPage","@id":"https:\/\/falksale.com\/product\/terrace-sauna-160\/","url":"https:\/\/falksale.com\/product\/terrace-sauna-160\/","name":"Terrace sauna 160 - FALKSALE","isPartOf":{"@id":"https:\/\/falksale.com\/#website"},"primaryImageOfPage":{"@id":"https:\/\/falksale.com\/product\/terrace-sauna-160\/#primaryimage"},"image":{"@id":"https:\/\/falksale.com\/product\/terrace-sauna-160\/#primaryimage"},"thumbnailUrl":"https:\/\/falksale.com\/wp-content\/uploads\/2025\/02\/Terrace-sauna-160-scaled.jpg","datePublished":"2025-02-13T18:45:31+00:00","dateModified":"2025-03-27T19:41:30+00:00","breadcrumb":{"@id":"https:\/\/falksale.com\/product\/terrace-sauna-160\/#breadcrumb"},"inLanguage":"et","potentialAction":[{"@type":"ReadAction","target":["https:\/\/falksale.com\/product\/terrace-sauna-160\/"]}]},{"@type":"ImageObject","inLanguage":"et","@id":"https:\/\/falksale.com\/product\/terrace-sauna-160\/#primaryimage","url":"https:\/\/falksale.com\/wp-content\/uploads\/2025\/02\/Terrace-sauna-160-scaled.jpg","contentUrl":"https:\/\/falksale.com\/wp-content\/uploads\/2025\/02\/Terrace-sauna-160-scaled.jpg","width":2560,"height":1440,"caption":"Terrace sauna 160"},{"@type":"BreadcrumbList","@id":"https:\/\/falksale.com\/product\/terrace-sauna-160\/#breadcrumb","itemListElement":[{"@type":"ListItem","position":1,"name":"Home","item":"https:\/\/falksale.com\/"},{"@type":"ListItem","position":2,"name":"Shop","item":"https:\/\/falksale.com\/shop\/"},{"@type":"ListItem","position":3,"name":"Terrace sauna 160"}]},{"@type":"WebSite","@id":"https:\/\/falksale.com\/#website","url":"https:\/\/falksale.com\/","name":"FALKSALE","description":"","potentialAction":[{"@type":"SearchAction","target":{"@type":"EntryPoint","urlTemplate":"https:\/\/falksale.com\/?s={search_term_string}"},"query-input":{"@type":"PropertyValueSpecification","valueRequired":true,"valueName":"search_term_string"}}],"inLanguage":"et"}]}},"_links":{"self":[{"href":"https:\/\/falksale.com\/et\/wp-json\/wp\/v2\/product\/30","targetHints":{"allow":["GET"]}}],"collection":[{"href":"https:\/\/falksale.com\/et\/wp-json\/wp\/v2\/product"}],"about":[{"href":"https:\/\/falksale.com\/et\/wp-json\/wp\/v2\/types\/product"}],"wp:featuredmedia":[{"embeddable":true,"href":"https:\/\/falksale.com\/et\/wp-json\/wp\/v2\/media\/753"}],"wp:attachment":[{"href":"https:\/\/falksale.com\/et\/wp-json\/wp\/v2\/media?parent=30"}],"wp:term":[{"taxonomy":"product_brand","embeddable":true,"href":"https:\/\/falksale.com\/et\/wp-json\/wp\/v2\/product_brand?post=30"},{"taxonomy":"product_cat","embeddable":true,"href":"https:\/\/falksale.com\/et\/wp-json\/wp\/v2\/product_cat?post=30"},{"taxonomy":"product_tag","embeddable":true,"href":"https:\/\/falksale.com\/et\/wp-json\/wp\/v2\/product_tag?post=30"}],"curies":[{"name":"wp","href":"https:\/\/api.w.org\/{rel}","templated":true}]}}