{"id":262,"date":"2025-02-17T08:07:35","date_gmt":"2025-02-17T08:07:35","guid":{"rendered":"https:\/\/falksale.com\/?post_type=product&#038;p=262"},"modified":"2025-03-10T07:44:40","modified_gmt":"2025-03-10T07:44:40","slug":"wood-burning-heater-cozy-18-og","status":"publish","type":"product","link":"https:\/\/falksale.com\/et\/toode\/wood-burning-heater-cozy-18-og\/","title":{"rendered":"Puuk\u00fcttega keris COZY 18 OG"},"content":{"rendered":"","protected":false},"excerpt":{"rendered":"<p>Sauna s\u00fcda on keris. Kui soojus ei ole pehme ja tunnete end ebamugavalt, siis tavaliselt on probleem ahjus.<\/p>\n<p>Puuk\u00fcttega ahjud on parimad pehme ja kauakestva soojuse jaoks, need on valmistatud auru tekitamiseks, visates kividele vett. Oleme tootnud saunakive juba enam kui viisteist aastat ja meie spetsialistid teavad hea sauna k\u00f5iki saladusi juba p\u00f5lvkondade kaupa.<\/p>\n<p>Meie ahjud on Eestis ainulaadsed. Oleme ainsad tootjad, kes vastavad Saksamaa BIMSCH sertifikaadi n\u00f5uetele T\u00dcV testis ilma toetavate seadmeteta. Ahi vajab v\u00e4hemalt 25% v\u00e4hem k\u00fctust v\u00f5rreldes sarnaste keristega. Testis oli vaja isegi 40% v\u00e4hem k\u00fctust.<\/p>\n<p>Suitsugaasid on 6 korda puhtamad v\u00f5rreldes sarnaste keristega.<\/p>\n<p>Ohutusvahemaa kerise ja s\u00fcttiva materjali (puit) vahel on ainult 23 cm ilma igasuguste tulep\u00fcsivate kaitsepiireteta.<\/p>\n<p><strong>Ruumi suurus:<\/strong><br \/>\n20 m\u00b3<\/p>\n<p><span lang=\"EN-US\" style=\"text-decoration: none; text-underline: none;\">K\u00f5ik kerised sisaldavad kive, kerisele vastavat juhtpaneeli ja korstent.<\/span><\/p>","protected":false},"featured_media":265,"template":"","meta":[],"product_brand":[],"product_cat":[32],"product_tag":[],"class_list":{"0":"post-262","1":"product","2":"type-product","3":"status-publish","4":"has-post-thumbnail","6":"product_cat-sauna-accessories","7":"product_shipping_class-courier","9":"first","10":"instock","11":"taxable","12":"shipping-taxable","13":"purchasable","14":"product-type-simple"},"yoast_head":"<!-- This site is optimized with the Yoast SEO plugin v24.7 - https:\/\/yoast.com\/wordpress\/plugins\/seo\/ -->\n<title>Wood burning heater COZY 18 OG - FALKSALE<\/title>\n<meta name=\"robots\" content=\"index, follow, max-snippet:-1, max-image-preview:large, max-video-preview:-1\" \/>\n<link rel=\"canonical\" href=\"https:\/\/falksale.com\/et\/toode\/wood-burning-heater-cozy-18-og\/\" \/>\n<meta property=\"og:locale\" content=\"et_EE\" \/>\n<meta property=\"og:type\" content=\"article\" \/>\n<meta property=\"og:title\" content=\"Wood burning heater COZY 18 OG - FALKSALE\" \/>\n<meta property=\"og:description\" content=\"The heart of sauna is the heater. If the heat is not mild and you feel uncomfortable, then usually the stove is the problem  Wood- heated stoves are best for mild and long lasting heat, they are made for making the steam by throwing some water on the stones. We have been producing the sauna stones more than fifteen years and our specialists know all the secrets of good sauna already for generations  Our stoves are unique in Estonia. We are the only producers that meet the German BIMSCH certificate requirements in T\u00dcV test without supportive equipment\u2019s. Stove needs at least 25% fuel compared to similar heaters . In the test it was needed even 40% less fuel.  Smoke gases are 6x cleaner compared to similar heaters.  The safety room between the heater and flammable material (wood) is only 23cm without any fire protection screens.  Room volume 20 m\u00b3  All heaters include stones, a control panel according to the heater, and a chimney.\" \/>\n<meta property=\"og:url\" content=\"https:\/\/falksale.com\/et\/toode\/wood-burning-heater-cozy-18-og\/\" \/>\n<meta property=\"og:site_name\" content=\"FALKSALE\" \/>\n<meta property=\"article:modified_time\" content=\"2025-03-10T07:44:40+00:00\" \/>\n<meta property=\"og:image\" content=\"https:\/\/falksale.com\/wp-content\/uploads\/2025\/02\/cozy-18-og.png\" \/>\n\t<meta property=\"og:image:width\" content=\"800\" \/>\n\t<meta property=\"og:image:height\" content=\"800\" \/>\n\t<meta property=\"og:image:type\" content=\"image\/png\" \/>\n<meta name=\"twitter:card\" content=\"summary_large_image\" \/>\n<script type=\"application\/ld+json\" class=\"yoast-schema-graph\">{\"@context\":\"https:\/\/schema.org\",\"@graph\":[{\"@type\":\"WebPage\",\"@id\":\"https:\/\/falksale.com\/product\/wood-burning-heater-cozy-18-og\/\",\"url\":\"https:\/\/falksale.com\/product\/wood-burning-heater-cozy-18-og\/\",\"name\":\"Wood burning heater COZY 18 OG - FALKSALE\",\"isPartOf\":{\"@id\":\"https:\/\/falksale.com\/#website\"},\"primaryImageOfPage\":{\"@id\":\"https:\/\/falksale.com\/product\/wood-burning-heater-cozy-18-og\/#primaryimage\"},\"image\":{\"@id\":\"https:\/\/falksale.com\/product\/wood-burning-heater-cozy-18-og\/#primaryimage\"},\"thumbnailUrl\":\"https:\/\/falksale.com\/wp-content\/uploads\/2025\/02\/cozy-18-og.png\",\"datePublished\":\"2025-02-17T08:07:35+00:00\",\"dateModified\":\"2025-03-10T07:44:40+00:00\",\"breadcrumb\":{\"@id\":\"https:\/\/falksale.com\/product\/wood-burning-heater-cozy-18-og\/#breadcrumb\"},\"inLanguage\":\"et\",\"potentialAction\":[{\"@type\":\"ReadAction\",\"target\":[\"https:\/\/falksale.com\/product\/wood-burning-heater-cozy-18-og\/\"]}]},{\"@type\":\"ImageObject\",\"inLanguage\":\"et\",\"@id\":\"https:\/\/falksale.com\/product\/wood-burning-heater-cozy-18-og\/#primaryimage\",\"url\":\"https:\/\/falksale.com\/wp-content\/uploads\/2025\/02\/cozy-18-og.png\",\"contentUrl\":\"https:\/\/falksale.com\/wp-content\/uploads\/2025\/02\/cozy-18-og.png\",\"width\":800,\"height\":800,\"caption\":\"Wood burning heater COZY 18 OG\"},{\"@type\":\"BreadcrumbList\",\"@id\":\"https:\/\/falksale.com\/product\/wood-burning-heater-cozy-18-og\/#breadcrumb\",\"itemListElement\":[{\"@type\":\"ListItem\",\"position\":1,\"name\":\"Home\",\"item\":\"https:\/\/falksale.com\/\"},{\"@type\":\"ListItem\",\"position\":2,\"name\":\"Shop\",\"item\":\"https:\/\/falksale.com\/shop\/\"},{\"@type\":\"ListItem\",\"position\":3,\"name\":\"Wood burning heater COZY 18 OG\"}]},{\"@type\":\"WebSite\",\"@id\":\"https:\/\/falksale.com\/#website\",\"url\":\"https:\/\/falksale.com\/\",\"name\":\"FALKSALE\",\"description\":\"\",\"potentialAction\":[{\"@type\":\"SearchAction\",\"target\":{\"@type\":\"EntryPoint\",\"urlTemplate\":\"https:\/\/falksale.com\/?s={search_term_string}\"},\"query-input\":{\"@type\":\"PropertyValueSpecification\",\"valueRequired\":true,\"valueName\":\"search_term_string\"}}],\"inLanguage\":\"et\"}]}<\/script>\n<!-- \/ Yoast SEO plugin. -->","yoast_head_json":{"title":"Wood burning heater COZY 18 OG - FALKSALE","robots":{"index":"index","follow":"follow","max-snippet":"max-snippet:-1","max-image-preview":"max-image-preview:large","max-video-preview":"max-video-preview:-1"},"canonical":"https:\/\/falksale.com\/et\/toode\/wood-burning-heater-cozy-18-og\/","og_locale":"et_EE","og_type":"article","og_title":"Wood burning heater COZY 18 OG - FALKSALE","og_description":"The heart of sauna is the heater. If the heat is not mild and you feel uncomfortable, then usually the stove is the problem  Wood- heated stoves are best for mild and long lasting heat, they are made for making the steam by throwing some water on the stones. We have been producing the sauna stones more than fifteen years and our specialists know all the secrets of good sauna already for generations  Our stoves are unique in Estonia. We are the only producers that meet the German BIMSCH certificate requirements in T\u00dcV test without supportive equipment\u2019s. Stove needs at least 25% fuel compared to similar heaters . In the test it was needed even 40% less fuel.  Smoke gases are 6x cleaner compared to similar heaters.  The safety room between the heater and flammable material (wood) is only 23cm without any fire protection screens.  Room volume 20 m\u00b3  All heaters include stones, a control panel according to the heater, and a chimney.","og_url":"https:\/\/falksale.com\/et\/toode\/wood-burning-heater-cozy-18-og\/","og_site_name":"FALKSALE","article_modified_time":"2025-03-10T07:44:40+00:00","og_image":[{"width":800,"height":800,"url":"https:\/\/falksale.com\/wp-content\/uploads\/2025\/02\/cozy-18-og.png","type":"image\/png"}],"twitter_card":"summary_large_image","schema":{"@context":"https:\/\/schema.org","@graph":[{"@type":"WebPage","@id":"https:\/\/falksale.com\/product\/wood-burning-heater-cozy-18-og\/","url":"https:\/\/falksale.com\/product\/wood-burning-heater-cozy-18-og\/","name":"Wood burning heater COZY 18 OG - FALKSALE","isPartOf":{"@id":"https:\/\/falksale.com\/#website"},"primaryImageOfPage":{"@id":"https:\/\/falksale.com\/product\/wood-burning-heater-cozy-18-og\/#primaryimage"},"image":{"@id":"https:\/\/falksale.com\/product\/wood-burning-heater-cozy-18-og\/#primaryimage"},"thumbnailUrl":"https:\/\/falksale.com\/wp-content\/uploads\/2025\/02\/cozy-18-og.png","datePublished":"2025-02-17T08:07:35+00:00","dateModified":"2025-03-10T07:44:40+00:00","breadcrumb":{"@id":"https:\/\/falksale.com\/product\/wood-burning-heater-cozy-18-og\/#breadcrumb"},"inLanguage":"et","potentialAction":[{"@type":"ReadAction","target":["https:\/\/falksale.com\/product\/wood-burning-heater-cozy-18-og\/"]}]},{"@type":"ImageObject","inLanguage":"et","@id":"https:\/\/falksale.com\/product\/wood-burning-heater-cozy-18-og\/#primaryimage","url":"https:\/\/falksale.com\/wp-content\/uploads\/2025\/02\/cozy-18-og.png","contentUrl":"https:\/\/falksale.com\/wp-content\/uploads\/2025\/02\/cozy-18-og.png","width":800,"height":800,"caption":"Wood burning heater COZY 18 OG"},{"@type":"BreadcrumbList","@id":"https:\/\/falksale.com\/product\/wood-burning-heater-cozy-18-og\/#breadcrumb","itemListElement":[{"@type":"ListItem","position":1,"name":"Home","item":"https:\/\/falksale.com\/"},{"@type":"ListItem","position":2,"name":"Shop","item":"https:\/\/falksale.com\/shop\/"},{"@type":"ListItem","position":3,"name":"Wood burning heater COZY 18 OG"}]},{"@type":"WebSite","@id":"https:\/\/falksale.com\/#website","url":"https:\/\/falksale.com\/","name":"FALKSALE","description":"","potentialAction":[{"@type":"SearchAction","target":{"@type":"EntryPoint","urlTemplate":"https:\/\/falksale.com\/?s={search_term_string}"},"query-input":{"@type":"PropertyValueSpecification","valueRequired":true,"valueName":"search_term_string"}}],"inLanguage":"et"}]}},"_links":{"self":[{"href":"https:\/\/falksale.com\/et\/wp-json\/wp\/v2\/product\/262","targetHints":{"allow":["GET"]}}],"collection":[{"href":"https:\/\/falksale.com\/et\/wp-json\/wp\/v2\/product"}],"about":[{"href":"https:\/\/falksale.com\/et\/wp-json\/wp\/v2\/types\/product"}],"wp:featuredmedia":[{"embeddable":true,"href":"https:\/\/falksale.com\/et\/wp-json\/wp\/v2\/media\/265"}],"wp:attachment":[{"href":"https:\/\/falksale.com\/et\/wp-json\/wp\/v2\/media?parent=262"}],"wp:term":[{"taxonomy":"product_brand","embeddable":true,"href":"https:\/\/falksale.com\/et\/wp-json\/wp\/v2\/product_brand?post=262"},{"taxonomy":"product_cat","embeddable":true,"href":"https:\/\/falksale.com\/et\/wp-json\/wp\/v2\/product_cat?post=262"},{"taxonomy":"product_tag","embeddable":true,"href":"https:\/\/falksale.com\/et\/wp-json\/wp\/v2\/product_tag?post=262"}],"curies":[{"name":"wp","href":"https:\/\/api.w.org\/{rel}","templated":true}]}}