{"id":260,"date":"2025-02-17T08:02:43","date_gmt":"2025-02-17T08:02:43","guid":{"rendered":"https:\/\/falksale.com\/?post_type=product&#038;p=260"},"modified":"2025-03-10T07:44:48","modified_gmt":"2025-03-10T07:44:48","slug":"wood-burning-heater-harvia-m3","status":"publish","type":"product","link":"https:\/\/falksale.com\/et\/toode\/wood-burning-heater-harvia-m3\/","title":{"rendered":"Puuk\u00fcttega keris Harvia M3"},"content":{"rendered":"","protected":false},"excerpt":{"rendered":"<p>Harvia M3 on klassikalise disainiga ja sobib v\u00e4ikestesse saunadesse. See muudab saunask\u00e4imise meeldivaks kogemuseks ja lisab traditsioonilise sauna atmosf\u00e4\u00e4ri. \u00dchtlane soojus ja t\u00f5hus \u00f5huringlus garanteerivad nauditava saunaelamuse.<\/p>\n<p>Harvia M3 on varustatud klaasuksega, mis v\u00f5imaldab tule soojal helgil t\u00e4iendada sauna atmosf\u00e4\u00e4ri. Puuk\u00fcttega kerise v\u00e4rv on elegantne grafiitmust ja sellel on roostevabast terasest \u00f5huvoolu spoiler. M3 puuk\u00fcttega kerisele saab paigaldada torumudeliga veeboileri.<\/p>\n<p><strong>Ruumi suurus:<\/strong><br \/>\n6 m\u00b3 &#8211; 13 m\u00b3<\/p>\n<p><span lang=\"EN-US\" style=\"text-decoration: none; text-underline: none;\">K\u00f5ik kerised sisaldavad kive, kerisele vastavat juhtpaneeli ja korstent.<\/span><\/p>","protected":false},"featured_media":261,"template":"","meta":[],"product_brand":[],"product_cat":[32],"product_tag":[],"class_list":{"0":"post-260","1":"product","2":"type-product","3":"status-publish","4":"has-post-thumbnail","6":"product_cat-sauna-accessories","7":"product_shipping_class-courier","9":"first","10":"instock","11":"taxable","12":"shipping-taxable","13":"purchasable","14":"product-type-simple"},"yoast_head":"<!-- This site is optimized with the Yoast SEO plugin v24.7 - https:\/\/yoast.com\/wordpress\/plugins\/seo\/ -->\n<title>Wood burning heater Harvia M3 - FALKSALE<\/title>\n<meta name=\"robots\" content=\"index, follow, max-snippet:-1, max-image-preview:large, max-video-preview:-1\" \/>\n<link rel=\"canonical\" href=\"https:\/\/falksale.com\/et\/toode\/wood-burning-heater-harvia-m3\/\" \/>\n<meta property=\"og:locale\" content=\"et_EE\" \/>\n<meta property=\"og:type\" content=\"article\" \/>\n<meta property=\"og:title\" content=\"Wood burning heater Harvia M3 - FALKSALE\" \/>\n<meta property=\"og:description\" content=\"The Harvia M3 has a classic design and is suitable for small saunas. It turns a sauna bath into a pleasurable experience and adds a touch of traditional sauna atmosphere. The even heat and efficient air circulation guarantee an enjoyable bath.  The Harvia M3 is equipped with a glass door, allowing the warm glow of the fire to complement the sauna atmosphere. The color of the wood burning heater is elegant graphite black and it has a stainless steel air-flow spoiler. The M3 wood burning heater can be equipped with a pipe model water heater.  Room volume 6 m\u00b3 - 13 m\u00b3  All heaters include stones, a control panel according to the heater, and a chimney.\" \/>\n<meta property=\"og:url\" content=\"https:\/\/falksale.com\/et\/toode\/wood-burning-heater-harvia-m3\/\" \/>\n<meta property=\"og:site_name\" content=\"FALKSALE\" \/>\n<meta property=\"article:modified_time\" content=\"2025-03-10T07:44:48+00:00\" \/>\n<meta property=\"og:image\" content=\"https:\/\/falksale.com\/wp-content\/uploads\/2025\/02\/harvia-m3.png\" \/>\n\t<meta property=\"og:image:width\" content=\"800\" \/>\n\t<meta property=\"og:image:height\" content=\"800\" \/>\n\t<meta property=\"og:image:type\" content=\"image\/png\" \/>\n<meta name=\"twitter:card\" content=\"summary_large_image\" \/>\n<script type=\"application\/ld+json\" class=\"yoast-schema-graph\">{\"@context\":\"https:\/\/schema.org\",\"@graph\":[{\"@type\":\"WebPage\",\"@id\":\"https:\/\/falksale.com\/product\/wood-burning-heater-harvia-m3\/\",\"url\":\"https:\/\/falksale.com\/product\/wood-burning-heater-harvia-m3\/\",\"name\":\"Wood burning heater Harvia M3 - FALKSALE\",\"isPartOf\":{\"@id\":\"https:\/\/falksale.com\/#website\"},\"primaryImageOfPage\":{\"@id\":\"https:\/\/falksale.com\/product\/wood-burning-heater-harvia-m3\/#primaryimage\"},\"image\":{\"@id\":\"https:\/\/falksale.com\/product\/wood-burning-heater-harvia-m3\/#primaryimage\"},\"thumbnailUrl\":\"https:\/\/falksale.com\/wp-content\/uploads\/2025\/02\/harvia-m3.png\",\"datePublished\":\"2025-02-17T08:02:43+00:00\",\"dateModified\":\"2025-03-10T07:44:48+00:00\",\"breadcrumb\":{\"@id\":\"https:\/\/falksale.com\/product\/wood-burning-heater-harvia-m3\/#breadcrumb\"},\"inLanguage\":\"et\",\"potentialAction\":[{\"@type\":\"ReadAction\",\"target\":[\"https:\/\/falksale.com\/product\/wood-burning-heater-harvia-m3\/\"]}]},{\"@type\":\"ImageObject\",\"inLanguage\":\"et\",\"@id\":\"https:\/\/falksale.com\/product\/wood-burning-heater-harvia-m3\/#primaryimage\",\"url\":\"https:\/\/falksale.com\/wp-content\/uploads\/2025\/02\/harvia-m3.png\",\"contentUrl\":\"https:\/\/falksale.com\/wp-content\/uploads\/2025\/02\/harvia-m3.png\",\"width\":800,\"height\":800,\"caption\":\"Wood burning heater Harvia M3\"},{\"@type\":\"BreadcrumbList\",\"@id\":\"https:\/\/falksale.com\/product\/wood-burning-heater-harvia-m3\/#breadcrumb\",\"itemListElement\":[{\"@type\":\"ListItem\",\"position\":1,\"name\":\"Home\",\"item\":\"https:\/\/falksale.com\/\"},{\"@type\":\"ListItem\",\"position\":2,\"name\":\"Shop\",\"item\":\"https:\/\/falksale.com\/shop\/\"},{\"@type\":\"ListItem\",\"position\":3,\"name\":\"Wood burning heater Harvia M3\"}]},{\"@type\":\"WebSite\",\"@id\":\"https:\/\/falksale.com\/#website\",\"url\":\"https:\/\/falksale.com\/\",\"name\":\"FALKSALE\",\"description\":\"\",\"potentialAction\":[{\"@type\":\"SearchAction\",\"target\":{\"@type\":\"EntryPoint\",\"urlTemplate\":\"https:\/\/falksale.com\/?s={search_term_string}\"},\"query-input\":{\"@type\":\"PropertyValueSpecification\",\"valueRequired\":true,\"valueName\":\"search_term_string\"}}],\"inLanguage\":\"et\"}]}<\/script>\n<!-- \/ Yoast SEO plugin. -->","yoast_head_json":{"title":"Wood burning heater Harvia M3 - FALKSALE","robots":{"index":"index","follow":"follow","max-snippet":"max-snippet:-1","max-image-preview":"max-image-preview:large","max-video-preview":"max-video-preview:-1"},"canonical":"https:\/\/falksale.com\/et\/toode\/wood-burning-heater-harvia-m3\/","og_locale":"et_EE","og_type":"article","og_title":"Wood burning heater Harvia M3 - FALKSALE","og_description":"The Harvia M3 has a classic design and is suitable for small saunas. It turns a sauna bath into a pleasurable experience and adds a touch of traditional sauna atmosphere. The even heat and efficient air circulation guarantee an enjoyable bath.  The Harvia M3 is equipped with a glass door, allowing the warm glow of the fire to complement the sauna atmosphere. The color of the wood burning heater is elegant graphite black and it has a stainless steel air-flow spoiler. The M3 wood burning heater can be equipped with a pipe model water heater.  Room volume 6 m\u00b3 - 13 m\u00b3  All heaters include stones, a control panel according to the heater, and a chimney.","og_url":"https:\/\/falksale.com\/et\/toode\/wood-burning-heater-harvia-m3\/","og_site_name":"FALKSALE","article_modified_time":"2025-03-10T07:44:48+00:00","og_image":[{"width":800,"height":800,"url":"https:\/\/falksale.com\/wp-content\/uploads\/2025\/02\/harvia-m3.png","type":"image\/png"}],"twitter_card":"summary_large_image","schema":{"@context":"https:\/\/schema.org","@graph":[{"@type":"WebPage","@id":"https:\/\/falksale.com\/product\/wood-burning-heater-harvia-m3\/","url":"https:\/\/falksale.com\/product\/wood-burning-heater-harvia-m3\/","name":"Wood burning heater Harvia M3 - FALKSALE","isPartOf":{"@id":"https:\/\/falksale.com\/#website"},"primaryImageOfPage":{"@id":"https:\/\/falksale.com\/product\/wood-burning-heater-harvia-m3\/#primaryimage"},"image":{"@id":"https:\/\/falksale.com\/product\/wood-burning-heater-harvia-m3\/#primaryimage"},"thumbnailUrl":"https:\/\/falksale.com\/wp-content\/uploads\/2025\/02\/harvia-m3.png","datePublished":"2025-02-17T08:02:43+00:00","dateModified":"2025-03-10T07:44:48+00:00","breadcrumb":{"@id":"https:\/\/falksale.com\/product\/wood-burning-heater-harvia-m3\/#breadcrumb"},"inLanguage":"et","potentialAction":[{"@type":"ReadAction","target":["https:\/\/falksale.com\/product\/wood-burning-heater-harvia-m3\/"]}]},{"@type":"ImageObject","inLanguage":"et","@id":"https:\/\/falksale.com\/product\/wood-burning-heater-harvia-m3\/#primaryimage","url":"https:\/\/falksale.com\/wp-content\/uploads\/2025\/02\/harvia-m3.png","contentUrl":"https:\/\/falksale.com\/wp-content\/uploads\/2025\/02\/harvia-m3.png","width":800,"height":800,"caption":"Wood burning heater Harvia M3"},{"@type":"BreadcrumbList","@id":"https:\/\/falksale.com\/product\/wood-burning-heater-harvia-m3\/#breadcrumb","itemListElement":[{"@type":"ListItem","position":1,"name":"Home","item":"https:\/\/falksale.com\/"},{"@type":"ListItem","position":2,"name":"Shop","item":"https:\/\/falksale.com\/shop\/"},{"@type":"ListItem","position":3,"name":"Wood burning heater Harvia M3"}]},{"@type":"WebSite","@id":"https:\/\/falksale.com\/#website","url":"https:\/\/falksale.com\/","name":"FALKSALE","description":"","potentialAction":[{"@type":"SearchAction","target":{"@type":"EntryPoint","urlTemplate":"https:\/\/falksale.com\/?s={search_term_string}"},"query-input":{"@type":"PropertyValueSpecification","valueRequired":true,"valueName":"search_term_string"}}],"inLanguage":"et"}]}},"_links":{"self":[{"href":"https:\/\/falksale.com\/et\/wp-json\/wp\/v2\/product\/260","targetHints":{"allow":["GET"]}}],"collection":[{"href":"https:\/\/falksale.com\/et\/wp-json\/wp\/v2\/product"}],"about":[{"href":"https:\/\/falksale.com\/et\/wp-json\/wp\/v2\/types\/product"}],"wp:featuredmedia":[{"embeddable":true,"href":"https:\/\/falksale.com\/et\/wp-json\/wp\/v2\/media\/261"}],"wp:attachment":[{"href":"https:\/\/falksale.com\/et\/wp-json\/wp\/v2\/media?parent=260"}],"wp:term":[{"taxonomy":"product_brand","embeddable":true,"href":"https:\/\/falksale.com\/et\/wp-json\/wp\/v2\/product_brand?post=260"},{"taxonomy":"product_cat","embeddable":true,"href":"https:\/\/falksale.com\/et\/wp-json\/wp\/v2\/product_cat?post=260"},{"taxonomy":"product_tag","embeddable":true,"href":"https:\/\/falksale.com\/et\/wp-json\/wp\/v2\/product_tag?post=260"}],"curies":[{"name":"wp","href":"https:\/\/api.w.org\/{rel}","templated":true}]}}