{"id":253,"date":"2025-02-17T07:39:50","date_gmt":"2025-02-17T07:39:50","guid":{"rendered":"https:\/\/falksale.com\/?post_type=product&#038;p=253"},"modified":"2025-03-10T07:44:47","modified_gmt":"2025-03-10T07:44:47","slug":"wood-burning-heater-harvia-m3-sl-black","status":"publish","type":"product","link":"https:\/\/falksale.com\/et\/toode\/wood-burning-heater-harvia-m3-sl-black\/","title":{"rendered":"Puuk\u00fcttega keris Harvia M3 SL must"},"content":{"rendered":"","protected":false},"excerpt":{"rendered":"<p>Harvia M3 SL mudel on m\u00f5eldud inimestele, kes soovivad mugavalt k\u00fctta oma sauna teisest ruumist v\u00f5i hoone v\u00e4lisk\u00fcljelt. Ukse avanemise suunda saab muuta, mis teeb need puuk\u00fcttega kerised veelgi lihtsamini kasutatavaks.<\/p>\n<p>K\u00f5ik Harvia puuk\u00fcttega keristest l\u00e4biseinak\u00fctmise mudelid on varustatud klaasuksega. Harvia M3 SL sauna puuk\u00fcttega kerisele saab paigaldada torumudeliga veeboileri.<\/p>\n<p><strong>Ruumi suurus:<\/strong><br \/>\n6 m\u00b3 &#8211; 13 m\u00b3<\/p>\n<p><span lang=\"EN-US\" style=\"text-decoration: none; text-underline: none;\">K\u00f5ik kerised sisaldavad kive, kerisele vastavat juhtpaneeli ja korstent.<\/span><\/p>","protected":false},"featured_media":256,"template":"","meta":[],"product_brand":[],"product_cat":[32],"product_tag":[],"class_list":{"0":"post-253","1":"product","2":"type-product","3":"status-publish","4":"has-post-thumbnail","6":"product_cat-sauna-accessories","7":"product_shipping_class-courier","9":"first","10":"instock","11":"taxable","12":"shipping-taxable","13":"purchasable","14":"product-type-simple"},"yoast_head":"<!-- This site is optimized with the Yoast SEO plugin v24.7 - https:\/\/yoast.com\/wordpress\/plugins\/seo\/ -->\n<title>Wood burning heater Harvia M3 SL black - FALKSALE<\/title>\n<meta name=\"robots\" content=\"index, follow, max-snippet:-1, max-image-preview:large, max-video-preview:-1\" \/>\n<link rel=\"canonical\" href=\"https:\/\/falksale.com\/et\/toode\/wood-burning-heater-harvia-m3-sl-black\/\" \/>\n<meta property=\"og:locale\" content=\"et_EE\" \/>\n<meta property=\"og:type\" content=\"article\" \/>\n<meta property=\"og:title\" content=\"Wood burning heater Harvia M3 SL black - FALKSALE\" \/>\n<meta property=\"og:description\" content=\"The Harvia M3 SL model is designed for people who want to conveniently heat their sauna from another room or outside the building. The opening direction of the door can be changed, making these wood burning heaters even easier to use.  All Harvia wood burning heaters for through-the-wall heating models are equipped with a glass door. Harvia M3 SL sauna wood burning heater can be equipped with a pipe model water heater.  Room volume 6 m\u00b3 - 13 m\u00b3  All heaters include stones, a control panel according to the heater, and a chimney.\" \/>\n<meta property=\"og:url\" content=\"https:\/\/falksale.com\/et\/toode\/wood-burning-heater-harvia-m3-sl-black\/\" \/>\n<meta property=\"og:site_name\" content=\"FALKSALE\" \/>\n<meta property=\"article:modified_time\" content=\"2025-03-10T07:44:47+00:00\" \/>\n<meta property=\"og:image\" content=\"https:\/\/falksale.com\/wp-content\/uploads\/2025\/02\/harvia-m3sl-black.jpg\" \/>\n\t<meta property=\"og:image:width\" content=\"800\" \/>\n\t<meta property=\"og:image:height\" content=\"800\" \/>\n\t<meta property=\"og:image:type\" content=\"image\/jpeg\" \/>\n<meta name=\"twitter:card\" content=\"summary_large_image\" \/>\n<script type=\"application\/ld+json\" class=\"yoast-schema-graph\">{\"@context\":\"https:\/\/schema.org\",\"@graph\":[{\"@type\":\"WebPage\",\"@id\":\"https:\/\/falksale.com\/product\/wood-burning-heater-harvia-m3-sl-black\/\",\"url\":\"https:\/\/falksale.com\/product\/wood-burning-heater-harvia-m3-sl-black\/\",\"name\":\"Wood burning heater Harvia M3 SL black - FALKSALE\",\"isPartOf\":{\"@id\":\"https:\/\/falksale.com\/#website\"},\"primaryImageOfPage\":{\"@id\":\"https:\/\/falksale.com\/product\/wood-burning-heater-harvia-m3-sl-black\/#primaryimage\"},\"image\":{\"@id\":\"https:\/\/falksale.com\/product\/wood-burning-heater-harvia-m3-sl-black\/#primaryimage\"},\"thumbnailUrl\":\"https:\/\/falksale.com\/wp-content\/uploads\/2025\/02\/harvia-m3sl-black.jpg\",\"datePublished\":\"2025-02-17T07:39:50+00:00\",\"dateModified\":\"2025-03-10T07:44:47+00:00\",\"breadcrumb\":{\"@id\":\"https:\/\/falksale.com\/product\/wood-burning-heater-harvia-m3-sl-black\/#breadcrumb\"},\"inLanguage\":\"et\",\"potentialAction\":[{\"@type\":\"ReadAction\",\"target\":[\"https:\/\/falksale.com\/product\/wood-burning-heater-harvia-m3-sl-black\/\"]}]},{\"@type\":\"ImageObject\",\"inLanguage\":\"et\",\"@id\":\"https:\/\/falksale.com\/product\/wood-burning-heater-harvia-m3-sl-black\/#primaryimage\",\"url\":\"https:\/\/falksale.com\/wp-content\/uploads\/2025\/02\/harvia-m3sl-black.jpg\",\"contentUrl\":\"https:\/\/falksale.com\/wp-content\/uploads\/2025\/02\/harvia-m3sl-black.jpg\",\"width\":800,\"height\":800,\"caption\":\"Wood burning heater Harvia M3 SL black\"},{\"@type\":\"BreadcrumbList\",\"@id\":\"https:\/\/falksale.com\/product\/wood-burning-heater-harvia-m3-sl-black\/#breadcrumb\",\"itemListElement\":[{\"@type\":\"ListItem\",\"position\":1,\"name\":\"Home\",\"item\":\"https:\/\/falksale.com\/\"},{\"@type\":\"ListItem\",\"position\":2,\"name\":\"Shop\",\"item\":\"https:\/\/falksale.com\/shop\/\"},{\"@type\":\"ListItem\",\"position\":3,\"name\":\"Wood burning heater Harvia M3 SL black\"}]},{\"@type\":\"WebSite\",\"@id\":\"https:\/\/falksale.com\/#website\",\"url\":\"https:\/\/falksale.com\/\",\"name\":\"FALKSALE\",\"description\":\"\",\"potentialAction\":[{\"@type\":\"SearchAction\",\"target\":{\"@type\":\"EntryPoint\",\"urlTemplate\":\"https:\/\/falksale.com\/?s={search_term_string}\"},\"query-input\":{\"@type\":\"PropertyValueSpecification\",\"valueRequired\":true,\"valueName\":\"search_term_string\"}}],\"inLanguage\":\"et\"}]}<\/script>\n<!-- \/ Yoast SEO plugin. -->","yoast_head_json":{"title":"Wood burning heater Harvia M3 SL black - FALKSALE","robots":{"index":"index","follow":"follow","max-snippet":"max-snippet:-1","max-image-preview":"max-image-preview:large","max-video-preview":"max-video-preview:-1"},"canonical":"https:\/\/falksale.com\/et\/toode\/wood-burning-heater-harvia-m3-sl-black\/","og_locale":"et_EE","og_type":"article","og_title":"Wood burning heater Harvia M3 SL black - FALKSALE","og_description":"The Harvia M3 SL model is designed for people who want to conveniently heat their sauna from another room or outside the building. The opening direction of the door can be changed, making these wood burning heaters even easier to use.  All Harvia wood burning heaters for through-the-wall heating models are equipped with a glass door. Harvia M3 SL sauna wood burning heater can be equipped with a pipe model water heater.  Room volume 6 m\u00b3 - 13 m\u00b3  All heaters include stones, a control panel according to the heater, and a chimney.","og_url":"https:\/\/falksale.com\/et\/toode\/wood-burning-heater-harvia-m3-sl-black\/","og_site_name":"FALKSALE","article_modified_time":"2025-03-10T07:44:47+00:00","og_image":[{"width":800,"height":800,"url":"https:\/\/falksale.com\/wp-content\/uploads\/2025\/02\/harvia-m3sl-black.jpg","type":"image\/jpeg"}],"twitter_card":"summary_large_image","schema":{"@context":"https:\/\/schema.org","@graph":[{"@type":"WebPage","@id":"https:\/\/falksale.com\/product\/wood-burning-heater-harvia-m3-sl-black\/","url":"https:\/\/falksale.com\/product\/wood-burning-heater-harvia-m3-sl-black\/","name":"Wood burning heater Harvia M3 SL black - FALKSALE","isPartOf":{"@id":"https:\/\/falksale.com\/#website"},"primaryImageOfPage":{"@id":"https:\/\/falksale.com\/product\/wood-burning-heater-harvia-m3-sl-black\/#primaryimage"},"image":{"@id":"https:\/\/falksale.com\/product\/wood-burning-heater-harvia-m3-sl-black\/#primaryimage"},"thumbnailUrl":"https:\/\/falksale.com\/wp-content\/uploads\/2025\/02\/harvia-m3sl-black.jpg","datePublished":"2025-02-17T07:39:50+00:00","dateModified":"2025-03-10T07:44:47+00:00","breadcrumb":{"@id":"https:\/\/falksale.com\/product\/wood-burning-heater-harvia-m3-sl-black\/#breadcrumb"},"inLanguage":"et","potentialAction":[{"@type":"ReadAction","target":["https:\/\/falksale.com\/product\/wood-burning-heater-harvia-m3-sl-black\/"]}]},{"@type":"ImageObject","inLanguage":"et","@id":"https:\/\/falksale.com\/product\/wood-burning-heater-harvia-m3-sl-black\/#primaryimage","url":"https:\/\/falksale.com\/wp-content\/uploads\/2025\/02\/harvia-m3sl-black.jpg","contentUrl":"https:\/\/falksale.com\/wp-content\/uploads\/2025\/02\/harvia-m3sl-black.jpg","width":800,"height":800,"caption":"Wood burning heater Harvia M3 SL black"},{"@type":"BreadcrumbList","@id":"https:\/\/falksale.com\/product\/wood-burning-heater-harvia-m3-sl-black\/#breadcrumb","itemListElement":[{"@type":"ListItem","position":1,"name":"Home","item":"https:\/\/falksale.com\/"},{"@type":"ListItem","position":2,"name":"Shop","item":"https:\/\/falksale.com\/shop\/"},{"@type":"ListItem","position":3,"name":"Wood burning heater Harvia M3 SL black"}]},{"@type":"WebSite","@id":"https:\/\/falksale.com\/#website","url":"https:\/\/falksale.com\/","name":"FALKSALE","description":"","potentialAction":[{"@type":"SearchAction","target":{"@type":"EntryPoint","urlTemplate":"https:\/\/falksale.com\/?s={search_term_string}"},"query-input":{"@type":"PropertyValueSpecification","valueRequired":true,"valueName":"search_term_string"}}],"inLanguage":"et"}]}},"_links":{"self":[{"href":"https:\/\/falksale.com\/et\/wp-json\/wp\/v2\/product\/253","targetHints":{"allow":["GET"]}}],"collection":[{"href":"https:\/\/falksale.com\/et\/wp-json\/wp\/v2\/product"}],"about":[{"href":"https:\/\/falksale.com\/et\/wp-json\/wp\/v2\/types\/product"}],"wp:featuredmedia":[{"embeddable":true,"href":"https:\/\/falksale.com\/et\/wp-json\/wp\/v2\/media\/256"}],"wp:attachment":[{"href":"https:\/\/falksale.com\/et\/wp-json\/wp\/v2\/media?parent=253"}],"wp:term":[{"taxonomy":"product_brand","embeddable":true,"href":"https:\/\/falksale.com\/et\/wp-json\/wp\/v2\/product_brand?post=253"},{"taxonomy":"product_cat","embeddable":true,"href":"https:\/\/falksale.com\/et\/wp-json\/wp\/v2\/product_cat?post=253"},{"taxonomy":"product_tag","embeddable":true,"href":"https:\/\/falksale.com\/et\/wp-json\/wp\/v2\/product_tag?post=253"}],"curies":[{"name":"wp","href":"https:\/\/api.w.org\/{rel}","templated":true}]}}