{"id":1160,"date":"2025-03-10T07:04:10","date_gmt":"2025-03-10T07:04:10","guid":{"rendered":"https:\/\/falksale.com\/?post_type=product&#038;p=1160"},"modified":"2025-03-11T09:13:20","modified_gmt":"2025-03-11T09:13:20","slug":"body-scrub-150ml","status":"publish","type":"product","link":"https:\/\/falksale.com\/et\/toode\/body-scrub-150ml\/","title":{"rendered":"Kehakoorija 150ml"},"content":{"rendered":"","protected":false},"excerpt":{"rendered":"<p>S\u00fcgavpuhastav kehakoorija, mis on inspireeritud meie saunadest. See sisaldab turvast, ploomikivipulbrit ja E-vitamiini. Apelsini\u00f5li annab \u00f5rna ja v\u00e4rskendava l\u00f5hna. Turvas aitab nahka kirgastada ja kaitseb seda vabade radikaalide eest, E-vitamiin aga kiirendab naha paranemist ja v\u00e4hendab p\u00f5letikku. \u00d5rn koorimine soodustab rakkude uuenemist, eemaldades surnud naharakud ja niisutades nahka.<\/p>","protected":false},"featured_media":1161,"template":"","meta":[],"product_brand":[],"product_cat":[33],"product_tag":[],"class_list":{"0":"post-1160","1":"product","2":"type-product","3":"status-publish","4":"has-post-thumbnail","6":"product_cat-wellness-products","8":"first","9":"instock","10":"taxable","11":"shipping-taxable","12":"purchasable","13":"product-type-simple"},"yoast_head":"<!-- This site is optimized with the Yoast SEO plugin v24.7 - https:\/\/yoast.com\/wordpress\/plugins\/seo\/ -->\n<title>Body scrub 150ml - FALKSALE<\/title>\n<meta name=\"robots\" content=\"index, follow, max-snippet:-1, max-image-preview:large, max-video-preview:-1\" \/>\n<link rel=\"canonical\" href=\"https:\/\/falksale.com\/et\/toode\/body-scrub-150ml\/\" \/>\n<meta property=\"og:locale\" content=\"et_EE\" \/>\n<meta property=\"og:type\" content=\"article\" \/>\n<meta property=\"og:title\" content=\"Body scrub 150ml - FALKSALE\" \/>\n<meta property=\"og:description\" content=\"A deep-cleansing body scrub inspired by our saunas. It contains peat, plum stone powder, and vitamin E. Orange oil provides a gentle and refreshing fragrance. Peat helps brighten the skin and protects it from free radicals, while vitamin E accelerates skin healing and reduces inflammation. The gentle exfoliation promotes cell renewal, removing dead skin cells and hydrating the skin.\" \/>\n<meta property=\"og:url\" content=\"https:\/\/falksale.com\/et\/toode\/body-scrub-150ml\/\" \/>\n<meta property=\"og:site_name\" content=\"FALKSALE\" \/>\n<meta property=\"article:modified_time\" content=\"2025-03-11T09:13:20+00:00\" \/>\n<meta property=\"og:image\" content=\"https:\/\/falksale.com\/wp-content\/uploads\/2025\/03\/Body-scrub-150ml.jpg\" \/>\n\t<meta property=\"og:image:width\" content=\"2048\" \/>\n\t<meta property=\"og:image:height\" content=\"2048\" \/>\n\t<meta property=\"og:image:type\" content=\"image\/jpeg\" \/>\n<meta name=\"twitter:card\" content=\"summary_large_image\" \/>\n<meta name=\"twitter:label1\" content=\"Est. reading time\" \/>\n\t<meta name=\"twitter:data1\" content=\"1 minut\" \/>\n<script type=\"application\/ld+json\" class=\"yoast-schema-graph\">{\"@context\":\"https:\/\/schema.org\",\"@graph\":[{\"@type\":\"WebPage\",\"@id\":\"https:\/\/falksale.com\/product\/body-scrub-150ml\/\",\"url\":\"https:\/\/falksale.com\/product\/body-scrub-150ml\/\",\"name\":\"Body scrub 150ml - FALKSALE\",\"isPartOf\":{\"@id\":\"https:\/\/falksale.com\/#website\"},\"primaryImageOfPage\":{\"@id\":\"https:\/\/falksale.com\/product\/body-scrub-150ml\/#primaryimage\"},\"image\":{\"@id\":\"https:\/\/falksale.com\/product\/body-scrub-150ml\/#primaryimage\"},\"thumbnailUrl\":\"https:\/\/falksale.com\/wp-content\/uploads\/2025\/03\/Body-scrub-150ml.jpg\",\"datePublished\":\"2025-03-10T07:04:10+00:00\",\"dateModified\":\"2025-03-11T09:13:20+00:00\",\"breadcrumb\":{\"@id\":\"https:\/\/falksale.com\/product\/body-scrub-150ml\/#breadcrumb\"},\"inLanguage\":\"et\",\"potentialAction\":[{\"@type\":\"ReadAction\",\"target\":[\"https:\/\/falksale.com\/product\/body-scrub-150ml\/\"]}]},{\"@type\":\"ImageObject\",\"inLanguage\":\"et\",\"@id\":\"https:\/\/falksale.com\/product\/body-scrub-150ml\/#primaryimage\",\"url\":\"https:\/\/falksale.com\/wp-content\/uploads\/2025\/03\/Body-scrub-150ml.jpg\",\"contentUrl\":\"https:\/\/falksale.com\/wp-content\/uploads\/2025\/03\/Body-scrub-150ml.jpg\",\"width\":2048,\"height\":2048,\"caption\":\"Sauna wellness body scrub\"},{\"@type\":\"BreadcrumbList\",\"@id\":\"https:\/\/falksale.com\/product\/body-scrub-150ml\/#breadcrumb\",\"itemListElement\":[{\"@type\":\"ListItem\",\"position\":1,\"name\":\"Home\",\"item\":\"https:\/\/falksale.com\/\"},{\"@type\":\"ListItem\",\"position\":2,\"name\":\"Shop\",\"item\":\"https:\/\/falksale.com\/shop\/\"},{\"@type\":\"ListItem\",\"position\":3,\"name\":\"Body scrub 150ml\"}]},{\"@type\":\"WebSite\",\"@id\":\"https:\/\/falksale.com\/#website\",\"url\":\"https:\/\/falksale.com\/\",\"name\":\"FALKSALE\",\"description\":\"\",\"potentialAction\":[{\"@type\":\"SearchAction\",\"target\":{\"@type\":\"EntryPoint\",\"urlTemplate\":\"https:\/\/falksale.com\/?s={search_term_string}\"},\"query-input\":{\"@type\":\"PropertyValueSpecification\",\"valueRequired\":true,\"valueName\":\"search_term_string\"}}],\"inLanguage\":\"et\"}]}<\/script>\n<!-- \/ Yoast SEO plugin. -->","yoast_head_json":{"title":"Body scrub 150ml - FALKSALE","robots":{"index":"index","follow":"follow","max-snippet":"max-snippet:-1","max-image-preview":"max-image-preview:large","max-video-preview":"max-video-preview:-1"},"canonical":"https:\/\/falksale.com\/et\/toode\/body-scrub-150ml\/","og_locale":"et_EE","og_type":"article","og_title":"Body scrub 150ml - FALKSALE","og_description":"A deep-cleansing body scrub inspired by our saunas. It contains peat, plum stone powder, and vitamin E. Orange oil provides a gentle and refreshing fragrance. Peat helps brighten the skin and protects it from free radicals, while vitamin E accelerates skin healing and reduces inflammation. The gentle exfoliation promotes cell renewal, removing dead skin cells and hydrating the skin.","og_url":"https:\/\/falksale.com\/et\/toode\/body-scrub-150ml\/","og_site_name":"FALKSALE","article_modified_time":"2025-03-11T09:13:20+00:00","og_image":[{"width":2048,"height":2048,"url":"https:\/\/falksale.com\/wp-content\/uploads\/2025\/03\/Body-scrub-150ml.jpg","type":"image\/jpeg"}],"twitter_card":"summary_large_image","twitter_misc":{"Est. reading time":"1 minut"},"schema":{"@context":"https:\/\/schema.org","@graph":[{"@type":"WebPage","@id":"https:\/\/falksale.com\/product\/body-scrub-150ml\/","url":"https:\/\/falksale.com\/product\/body-scrub-150ml\/","name":"Body scrub 150ml - FALKSALE","isPartOf":{"@id":"https:\/\/falksale.com\/#website"},"primaryImageOfPage":{"@id":"https:\/\/falksale.com\/product\/body-scrub-150ml\/#primaryimage"},"image":{"@id":"https:\/\/falksale.com\/product\/body-scrub-150ml\/#primaryimage"},"thumbnailUrl":"https:\/\/falksale.com\/wp-content\/uploads\/2025\/03\/Body-scrub-150ml.jpg","datePublished":"2025-03-10T07:04:10+00:00","dateModified":"2025-03-11T09:13:20+00:00","breadcrumb":{"@id":"https:\/\/falksale.com\/product\/body-scrub-150ml\/#breadcrumb"},"inLanguage":"et","potentialAction":[{"@type":"ReadAction","target":["https:\/\/falksale.com\/product\/body-scrub-150ml\/"]}]},{"@type":"ImageObject","inLanguage":"et","@id":"https:\/\/falksale.com\/product\/body-scrub-150ml\/#primaryimage","url":"https:\/\/falksale.com\/wp-content\/uploads\/2025\/03\/Body-scrub-150ml.jpg","contentUrl":"https:\/\/falksale.com\/wp-content\/uploads\/2025\/03\/Body-scrub-150ml.jpg","width":2048,"height":2048,"caption":"Sauna wellness body scrub"},{"@type":"BreadcrumbList","@id":"https:\/\/falksale.com\/product\/body-scrub-150ml\/#breadcrumb","itemListElement":[{"@type":"ListItem","position":1,"name":"Home","item":"https:\/\/falksale.com\/"},{"@type":"ListItem","position":2,"name":"Shop","item":"https:\/\/falksale.com\/shop\/"},{"@type":"ListItem","position":3,"name":"Body scrub 150ml"}]},{"@type":"WebSite","@id":"https:\/\/falksale.com\/#website","url":"https:\/\/falksale.com\/","name":"FALKSALE","description":"","potentialAction":[{"@type":"SearchAction","target":{"@type":"EntryPoint","urlTemplate":"https:\/\/falksale.com\/?s={search_term_string}"},"query-input":{"@type":"PropertyValueSpecification","valueRequired":true,"valueName":"search_term_string"}}],"inLanguage":"et"}]}},"_links":{"self":[{"href":"https:\/\/falksale.com\/et\/wp-json\/wp\/v2\/product\/1160","targetHints":{"allow":["GET"]}}],"collection":[{"href":"https:\/\/falksale.com\/et\/wp-json\/wp\/v2\/product"}],"about":[{"href":"https:\/\/falksale.com\/et\/wp-json\/wp\/v2\/types\/product"}],"wp:featuredmedia":[{"embeddable":true,"href":"https:\/\/falksale.com\/et\/wp-json\/wp\/v2\/media\/1161"}],"wp:attachment":[{"href":"https:\/\/falksale.com\/et\/wp-json\/wp\/v2\/media?parent=1160"}],"wp:term":[{"taxonomy":"product_brand","embeddable":true,"href":"https:\/\/falksale.com\/et\/wp-json\/wp\/v2\/product_brand?post=1160"},{"taxonomy":"product_cat","embeddable":true,"href":"https:\/\/falksale.com\/et\/wp-json\/wp\/v2\/product_cat?post=1160"},{"taxonomy":"product_tag","embeddable":true,"href":"https:\/\/falksale.com\/et\/wp-json\/wp\/v2\/product_tag?post=1160"}],"curies":[{"name":"wp","href":"https:\/\/api.w.org\/{rel}","templated":true}]}}