{"id":1158,"date":"2025-03-10T07:03:07","date_gmt":"2025-03-10T07:03:07","guid":{"rendered":"https:\/\/falksale.com\/?post_type=product&#038;p=1158"},"modified":"2025-03-11T09:13:57","modified_gmt":"2025-03-11T09:13:57","slug":"face-mask-150ml","status":"publish","type":"product","link":"https:\/\/falksale.com\/et\/toode\/face-mask-150ml\/","title":{"rendered":"N\u00e4omask 150ml"},"content":{"rendered":"","protected":false},"excerpt":{"rendered":"<p>Orgaaniline n\u00e4omask sobib suurep\u00e4raselt saunaj\u00e4rgseks hoolduseks v\u00f5i igap\u00e4evaseks kasutamiseks. Valmistatud haruldasest Eesti turbast, mis on hoolikalt filtreeritud, annab nahale s\u00fcgavpuhastava ja noorendava toime. Mask silub kortse, stimuleerib vereringet ja aitab aknet ravida, puhastades mustusest ja parandades mikrohaavu. Sobib k\u00f5ikidele nahat\u00fc\u00fcpidele, j\u00e4tab naha siidiselt siledaks ja terveks.<\/p>","protected":false},"featured_media":1159,"template":"","meta":[],"product_brand":[],"product_cat":[33],"product_tag":[],"class_list":{"0":"post-1158","1":"product","2":"type-product","3":"status-publish","4":"has-post-thumbnail","6":"product_cat-wellness-products","8":"first","9":"instock","10":"taxable","11":"shipping-taxable","12":"purchasable","13":"product-type-simple"},"yoast_head":"<!-- This site is optimized with the Yoast SEO plugin v24.7 - https:\/\/yoast.com\/wordpress\/plugins\/seo\/ -->\n<title>Face mask 150ml - FALKSALE<\/title>\n<meta name=\"robots\" content=\"index, follow, max-snippet:-1, max-image-preview:large, max-video-preview:-1\" \/>\n<link rel=\"canonical\" href=\"https:\/\/falksale.com\/et\/toode\/face-mask-150ml\/\" \/>\n<meta property=\"og:locale\" content=\"et_EE\" \/>\n<meta property=\"og:type\" content=\"article\" \/>\n<meta property=\"og:title\" content=\"Face mask 150ml - FALKSALE\" \/>\n<meta property=\"og:description\" content=\"Organic face mask is perfect for post-sauna care or everyday use. Made from rare Estonian peat that has been meticulously filtered, it provides deep cleansing and rejuvenating effects for the skin. The mask smooths wrinkles, stimulates circulation, and aids in acne treatment by purging impurities and healing micro-wounds. Suitable for all skin types, it leaves your skin silky smooth and healthy.\" \/>\n<meta property=\"og:url\" content=\"https:\/\/falksale.com\/et\/toode\/face-mask-150ml\/\" \/>\n<meta property=\"og:site_name\" content=\"FALKSALE\" \/>\n<meta property=\"article:modified_time\" content=\"2025-03-11T09:13:57+00:00\" \/>\n<meta property=\"og:image\" content=\"https:\/\/falksale.com\/wp-content\/uploads\/2025\/03\/Face-mask-150ml.jpg\" \/>\n\t<meta property=\"og:image:width\" content=\"2048\" \/>\n\t<meta property=\"og:image:height\" content=\"2048\" \/>\n\t<meta property=\"og:image:type\" content=\"image\/jpeg\" \/>\n<meta name=\"twitter:card\" content=\"summary_large_image\" \/>\n<meta name=\"twitter:label1\" content=\"Est. reading time\" \/>\n\t<meta name=\"twitter:data1\" content=\"1 minut\" \/>\n<script type=\"application\/ld+json\" class=\"yoast-schema-graph\">{\"@context\":\"https:\/\/schema.org\",\"@graph\":[{\"@type\":\"WebPage\",\"@id\":\"https:\/\/falksale.com\/product\/face-mask-150ml\/\",\"url\":\"https:\/\/falksale.com\/product\/face-mask-150ml\/\",\"name\":\"Face mask 150ml - FALKSALE\",\"isPartOf\":{\"@id\":\"https:\/\/falksale.com\/#website\"},\"primaryImageOfPage\":{\"@id\":\"https:\/\/falksale.com\/product\/face-mask-150ml\/#primaryimage\"},\"image\":{\"@id\":\"https:\/\/falksale.com\/product\/face-mask-150ml\/#primaryimage\"},\"thumbnailUrl\":\"https:\/\/falksale.com\/wp-content\/uploads\/2025\/03\/Face-mask-150ml.jpg\",\"datePublished\":\"2025-03-10T07:03:07+00:00\",\"dateModified\":\"2025-03-11T09:13:57+00:00\",\"breadcrumb\":{\"@id\":\"https:\/\/falksale.com\/product\/face-mask-150ml\/#breadcrumb\"},\"inLanguage\":\"et\",\"potentialAction\":[{\"@type\":\"ReadAction\",\"target\":[\"https:\/\/falksale.com\/product\/face-mask-150ml\/\"]}]},{\"@type\":\"ImageObject\",\"inLanguage\":\"et\",\"@id\":\"https:\/\/falksale.com\/product\/face-mask-150ml\/#primaryimage\",\"url\":\"https:\/\/falksale.com\/wp-content\/uploads\/2025\/03\/Face-mask-150ml.jpg\",\"contentUrl\":\"https:\/\/falksale.com\/wp-content\/uploads\/2025\/03\/Face-mask-150ml.jpg\",\"width\":2048,\"height\":2048,\"caption\":\"Sauna wellness face mask\"},{\"@type\":\"BreadcrumbList\",\"@id\":\"https:\/\/falksale.com\/product\/face-mask-150ml\/#breadcrumb\",\"itemListElement\":[{\"@type\":\"ListItem\",\"position\":1,\"name\":\"Home\",\"item\":\"https:\/\/falksale.com\/\"},{\"@type\":\"ListItem\",\"position\":2,\"name\":\"Shop\",\"item\":\"https:\/\/falksale.com\/shop\/\"},{\"@type\":\"ListItem\",\"position\":3,\"name\":\"Face mask 150ml\"}]},{\"@type\":\"WebSite\",\"@id\":\"https:\/\/falksale.com\/#website\",\"url\":\"https:\/\/falksale.com\/\",\"name\":\"FALKSALE\",\"description\":\"\",\"potentialAction\":[{\"@type\":\"SearchAction\",\"target\":{\"@type\":\"EntryPoint\",\"urlTemplate\":\"https:\/\/falksale.com\/?s={search_term_string}\"},\"query-input\":{\"@type\":\"PropertyValueSpecification\",\"valueRequired\":true,\"valueName\":\"search_term_string\"}}],\"inLanguage\":\"et\"}]}<\/script>\n<!-- \/ Yoast SEO plugin. -->","yoast_head_json":{"title":"Face mask 150ml - FALKSALE","robots":{"index":"index","follow":"follow","max-snippet":"max-snippet:-1","max-image-preview":"max-image-preview:large","max-video-preview":"max-video-preview:-1"},"canonical":"https:\/\/falksale.com\/et\/toode\/face-mask-150ml\/","og_locale":"et_EE","og_type":"article","og_title":"Face mask 150ml - FALKSALE","og_description":"Organic face mask is perfect for post-sauna care or everyday use. Made from rare Estonian peat that has been meticulously filtered, it provides deep cleansing and rejuvenating effects for the skin. The mask smooths wrinkles, stimulates circulation, and aids in acne treatment by purging impurities and healing micro-wounds. Suitable for all skin types, it leaves your skin silky smooth and healthy.","og_url":"https:\/\/falksale.com\/et\/toode\/face-mask-150ml\/","og_site_name":"FALKSALE","article_modified_time":"2025-03-11T09:13:57+00:00","og_image":[{"width":2048,"height":2048,"url":"https:\/\/falksale.com\/wp-content\/uploads\/2025\/03\/Face-mask-150ml.jpg","type":"image\/jpeg"}],"twitter_card":"summary_large_image","twitter_misc":{"Est. reading time":"1 minut"},"schema":{"@context":"https:\/\/schema.org","@graph":[{"@type":"WebPage","@id":"https:\/\/falksale.com\/product\/face-mask-150ml\/","url":"https:\/\/falksale.com\/product\/face-mask-150ml\/","name":"Face mask 150ml - FALKSALE","isPartOf":{"@id":"https:\/\/falksale.com\/#website"},"primaryImageOfPage":{"@id":"https:\/\/falksale.com\/product\/face-mask-150ml\/#primaryimage"},"image":{"@id":"https:\/\/falksale.com\/product\/face-mask-150ml\/#primaryimage"},"thumbnailUrl":"https:\/\/falksale.com\/wp-content\/uploads\/2025\/03\/Face-mask-150ml.jpg","datePublished":"2025-03-10T07:03:07+00:00","dateModified":"2025-03-11T09:13:57+00:00","breadcrumb":{"@id":"https:\/\/falksale.com\/product\/face-mask-150ml\/#breadcrumb"},"inLanguage":"et","potentialAction":[{"@type":"ReadAction","target":["https:\/\/falksale.com\/product\/face-mask-150ml\/"]}]},{"@type":"ImageObject","inLanguage":"et","@id":"https:\/\/falksale.com\/product\/face-mask-150ml\/#primaryimage","url":"https:\/\/falksale.com\/wp-content\/uploads\/2025\/03\/Face-mask-150ml.jpg","contentUrl":"https:\/\/falksale.com\/wp-content\/uploads\/2025\/03\/Face-mask-150ml.jpg","width":2048,"height":2048,"caption":"Sauna wellness face mask"},{"@type":"BreadcrumbList","@id":"https:\/\/falksale.com\/product\/face-mask-150ml\/#breadcrumb","itemListElement":[{"@type":"ListItem","position":1,"name":"Home","item":"https:\/\/falksale.com\/"},{"@type":"ListItem","position":2,"name":"Shop","item":"https:\/\/falksale.com\/shop\/"},{"@type":"ListItem","position":3,"name":"Face mask 150ml"}]},{"@type":"WebSite","@id":"https:\/\/falksale.com\/#website","url":"https:\/\/falksale.com\/","name":"FALKSALE","description":"","potentialAction":[{"@type":"SearchAction","target":{"@type":"EntryPoint","urlTemplate":"https:\/\/falksale.com\/?s={search_term_string}"},"query-input":{"@type":"PropertyValueSpecification","valueRequired":true,"valueName":"search_term_string"}}],"inLanguage":"et"}]}},"_links":{"self":[{"href":"https:\/\/falksale.com\/et\/wp-json\/wp\/v2\/product\/1158","targetHints":{"allow":["GET"]}}],"collection":[{"href":"https:\/\/falksale.com\/et\/wp-json\/wp\/v2\/product"}],"about":[{"href":"https:\/\/falksale.com\/et\/wp-json\/wp\/v2\/types\/product"}],"wp:featuredmedia":[{"embeddable":true,"href":"https:\/\/falksale.com\/et\/wp-json\/wp\/v2\/media\/1159"}],"wp:attachment":[{"href":"https:\/\/falksale.com\/et\/wp-json\/wp\/v2\/media?parent=1158"}],"wp:term":[{"taxonomy":"product_brand","embeddable":true,"href":"https:\/\/falksale.com\/et\/wp-json\/wp\/v2\/product_brand?post=1158"},{"taxonomy":"product_cat","embeddable":true,"href":"https:\/\/falksale.com\/et\/wp-json\/wp\/v2\/product_cat?post=1158"},{"taxonomy":"product_tag","embeddable":true,"href":"https:\/\/falksale.com\/et\/wp-json\/wp\/v2\/product_tag?post=1158"}],"curies":[{"name":"wp","href":"https:\/\/api.w.org\/{rel}","templated":true}]}}