{"id":1146,"date":"2025-03-10T06:53:08","date_gmt":"2025-03-10T06:53:08","guid":{"rendered":"https:\/\/falksale.com\/?post_type=product&#038;p=1146"},"modified":"2025-03-11T09:14:39","modified_gmt":"2025-03-11T09:14:39","slug":"hair-growth-shampoo-250ml","status":"publish","type":"product","link":"https:\/\/falksale.com\/et\/toode\/hair-growth-shampoo-250ml\/","title":{"rendered":"Juuksekasvu soodustav \u0161ampoon 250ml"},"content":{"rendered":"","protected":false},"excerpt":{"rendered":"<p>Saunakogemusest inspireeritud juuksekasvu turba\u0161ampoon \u00fchendab endas turba, biotiini, aloe vera ja argaania\u00f5li j\u00f5ud.<br \/>\nSee \u0161ampoon rahustab ja niisutab peanahka, stimuleerides samal ajal juuste kasvu ja andes toitaineid, mis muudavad teie juuksed tugevaks ja l\u00e4ikivaks.<\/p>","protected":false},"featured_media":1147,"template":"","meta":[],"product_brand":[],"product_cat":[33],"product_tag":[],"class_list":{"0":"post-1146","1":"product","2":"type-product","3":"status-publish","4":"has-post-thumbnail","6":"product_cat-wellness-products","8":"first","9":"instock","10":"taxable","11":"shipping-taxable","12":"purchasable","13":"product-type-simple"},"yoast_head":"<!-- This site is optimized with the Yoast SEO plugin v24.7 - https:\/\/yoast.com\/wordpress\/plugins\/seo\/ -->\n<title>Hair growth shampoo 250ml - FALKSALE<\/title>\n<meta name=\"robots\" content=\"index, follow, max-snippet:-1, max-image-preview:large, max-video-preview:-1\" \/>\n<link rel=\"canonical\" href=\"https:\/\/falksale.com\/et\/toode\/hair-growth-shampoo-250ml\/\" \/>\n<meta property=\"og:locale\" content=\"et_EE\" \/>\n<meta property=\"og:type\" content=\"article\" \/>\n<meta property=\"og:title\" content=\"Hair growth shampoo 250ml - FALKSALE\" \/>\n<meta property=\"og:description\" content=\"Hair Growth Peat Shampoo, inspired by the sauna experience, combines the power of peat, biotin, aloe vera, and argan oil. This shampoo soothes and hydrates the scalp while stimulating hair growth and delivering nutrients that leave your hair strong and shiny.\" \/>\n<meta property=\"og:url\" content=\"https:\/\/falksale.com\/et\/toode\/hair-growth-shampoo-250ml\/\" \/>\n<meta property=\"og:site_name\" content=\"FALKSALE\" \/>\n<meta property=\"article:modified_time\" content=\"2025-03-11T09:14:39+00:00\" \/>\n<meta property=\"og:image\" content=\"https:\/\/falksale.com\/wp-content\/uploads\/2025\/03\/Hair-growth-shampoo-250ml.jpg\" \/>\n\t<meta property=\"og:image:width\" content=\"2048\" \/>\n\t<meta property=\"og:image:height\" content=\"2048\" \/>\n\t<meta property=\"og:image:type\" content=\"image\/jpeg\" \/>\n<meta name=\"twitter:card\" content=\"summary_large_image\" \/>\n<meta name=\"twitter:label1\" content=\"Est. reading time\" \/>\n\t<meta name=\"twitter:data1\" content=\"1 minut\" \/>\n<script type=\"application\/ld+json\" class=\"yoast-schema-graph\">{\"@context\":\"https:\/\/schema.org\",\"@graph\":[{\"@type\":\"WebPage\",\"@id\":\"https:\/\/falksale.com\/product\/hair-growth-shampoo-250ml\/\",\"url\":\"https:\/\/falksale.com\/product\/hair-growth-shampoo-250ml\/\",\"name\":\"Hair growth shampoo 250ml - FALKSALE\",\"isPartOf\":{\"@id\":\"https:\/\/falksale.com\/#website\"},\"primaryImageOfPage\":{\"@id\":\"https:\/\/falksale.com\/product\/hair-growth-shampoo-250ml\/#primaryimage\"},\"image\":{\"@id\":\"https:\/\/falksale.com\/product\/hair-growth-shampoo-250ml\/#primaryimage\"},\"thumbnailUrl\":\"https:\/\/falksale.com\/wp-content\/uploads\/2025\/03\/Hair-growth-shampoo-250ml.jpg\",\"datePublished\":\"2025-03-10T06:53:08+00:00\",\"dateModified\":\"2025-03-11T09:14:39+00:00\",\"breadcrumb\":{\"@id\":\"https:\/\/falksale.com\/product\/hair-growth-shampoo-250ml\/#breadcrumb\"},\"inLanguage\":\"et\",\"potentialAction\":[{\"@type\":\"ReadAction\",\"target\":[\"https:\/\/falksale.com\/product\/hair-growth-shampoo-250ml\/\"]}]},{\"@type\":\"ImageObject\",\"inLanguage\":\"et\",\"@id\":\"https:\/\/falksale.com\/product\/hair-growth-shampoo-250ml\/#primaryimage\",\"url\":\"https:\/\/falksale.com\/wp-content\/uploads\/2025\/03\/Hair-growth-shampoo-250ml.jpg\",\"contentUrl\":\"https:\/\/falksale.com\/wp-content\/uploads\/2025\/03\/Hair-growth-shampoo-250ml.jpg\",\"width\":2048,\"height\":2048,\"caption\":\"Sauna wellness shampoo\"},{\"@type\":\"BreadcrumbList\",\"@id\":\"https:\/\/falksale.com\/product\/hair-growth-shampoo-250ml\/#breadcrumb\",\"itemListElement\":[{\"@type\":\"ListItem\",\"position\":1,\"name\":\"Home\",\"item\":\"https:\/\/falksale.com\/\"},{\"@type\":\"ListItem\",\"position\":2,\"name\":\"Shop\",\"item\":\"https:\/\/falksale.com\/shop\/\"},{\"@type\":\"ListItem\",\"position\":3,\"name\":\"Hair growth shampoo 250ml\"}]},{\"@type\":\"WebSite\",\"@id\":\"https:\/\/falksale.com\/#website\",\"url\":\"https:\/\/falksale.com\/\",\"name\":\"FALKSALE\",\"description\":\"\",\"potentialAction\":[{\"@type\":\"SearchAction\",\"target\":{\"@type\":\"EntryPoint\",\"urlTemplate\":\"https:\/\/falksale.com\/?s={search_term_string}\"},\"query-input\":{\"@type\":\"PropertyValueSpecification\",\"valueRequired\":true,\"valueName\":\"search_term_string\"}}],\"inLanguage\":\"et\"}]}<\/script>\n<!-- \/ Yoast SEO plugin. -->","yoast_head_json":{"title":"Hair growth shampoo 250ml - FALKSALE","robots":{"index":"index","follow":"follow","max-snippet":"max-snippet:-1","max-image-preview":"max-image-preview:large","max-video-preview":"max-video-preview:-1"},"canonical":"https:\/\/falksale.com\/et\/toode\/hair-growth-shampoo-250ml\/","og_locale":"et_EE","og_type":"article","og_title":"Hair growth shampoo 250ml - FALKSALE","og_description":"Hair Growth Peat Shampoo, inspired by the sauna experience, combines the power of peat, biotin, aloe vera, and argan oil. This shampoo soothes and hydrates the scalp while stimulating hair growth and delivering nutrients that leave your hair strong and shiny.","og_url":"https:\/\/falksale.com\/et\/toode\/hair-growth-shampoo-250ml\/","og_site_name":"FALKSALE","article_modified_time":"2025-03-11T09:14:39+00:00","og_image":[{"width":2048,"height":2048,"url":"https:\/\/falksale.com\/wp-content\/uploads\/2025\/03\/Hair-growth-shampoo-250ml.jpg","type":"image\/jpeg"}],"twitter_card":"summary_large_image","twitter_misc":{"Est. reading time":"1 minut"},"schema":{"@context":"https:\/\/schema.org","@graph":[{"@type":"WebPage","@id":"https:\/\/falksale.com\/product\/hair-growth-shampoo-250ml\/","url":"https:\/\/falksale.com\/product\/hair-growth-shampoo-250ml\/","name":"Hair growth shampoo 250ml - FALKSALE","isPartOf":{"@id":"https:\/\/falksale.com\/#website"},"primaryImageOfPage":{"@id":"https:\/\/falksale.com\/product\/hair-growth-shampoo-250ml\/#primaryimage"},"image":{"@id":"https:\/\/falksale.com\/product\/hair-growth-shampoo-250ml\/#primaryimage"},"thumbnailUrl":"https:\/\/falksale.com\/wp-content\/uploads\/2025\/03\/Hair-growth-shampoo-250ml.jpg","datePublished":"2025-03-10T06:53:08+00:00","dateModified":"2025-03-11T09:14:39+00:00","breadcrumb":{"@id":"https:\/\/falksale.com\/product\/hair-growth-shampoo-250ml\/#breadcrumb"},"inLanguage":"et","potentialAction":[{"@type":"ReadAction","target":["https:\/\/falksale.com\/product\/hair-growth-shampoo-250ml\/"]}]},{"@type":"ImageObject","inLanguage":"et","@id":"https:\/\/falksale.com\/product\/hair-growth-shampoo-250ml\/#primaryimage","url":"https:\/\/falksale.com\/wp-content\/uploads\/2025\/03\/Hair-growth-shampoo-250ml.jpg","contentUrl":"https:\/\/falksale.com\/wp-content\/uploads\/2025\/03\/Hair-growth-shampoo-250ml.jpg","width":2048,"height":2048,"caption":"Sauna wellness shampoo"},{"@type":"BreadcrumbList","@id":"https:\/\/falksale.com\/product\/hair-growth-shampoo-250ml\/#breadcrumb","itemListElement":[{"@type":"ListItem","position":1,"name":"Home","item":"https:\/\/falksale.com\/"},{"@type":"ListItem","position":2,"name":"Shop","item":"https:\/\/falksale.com\/shop\/"},{"@type":"ListItem","position":3,"name":"Hair growth shampoo 250ml"}]},{"@type":"WebSite","@id":"https:\/\/falksale.com\/#website","url":"https:\/\/falksale.com\/","name":"FALKSALE","description":"","potentialAction":[{"@type":"SearchAction","target":{"@type":"EntryPoint","urlTemplate":"https:\/\/falksale.com\/?s={search_term_string}"},"query-input":{"@type":"PropertyValueSpecification","valueRequired":true,"valueName":"search_term_string"}}],"inLanguage":"et"}]}},"_links":{"self":[{"href":"https:\/\/falksale.com\/et\/wp-json\/wp\/v2\/product\/1146","targetHints":{"allow":["GET"]}}],"collection":[{"href":"https:\/\/falksale.com\/et\/wp-json\/wp\/v2\/product"}],"about":[{"href":"https:\/\/falksale.com\/et\/wp-json\/wp\/v2\/types\/product"}],"wp:featuredmedia":[{"embeddable":true,"href":"https:\/\/falksale.com\/et\/wp-json\/wp\/v2\/media\/1147"}],"wp:attachment":[{"href":"https:\/\/falksale.com\/et\/wp-json\/wp\/v2\/media?parent=1146"}],"wp:term":[{"taxonomy":"product_brand","embeddable":true,"href":"https:\/\/falksale.com\/et\/wp-json\/wp\/v2\/product_brand?post=1146"},{"taxonomy":"product_cat","embeddable":true,"href":"https:\/\/falksale.com\/et\/wp-json\/wp\/v2\/product_cat?post=1146"},{"taxonomy":"product_tag","embeddable":true,"href":"https:\/\/falksale.com\/et\/wp-json\/wp\/v2\/product_tag?post=1146"}],"curies":[{"name":"wp","href":"https:\/\/api.w.org\/{rel}","templated":true}]}}