{"id":3,"date":"2025-02-11T20:11:32","date_gmt":"2025-02-11T20:11:32","guid":{"rendered":"https:\/\/falksale.com\/?page_id=3"},"modified":"2025-02-17T14:41:16","modified_gmt":"2025-02-17T14:41:16","slug":"privacy-policy","status":"publish","type":"page","link":"https:\/\/falksale.com\/et\/privacy-policy\/","title":{"rendered":"Privaatsuspoliitika"},"content":{"rendered":"<div data-elementor-type=\"wp-page\" data-elementor-id=\"3\" class=\"elementor elementor-3\">\n\t\t\t\t<div class=\"elementor-element elementor-element-bc6fc62 e-flex e-con-boxed e-con e-parent\" data-id=\"bc6fc62\" data-element_type=\"container\">\n\t\t\t\t\t<div class=\"e-con-inner\">\n\t\t\t\t<div class=\"elementor-element elementor-element-f0b8728 elementor-widget elementor-widget-heading\" data-id=\"f0b8728\" data-element_type=\"widget\" data-widget_type=\"heading.default\">\n\t\t\t\t<div class=\"elementor-widget-container\">\n\t\t\t\t\t<h2 class=\"elementor-heading-title elementor-size-default\">Privaatsuspoliitika<\/h2>\t\t\t\t<\/div>\n\t\t\t\t<\/div>\n\t\t\t\t<div class=\"elementor-element elementor-element-3d5d0a7 elementor-widget elementor-widget-text-editor\" data-id=\"3d5d0a7\" data-element_type=\"widget\" data-widget_type=\"text-editor.default\">\n\t\t\t\t<div class=\"elementor-widget-container\"><p class=\"wp-block-heading\">FALKSALE veebipoe jaoks on oluline Teie privaatsus ja j\u00e4rgida k\u00f5iki kehtivaid seadusi ja m\u00e4\u00e4rusi mis tahes isikuandmete kohta, mida v\u00f5ime Teie kohta koguda, kui k\u00fclastate meie veebilehte falksale.com. Meie veebisaiti kasutades n\u00f5ustute, et kogume ja kasutame Teie andmeid vastavalt k\u00e4esolevale privaatsuspoliitikale.<\/p>\n<p>K\u00e4esoleva privaatsuspoliitikaga soovime Teile selgitada, milliseid andmeid me kogume, kuidas neid kasutame ja millised on Teie \u00f5igused oma andmete kaitsmiseks. Poliis rakendub ainult meie veebilehele ja selle k\u00fclastajatele ning ei rakendu andmetele, mida kogutakse muude kanalite kaudu.<\/p>\n<p><strong>Andmete t\u00f6\u00f6tleja<\/strong><br \/>Teie andmete t\u00f6\u00f6tlemise eest vastutatav on:<br \/><strong>STFALK O\u00dc<\/strong><br \/>Ettev\u00f5tte reg. number: 16015392<br \/>E-mail:\u00a0<a href=\"mailto:info@falksale.com\">info@falksale.com<\/a><br \/>Telefoni number: 55669794<\/p>\n<p>Kogume ja t\u00f6\u00f6tleme teavet koosk\u00f5las Euroopa Liidu \u00fcldise andmekaitse m\u00e4\u00e4rusega (GDPR), mis j\u00f5ustus 25.05.2018.<\/p>\n<h4 class=\"wp-block-heading\">Andmete kogumine ja kasutamine<\/h4><p><strong>Milliseid andmeid me kogume<\/strong><\/p>\n<p>Kogutav teave h\u00f5lmab nii teavet, mida Te meile teadlikult ja aktiivselt edastate meie teenuste v\u00f5i kampaaniate kasutamisel v\u00f5i nendes osalemisel, kui ka kogu teavet, mille Teie seadmed saadavad meie toodetele ja teenustele juurde p\u00e4\u00e4semisel.\n\nMeie poolt kogutavad andmed sisaldavad endas teavet, mida olete meie teenuste v\u00f5i kampaaniate kasutamisel meile teadlikult jaganud ning teavet, mida Teie seadmed meile automaatselt edastavad.<\/p>\n<p>Teie isiklikud andmed v\u00f5ivad j\u00f5uda meieni j\u00e4rgmistel viisidel:<\/p>\n<ul class=\"wp-block-list\">\n<li>Kui teete tellimuse falksale.com e-poes<\/li>\n<li>Kui registreerite end falksale.com e-poe kasutajaks<\/li>\n<li>Kui kontakteerute meiega telefoni, e-posti v\u00f5i online vestluse kaudu<\/li>\n<li>Kui ostate toote j\u00e4relmaksuga ja s\u00f5lmite liisingulepingu<\/li>\n<li>Kui sirvite veebilehte falksale.com<\/li>\n<li>Kui esitate isiklikke andmeid teise isiku kohta, kes kauba vastu v\u00f5tab<\/li>\n<li>Kui teete makseid kasutades e-panka v\u00f5i muud elektroonilist maksemeetodit<\/li>\n<li>Kui Te kommenteerite, laigite v\u00f5i jagate m\u00f5nda postitust meie sotsiaalmeedia kontol<\/li>\n<li>Kui liitute meie uudiskirjaga<\/li>\n<li>Kui kommenteerite meie veebilehel olevaid postitusi<\/li>\n<\/ul>\n<h4 class=\"wp-block-heading\">Kogutavad andmet\u00fc\u00fcbid<\/h4>\n<p><\/p>\n<p><strong>Isikuandmed<\/strong><\/p>\n<p>K\u00fcsime Teilt isiklikku informatsiooni ainult siis, kui see on vajalik Teile teenuse osutamiseks. V\u00f5ttes meiega \u00fchendust v\u00f5i k\u00fclastades meie veebilehte, on v\u00f5imalik, et jagate meiega j\u00e4rgnevat teavet:<\/p>\n<ul class=\"wp-block-list\">\n<li>Ees- ja perekonnanimi<\/li>\n<li>E-posti aadress<\/li>\n<li>Postiaadress, riik, maakond, linn<\/li>\n<li>Telefoninumber<\/li>\n<li>Teie ostuajalugu ja tegevus meie e-poes<\/li>\n<li>Teie ja meie vaheline vestlusajalugu<\/li>\n<li>Informatsioon Teie veebibrauseri ja IP-aadressi kohta<\/li>\n<\/ul>\n<p><strong><br \/>Logifailid<\/strong><\/p>\n<p>Meie veebileht falksale.com salvestab oma k\u00fclastajate kohta logifaile. Kogutava teabe hulka v\u00f5ib kuuluda:<\/p>\n<ul class=\"wp-block-list\">\n<li>Kasutatava seadme t\u00fc\u00fcp<\/li>\n<li>Interneti-protokolli (IP) aadress<\/li>\n<li>brauseri t\u00fc\u00fcp<\/li>\n<li>Internetiteenuse pakkuja (ISP)<\/li>\n<li>Veebilehe k\u00fclastamise kuup\u00e4ev ja kellaaeg<\/li>\n<li>Sisenemis- ja v\u00e4ljumisleht veebilehel tehtavate klikkide arv<\/li>\n<\/ul>\n<p>Logifailides olevat informatsiooni kasutatakse trendide anal\u00fc\u00fcsimiseks, veebilehe administreerimiseks, lehe k\u00fclastajate tegevuste j\u00e4lgimiseks ning demograafilise info kogumiseks. Saadud teabe ei ole m\u00f5eldud, ega v\u00f5imaldagi isikut identifitseerida.<\/p>\n<h4>K\u00fcpsised<\/h4>\n<p>Nagu enamus veebilehti, kasutab ka falksale.com \"k\u00fcpsiseid\". K\u00fcpsis on sisuliselt tekstifail, mis salvestatakse veebisaidi k\u00fclastamisel kasutaja seadmesse. K\u00fcpsiste abil m\u00e4\u00e4ratakse ja salvestatakse eelistused, regionaalsed s\u00e4tted, teenuste kasutamise valikud jpm.<\/p>\n<p>Soovi korral v\u00f5ite brauseri seadistuses \u00e4ra keelata k\u00fcpsiste kasutamise, kuid sel juhul on v\u00f5imalik, et Teile pakutav teenus on h\u00e4iritud.<\/p>\n<p>K\u00fcpsised jaotuvad p\u00fcsi- ja sessioonik\u00fcpsisteks.<\/p>\n<ul class=\"wp-block-list\">\n<li><strong>Vajalikud k\u00fcpsised:<\/strong>\u00a0Sessioonik\u00fcpsised, mille eesm\u00e4rgiks on v\u00f5imaldada Teile meie veebisaidil pakutavate teenuste kasutamist. Need k\u00fcpsised aitavad kasutajaid autentida ja v\u00e4ltida kasutajakontode pahatahtlikku kasutamist. Ilma nende k\u00fcpsisteta ei saa me Teile soovitud teenuseid pakkuda.<\/li>\n<li><strong>Teavitusk\u00fcpsised:<\/strong>\u00a0Need k\u00fcpsised tuvastavad, kas kasutajad on veebisaidil k\u00fcpsiste kasutamist aktsepteerinud.<\/li>\n<li><strong>Funktsionaalsuse k\u00fcpsised:<\/strong> Need k\u00fcpsised v\u00f5imaldavad Teie brauseril meeles pidada valikuid, mida teete veebisaidi kasutamisel, n\u00e4iteks Teie sisselogimisandmete v\u00f5i keele-eelistuste salvestamine. Nende k\u00fcpsiste eesm\u00e4rk on pakkuda Teile personaalsemat kogemust ja v\u00e4ltida eelistuste uuesti sisestamist.<\/li>\n<\/ul>\n<h4 class=\"wp-block-heading\">Kuidas me andmeid kasutame<\/h4>\n<p>Kogutud informatsiooni v\u00f5ime kasutada erinevatel eesm\u00e4rkidel, sealhulgas:<\/p>\n<ul class=\"wp-block-list\">\n<li>Meie veebilehe hooldamiseks, haldamiseks, arendamiseks, personaliseerimiseks ja laiendamiseks<\/li>\n<li>Statistika kogumiseks, et saaksime pakkuda paremaid teenuseid ja\/v\u00f5i pakkumisi ning m\u00f5ista ja anal\u00fc\u00fcsida meie veebilehe k\u00fclastajate k\u00e4itumist<\/li>\n<li>Teie tuvastamiseks telefoni, s\u00f5numi v\u00f5i e-posti teel<\/li>\n<li>Teile informatsiooni saatmisel ja meie teenuste kohta tagasiside palumisel<\/li>\n<li>Pettuste v\u00e4ltimiseks ja meie veebilehe kaitsmiseks<\/li>\n<li>V\u00f5imaldamaks meil Teiega \u00fchenduses olla sotsiaalmeedia konto kaudu<\/li>\n<li>Vestlusajaloo lugemise v\u00f5imaldamiseks, et kiirendada asjakohase n\u00f5u andmist<\/li>\n<li>Eesm\u00e4rgiga parandada meie teenuse kvaliteeti ja pakkuda t\u00f5husamaid sirvimislahendusi<\/li>\n<li>Et arendada uusi uusi tooteid, teenuseid v\u00f5i parandada nende funktsionaalsust<\/li>\n<li>Kauba saatmiseks\/k\u00e4ttetoimetamiseks, tellimuste t\u00f6\u00f6tlemiseks, arvete vormistamiseks, pangalingi kaudu tellimiseks ja Teie tellimuse kinnitamiseks v\u00f5i raha tagastamiseks<\/li>\n<li>Teie eelnevaid tellimusi arvesse v\u00f5ttes Teile huvi pakkuda v\u00f5ivate toodete ja teenuste pakkumine<\/li>\n<li>Meievaheliste interaktsioonide lihtsustamiseks ja kiirendamiseks, kui v\u00f5tate meiega \u00fchendust<\/li>\n<li>Muudel eesm\u00e4rkidel. N\u00e4iteks andmete anal\u00fc\u00fcsimiseks, trendide uurimiseks, meie reklaamikampaaniate t\u00f5hususe hindamiseks.<\/li>\n<\/ul>\n<h4 class=\"wp-block-heading\">Millistel juhtudel on v\u00f5imalik, et jagame Teie andmeid<\/h4>\n<ul class=\"wp-block-list\">\n<li><strong>\u00c4ritehingud<\/strong>\u00a0V\u00f5ime jagada v\u00f5i edastada Teie isikuandmeid seoses meie ettev\u00f5tte omanike vahetuse, \u00fchinemise, varade m\u00fc\u00fcgi, finantseerimise v\u00f5i omandamise k\u00e4igus. Teavitame Teid Teie isikuandmete edastamisest ja sellest, kui neile hakkavad kehtima m\u00f5ne teise privaatsuspoliitika s\u00e4tted.<\/li>\n<li><strong>Sidusettev\u00f5tted<\/strong>\u00a0V\u00f5ime jagada Teie andmeid oma partnerettev\u00f5tetega, n\u00f5udes neilt k\u00e4esoleva privaatsuspoliitika j\u00e4rgimist. Partnerettev\u00f5tete hulka kuuluvad meie ema- ja t\u00fctarettev\u00f5tted, \u00fchisettev\u00f5tte partnerid v\u00f5i ettev\u00f5tted, mis kuuluvad meile.<\/li>\n<li><strong>\u00c4ripartnerid:<\/strong>\u00a0V\u00f5ime jagada Teie andmeid oma \u00e4ripartneritega, et pakkuda Teile teatud tooteid, teenuseid v\u00f5i kampaaniaid.<\/li>\n<li><strong>Teie n\u00f5usolekul:<\/strong>\u00a0V\u00f5ime Teie n\u00f5usolekul avaldada Teie isikuandmeid mis tahes muul eesm\u00e4rgil.<\/li>\n<li><strong>Seaduslik kohustus:<\/strong>\u00a0Oleme kohustatud Teie isikuandmed avaldama, kui seda n\u00f5uab seadus. Heas usus v\u00f5ime avaldada ka Teie andmeid, et j\u00e4rgida seadusest tulenevat kohustust, kaitsta meie \u00f5igusi v\u00f5i omandit, ennetada v\u00f5i tuvastada v\u00f5imalikke meie teenuse kasutamisega seonduvaid \u00f5igusrikkumisi ja tagada teenuse kasutajate turvalisus.<\/li>\n<\/ul>\n<h4 class=\"wp-block-heading\">Teie isikuandmete s\u00e4ilitamine<\/h4>\n<p>Ettev\u00f5te s\u00e4ilitab Teie isikuandmeid ainult seni, kuni see on vajalik k\u00e4esolevas privaatsuspoliitikas s\u00e4testatud eesm\u00e4rkidel. S\u00e4ilitame ja kasutame Teie isikuandmeid ulatuses, mis on vajalik meie juriidiliste kohustuste t\u00e4itmiseks (n\u00e4iteks kui peame Teie andmeid s\u00e4ilitama kehtivate seaduste j\u00e4rgimiseks), vaidluste lahendamiseks ning meie juriidiliste lepingute ja eeskirjade j\u00f5ustamiseks.<\/p>\n<p>Ettev\u00f5te s\u00e4ilitab logifaile ka siseanal\u00fc\u00fcsi eesm\u00e4rgil. Logifaile s\u00e4ilitatakse tavaliselt l\u00fchemat aega, v\u00e4lja arvatud juhul, kui neid andmeid kasutatakse turvalisuse tugevdamiseks v\u00f5i meie teenuse funktsionaalsuse parandamiseks v\u00f5i kui me oleme seadusega kohustatud neid andmeid pikemaks ajaks s\u00e4ilitama.<\/p>\n<h4 class=\"wp-block-heading\">Laste andmete t\u00f6\u00f6tlemine<\/h4>\n<p>\u00dckski meie toode v\u00f5i teenus ei ole suunatud alla 13-aastastele lastele ja me ei kogu teadlikult alla 13-aastaste laste andmeid. Kahtluse korral, et t\u00f6\u00f6tleme alla 13-aastase isiku andmeid, eemaldame selle isiku k\u00f5igist meie andmebaasidest.<\/p>\n<h4 class=\"wp-block-heading\">Teie \u00f5igused oma andmete kaitsmiseks<\/h4>\n<p>Teil on alati \u00f5igus oma andmeid meiega mitte jagada, teadmisega, et see v\u00f5ib m\u00f5jutada Teie kogemust meie veebisaidil.<\/p>\n<p>Teil on \u00f5igus:<\/p>\n<ul class=\"wp-block-list\">\n<li>Taotleda teavet selle kohta, milliseid andmeid me sinu kohta kogume.<\/li>\n<li>Taotleda ebat\u00e4pse, aegunud, puuduliku v\u00f5i eksitava andmete parandamist.<\/li>\n<li>Taotleda oma isikuandmete kustutamist teatud tingimustel.<\/li>\n<li>Piirata oma isikuandmete t\u00f6\u00f6tlemist teatud tingimustel.<\/li>\n<li>Esitada vastuv\u00e4iteid oma isikuandmete kasutamisele teatud tingimustel.<\/li>\n<li>Taotleda andmete \u00fclekantavust teatud tingimustel.<\/li>\n<\/ul>\n<h4 class=\"wp-block-heading\">Andmete turvalisus<\/h4>\n<p>Me rakendame m\u00f5istlikke meetmeid, et tagada sinu andmete turvaline t\u00f6\u00f6tlemine vastavalt k\u00e4esolevale privaatsuspoliitikale ja Eesti seadustele. Siiski ei ole \u00fckski veebiedastus ega elektrooniline salvestusmeetod 100% turvaline.<\/p>\n<h4 class=\"wp-block-heading\">Kolmandate osapoolte veebisaidid<\/h4>\n<p>Meie veebisait v\u00f5ib sisaldada linke kolmandate osapoolte veebisaitidele. Soovitame tungivalt tutvuda k\u00fclastatavate saitide privaatsuspoliitikaga, kuna meil ei ole kontrolli nende \u00fcle.<\/p>\n<h4 class=\"wp-block-heading\">Privaatsuspoliitika uuendused<\/h4>\n<p>Meil on \u00f5igus seda privaatsuspoliitikat vajadusel uuendada. Viimase uuenduse kuup\u00e4ev kuvatakse selle dokumendi allosas. Meie veebisaidi edasine kasutamine p\u00e4rast muudatusi t\u00e4hendab, et n\u00f5ustud uuendustega.<\/p>\n<ul class=\"wp-block-list\"><\/ul>\n<!-- \/wp:list --><!-- wp:paragraph --><!-- \/wp:paragraph -->\t\t\t\t\t\t\t\t<\/div>\n\t\t\t\t<\/div>\n\t\t\t\t\t<\/div>\n\t\t\t\t<\/div>\t\t<\/div>","protected":false},"excerpt":{"rendered":"<p>Privacy Policy FALKSALE\u2019s online store values your privacy and adheres to all applicable laws and regulations regarding any personal data we may collect about you when you visit our website, falksale.com. By using our website, you agree to the collection and use of your data in accordance with this privacy policy. This privacy policy aims [&hellip;]<\/p>","protected":false},"author":1,"featured_media":0,"parent":0,"menu_order":0,"comment_status":"closed","ping_status":"open","template":"","meta":{"footnotes":""},"class_list":["post-3","page","type-page","status-publish","hentry"],"yoast_head":"<!-- This site is optimized with the Yoast SEO plugin v24.7 - https:\/\/yoast.com\/wordpress\/plugins\/seo\/ -->\n<title>Privacy Policy - FALKSALE<\/title>\n<meta name=\"robots\" content=\"index, follow, max-snippet:-1, max-image-preview:large, max-video-preview:-1\" \/>\n<link rel=\"canonical\" href=\"https:\/\/falksale.com\/et\/privacy-policy\/\" \/>\n<meta property=\"og:locale\" content=\"et_EE\" \/>\n<meta property=\"og:type\" content=\"article\" \/>\n<meta property=\"og:title\" content=\"Privacy Policy - FALKSALE\" \/>\n<meta property=\"og:description\" content=\"Privacy Policy FALKSALE\u2019s online store values your privacy and adheres to all applicable laws and regulations regarding any personal data we may collect about you when you visit our website, falksale.com. By using our website, you agree to the collection and use of your data in accordance with this privacy policy. This privacy policy aims [&hellip;]\" \/>\n<meta property=\"og:url\" content=\"https:\/\/falksale.com\/et\/privacy-policy\/\" \/>\n<meta property=\"og:site_name\" content=\"FALKSALE\" \/>\n<meta property=\"article:modified_time\" content=\"2025-02-17T14:41:16+00:00\" \/>\n<meta name=\"twitter:card\" content=\"summary_large_image\" \/>\n<meta name=\"twitter:label1\" content=\"Est. reading time\" \/>\n\t<meta name=\"twitter:data1\" content=\"6 minutit\" \/>\n<script type=\"application\/ld+json\" class=\"yoast-schema-graph\">{\"@context\":\"https:\/\/schema.org\",\"@graph\":[{\"@type\":\"WebPage\",\"@id\":\"https:\/\/falksale.com\/privacy-policy\/\",\"url\":\"https:\/\/falksale.com\/privacy-policy\/\",\"name\":\"Privacy Policy - FALKSALE\",\"isPartOf\":{\"@id\":\"https:\/\/falksale.com\/#website\"},\"datePublished\":\"2025-02-11T20:11:32+00:00\",\"dateModified\":\"2025-02-17T14:41:16+00:00\",\"breadcrumb\":{\"@id\":\"https:\/\/falksale.com\/privacy-policy\/#breadcrumb\"},\"inLanguage\":\"et\",\"potentialAction\":[{\"@type\":\"ReadAction\",\"target\":[\"https:\/\/falksale.com\/privacy-policy\/\"]}]},{\"@type\":\"BreadcrumbList\",\"@id\":\"https:\/\/falksale.com\/privacy-policy\/#breadcrumb\",\"itemListElement\":[{\"@type\":\"ListItem\",\"position\":1,\"name\":\"Home\",\"item\":\"https:\/\/falksale.com\/\"},{\"@type\":\"ListItem\",\"position\":2,\"name\":\"Privacy Policy\"}]},{\"@type\":\"WebSite\",\"@id\":\"https:\/\/falksale.com\/#website\",\"url\":\"https:\/\/falksale.com\/\",\"name\":\"FALKSALE\",\"description\":\"\",\"potentialAction\":[{\"@type\":\"SearchAction\",\"target\":{\"@type\":\"EntryPoint\",\"urlTemplate\":\"https:\/\/falksale.com\/?s={search_term_string}\"},\"query-input\":{\"@type\":\"PropertyValueSpecification\",\"valueRequired\":true,\"valueName\":\"search_term_string\"}}],\"inLanguage\":\"et\"}]}<\/script>\n<!-- \/ Yoast SEO plugin. -->","yoast_head_json":{"title":"Privacy Policy - FALKSALE","robots":{"index":"index","follow":"follow","max-snippet":"max-snippet:-1","max-image-preview":"max-image-preview:large","max-video-preview":"max-video-preview:-1"},"canonical":"https:\/\/falksale.com\/et\/privacy-policy\/","og_locale":"et_EE","og_type":"article","og_title":"Privacy Policy - FALKSALE","og_description":"Privacy Policy FALKSALE\u2019s online store values your privacy and adheres to all applicable laws and regulations regarding any personal data we may collect about you when you visit our website, falksale.com. By using our website, you agree to the collection and use of your data in accordance with this privacy policy. This privacy policy aims [&hellip;]","og_url":"https:\/\/falksale.com\/et\/privacy-policy\/","og_site_name":"FALKSALE","article_modified_time":"2025-02-17T14:41:16+00:00","twitter_card":"summary_large_image","twitter_misc":{"Est. reading time":"6 minutit"},"schema":{"@context":"https:\/\/schema.org","@graph":[{"@type":"WebPage","@id":"https:\/\/falksale.com\/privacy-policy\/","url":"https:\/\/falksale.com\/privacy-policy\/","name":"Privacy Policy - FALKSALE","isPartOf":{"@id":"https:\/\/falksale.com\/#website"},"datePublished":"2025-02-11T20:11:32+00:00","dateModified":"2025-02-17T14:41:16+00:00","breadcrumb":{"@id":"https:\/\/falksale.com\/privacy-policy\/#breadcrumb"},"inLanguage":"et","potentialAction":[{"@type":"ReadAction","target":["https:\/\/falksale.com\/privacy-policy\/"]}]},{"@type":"BreadcrumbList","@id":"https:\/\/falksale.com\/privacy-policy\/#breadcrumb","itemListElement":[{"@type":"ListItem","position":1,"name":"Home","item":"https:\/\/falksale.com\/"},{"@type":"ListItem","position":2,"name":"Privacy Policy"}]},{"@type":"WebSite","@id":"https:\/\/falksale.com\/#website","url":"https:\/\/falksale.com\/","name":"FALKSALE","description":"","potentialAction":[{"@type":"SearchAction","target":{"@type":"EntryPoint","urlTemplate":"https:\/\/falksale.com\/?s={search_term_string}"},"query-input":{"@type":"PropertyValueSpecification","valueRequired":true,"valueName":"search_term_string"}}],"inLanguage":"et"}]}},"_links":{"self":[{"href":"https:\/\/falksale.com\/et\/wp-json\/wp\/v2\/pages\/3","targetHints":{"allow":["GET"]}}],"collection":[{"href":"https:\/\/falksale.com\/et\/wp-json\/wp\/v2\/pages"}],"about":[{"href":"https:\/\/falksale.com\/et\/wp-json\/wp\/v2\/types\/page"}],"author":[{"embeddable":true,"href":"https:\/\/falksale.com\/et\/wp-json\/wp\/v2\/users\/1"}],"replies":[{"embeddable":true,"href":"https:\/\/falksale.com\/et\/wp-json\/wp\/v2\/comments?post=3"}],"version-history":[{"count":7,"href":"https:\/\/falksale.com\/et\/wp-json\/wp\/v2\/pages\/3\/revisions"}],"predecessor-version":[{"id":486,"href":"https:\/\/falksale.com\/et\/wp-json\/wp\/v2\/pages\/3\/revisions\/486"}],"wp:attachment":[{"href":"https:\/\/falksale.com\/et\/wp-json\/wp\/v2\/media?parent=3"}],"curies":[{"name":"wp","href":"https:\/\/api.w.org\/{rel}","templated":true}]}}